{"id":100833,"date":"2022-11-01T03:20:17","date_gmt":"2022-11-01T03:20:17","guid":{"rendered":"https:\/\/casadagrela.com\/la-maison\/"},"modified":"2026-01-07T10:04:32","modified_gmt":"2026-01-07T09:04:32","slug":"la-maison","status":"publish","type":"page","link":"https:\/\/casadagrela.com\/es\/la-maison\/","title":{"rendered":"La maison"},"content":{"rendered":"<p>[et_pb_section fb_built=\u00bb1&#8243; _builder_version=\u00bb4.18.0&#8243; _module_preset=\u00bbdefault\u00bb background_color=\u00bbgcid-77cac542-5d8b-49cc-a7ee-2a084150afcc\u00bb background_enable_image=\u00bboff\u00bb background_size=\u00bbinitial\u00bb background_position=\u00bbcenter_left\u00bb custom_padding=\u00bb0px||0px||true|false\u00bb global_colors_info=\u00bb{%22gcid-77cac542-5d8b-49cc-a7ee-2a084150afcc%22:%91%22background_color%22%93}\u00bb][et_pb_row column_structure=\u00bb1_2,1_2&#8243; make_equal=\u00bbon\u00bb _builder_version=\u00bb4.27.4&#8243; _module_preset=\u00bbdefault\u00bb width=\u00bb100%\u00bb max_width=\u00bb100%\u00bb custom_padding=\u00bb0px||0px||true|false\u00bb global_colors_info=\u00bb{}\u00bb][et_pb_column type=\u00bb1_2&#8243; _builder_version=\u00bb4.27.4&#8243; _module_preset=\u00bbdefault\u00bb background_color=\u00bbgcid-607914a3-c41a-4c2b-b049-2b6741356977&#8243; background_image=\u00bbhttps:\/\/casadagrela.com\/wp-content\/uploads\/2024\/12\/IMG_20240126_164623-scaled.jpg\u00bb parallax=\u00bbon\u00bb custom_padding=\u00bb75px|75px|40px|75px|false|true\u00bb custom_padding_tablet=\u00bb75px|75px|75px|75px|true|true\u00bb custom_padding_phone=\u00bb35px|35px|35px|35px|true|true\u00bb custom_padding_last_edited=\u00bbon|phone\u00bb global_colors_info=\u00bb{%22gcid-607914a3-c41a-4c2b-b049-2b6741356977%22:%91%22background_color%22%93}\u00bb][\/et_pb_column][et_pb_column type=\u00bb1_2&#8243; module_class=\u00bbhero-column-2&#8243; _builder_version=\u00bb4.18.0&#8243; _module_preset=\u00bbdefault\u00bb custom_padding=\u00bb120px||100px||false|false\u00bb custom_padding_tablet=\u00bb75px|75px|75px|75px|false|false\u00bb custom_padding_phone=\u00bb35px|35px|35px|35px|false|false\u00bb custom_padding_last_edited=\u00bbon|desktop\u00bb global_colors_info=\u00bb{}\u00bb][et_pb_text module_class=\u00bbclara-title title-desc-600&#8243; _builder_version=\u00bb4.27.4&#8243; _module_preset=\u00bbdefault\u00bb width=\u00bb600px\u00bb width_tablet=\u00bb100%\u00bb width_phone=\u00bb100%\u00bb width_last_edited=\u00bbon|tablet\u00bb custom_margin=\u00bb||41px|||\u00bb header_font_size_tablet=\u00bb\u00bb header_font_size_phone=\u00bb28px\u00bb header_font_size_last_edited=\u00bbon|phone\u00bb global_colors_info=\u00bb{}\u00bb]<\/p>\n<h1>Casa d&#8217;Agrela: su historia<\/h1>\n<p>[\/et_pb_text][et_pb_text module_class=\u00bbtitle-desc-600&#8243; _builder_version=\u00bb4.27.4&#8243; _module_preset=\u00bbdefault\u00bb width=\u00bb600px\u00bb width_tablet=\u00bb100%\u00bb width_phone=\u00bb100%\u00bb width_last_edited=\u00bbon|tablet\u00bb custom_margin=\u00bb||30px||false|false\u00bb global_colors_info=\u00bb{}\u00bb]<\/p>\n<p><strong>Casa d&#8217;Agrela<\/strong> es una antigua mas\u00eda de piedra t\u00edpica del norte de Portugal. Situada en el coraz\u00f3n del pueblo de Afife, en la regi\u00f3n del Mi\u00f1o, data de principios del siglo XVIII. Est\u00e1 rodeada de vegetaci\u00f3n y peque\u00f1as monta\u00f1as atravesadas por cursos de agua naturales y se encuentra a 10 minutos a pie de una magn\u00edfica playa y sus dunas de arena fina, frente al Oc\u00e9ano Atl\u00e1ntico.<\/p>\n<p>Este edificio pertenece a Susana y ha sido transmitido de generaci\u00f3n en generaci\u00f3n en su familia desde su construcci\u00f3n en 1705.<\/p>\n<p>[\/et_pb_text][et_pb_toggle title=\u00bbM\u00e1s informaci\u00f3n\u00bb open_toggle_text_color=\u00bbgcid-1b78aa34-1fc7-47b1-8c8b-84d89ef44e83&#8243; open_toggle_background_color=\u00bb#FFFFFF\u00bb closed_toggle_background_color=\u00bb#FFFFFF\u00bb icon_color=\u00bbgcid-607914a3-c41a-4c2b-b049-2b6741356977&#8243; use_icon_font_size=\u00bbon\u00bb icon_font_size=\u00bb20px\u00bb open_icon_color=\u00bbgcid-607914a3-c41a-4c2b-b049-2b6741356977&#8243; open_use_icon_font_size=\u00bbon\u00bb open_icon_font_size=\u00bb20px\u00bb _builder_version=\u00bb4.27.4&#8243; _module_preset=\u00bbdefault\u00bb title_text_color=\u00bbgcid-1b78aa34-1fc7-47b1-8c8b-84d89ef44e83&#8243; title_font_size=\u00bb16px\u00bb body_text_color=\u00bb#939393&#8243; width=\u00bb600px\u00bb width_tablet=\u00bbauto\u00bb width_phone=\u00bbauto\u00bb width_last_edited=\u00bbon|phone\u00bb custom_margin=\u00bb||0px||false|true\u00bb custom_padding=\u00bb|25px||25px|false|true\u00bb border_width_all=\u00bb0px\u00bb border_width_bottom=\u00bb1px\u00bb border_color_bottom=\u00bbgcid-1b78aa34-1fc7-47b1-8c8b-84d89ef44e83&#8243; global_colors_info=\u00bb{%22gcid-1b78aa34-1fc7-47b1-8c8b-84d89ef44e83%22:%91%22border_color_bottom%22,%22open_toggle_text_color%22,%22title_text_color%22%93,%22gcid-607914a3-c41a-4c2b-b049-2b6741356977%22:%91%22icon_color%22,%22open_icon_color%22%93}\u00bb]<\/p>\n<p>Originalmente albergaba animales de granja (vacas, cerdos, gallinas) y sus ocupantes pod\u00edan vivir de forma autosuficiente gracias a su pozo de agua potable y a las tierras de cultivo circundantes. Un imponente hogar de piedra y su horno permit\u00edan la cocci\u00f3n del tradicional pan de ma\u00edz de la regi\u00f3n as\u00ed como la fumigaci\u00f3n de carnes y embutidos. Las vides, por su parte, aportaban el vino. La finca permaneci\u00f3 en funcionamiento hasta principios de los a\u00f1os 1970.<\/p>\n<p>Amantes de la regi\u00f3n y motivados por el deseo de volver a lo esencial y a la autenticidad, Susana y Jean Marc quisieron crear un lugar de calma, rejuvenecimiento y compartir. Casa d&#8217;Agrela fue dise\u00f1ada como un lugar donde recargar energ\u00edas, lejos del bullicio de la vida cotidiana y del ritmo fren\u00e9tico de la ciudad, para tomarse un tiempo para uno mismo.<\/p>\n<p>Despu\u00e9s de tres a\u00f1os de obras, esta casa solariega ha recibido una nueva vida. Hoy en d\u00eda, el confort moderno y el encanto del viejo mundo conviven en armon\u00eda en el antiguo granero transformado en casa rural para ofrecer un lugar de vacaciones pero tambi\u00e9n estancias de formaci\u00f3n y jubilaci\u00f3n.<\/p>\n<p>[\/et_pb_toggle][\/et_pb_column][\/et_pb_row][\/et_pb_section][et_pb_section fb_built=\u00bb1&#8243; _builder_version=\u00bb4.18.0&#8243; _module_preset=\u00bbdefault\u00bb custom_padding=\u00bb9px|||||\u00bb global_colors_info=\u00bb{}\u00bb][et_pb_row _builder_version=\u00bb4.27.4&#8243; _module_preset=\u00bbdefault\u00bb custom_padding=\u00bb||1px|||\u00bb global_colors_info=\u00bb{}\u00bb][et_pb_column type=\u00bb4_4&#8243; _builder_version=\u00bb4.27.4&#8243; _module_preset=\u00bbdefault\u00bb custom_padding=\u00bb50px||||false|false\u00bb custom_padding_tablet=\u00bb0px||||false|false\u00bb custom_padding_phone=\u00bb0px||||false|false\u00bb custom_padding_last_edited=\u00bbon|tablet\u00bb global_colors_info=\u00bb{}\u00bb][et_pb_text module_class=\u00bbclara-title\u00bb _builder_version=\u00bb4.27.4&#8243; _module_preset=\u00bbdefault\u00bb header_2_text_align=\u00bbcenter\u00bb header_2_font_size=\u00bb42px\u00bb custom_margin=\u00bb||1px||false|false\u00bb header_2_font_size_tablet=\u00bb42px\u00bb header_2_font_size_phone=\u00bb28px\u00bb header_2_font_size_last_edited=\u00bbon|phone\u00bb global_colors_info=\u00bb{}\u00bb]<\/p>\n<h2>\u00bfQui\u00e9nes somos?<\/h2>\n<p>[\/et_pb_text][\/et_pb_column][\/et_pb_row][et_pb_row column_structure=\u00bb1_2,1_2&#8243; _builder_version=\u00bb4.27.4&#8243; _module_preset=\u00bbdefault\u00bb global_colors_info=\u00bb{}\u00bb][et_pb_column type=\u00bb1_2&#8243; _builder_version=\u00bb4.27.4&#8243; _module_preset=\u00bbdefault\u00bb global_colors_info=\u00bb{}\u00bb][et_pb_text _builder_version=\u00bb4.27.4&#8243; _module_preset=\u00bbdefault\u00bb text_font=\u00bb||||||||\u00bb text_text_color=\u00bb#939393&#8243; text_line_height=\u00bb1.8em\u00bb width=\u00bb100%\u00bb width_tablet=\u00bb100%\u00bb width_phone=\u00bb100%\u00bb width_last_edited=\u00bbon|tablet\u00bb module_alignment=\u00bbcenter\u00bb custom_padding=\u00bb5px|||||\u00bb global_colors_info=\u00bb{}\u00bb]<\/p>\n<p><strong>Susana: Doctora en medicina, graduada en 1995 por la Universidad Libre de Bruselas,<\/strong> primero dediqu\u00e9 m\u00e1s de 20 a\u00f1os a la pr\u00e1ctica cl\u00ednica as\u00ed como a la investigaci\u00f3n y desarrollo m\u00e9dico dentro de empresas privadas. Mi inter\u00e9s y pasi\u00f3n por los giros y vueltas de la psique humana, as\u00ed como por mis propias experiencias de vida, me atrajeron naturalmente al s\u00edmbolo como herramienta terap\u00e9utica y me convencieron de la importancia de armonizar la salud f\u00edsica, psicol\u00f3gica y emocional.<\/p>\n<p>Hoy, adem\u00e1s de mi actividad como gerente de <strong>Casa d&#8217;Agrela<\/strong>, apoyo mediante sesiones de coaching individuales a quienes desean avanzar hacia una mayor conciencia y autoconocimiento.<\/p>\n<p><strong>Jean Marc: Despu\u00e9s de estudiar direcci\u00f3n art\u00edstica y cultural en el INSAS,<\/strong> continu\u00e9 mi carrera trabajando como asistente de direcci\u00f3n en Bruselas, para luego continuar en el \u00e1mbito de la \u00d3pera y, en particular, en el Th\u00e9\u00e2tre Royal de la Monnaie.<\/p>\n<p>[\/et_pb_text][\/et_pb_column][et_pb_column type=\u00bb1_2&#8243; _builder_version=\u00bb4.27.4&#8243; _module_preset=\u00bbdefault\u00bb global_colors_info=\u00bb{}\u00bb][et_pb_text _builder_version=\u00bb4.27.4&#8243; _module_preset=\u00bbdefault\u00bb text_font=\u00bb||||||||\u00bb text_text_color=\u00bb#939393&#8243; text_line_height=\u00bb1.8em\u00bb width=\u00bb100%\u00bb width_tablet=\u00bb100%\u00bb width_phone=\u00bb100%\u00bb width_last_edited=\u00bbon|tablet\u00bb module_alignment=\u00bbcenter\u00bb custom_padding=\u00bb5px|||||\u00bb global_colors_info=\u00bb{}\u00bb]<\/p>\n<p>Poco a poco, alej\u00e1ndome cada vez m\u00e1s de este campo para favorecer viajes y descubrimientos culturales espirituales en la India, Nepal y Asia, sent\u00ed el deseo de volver a la sencillez y al equilibrio de la naturaleza como aspecto fundamental de una \u00e9tica y de una filosof\u00eda de vida, en particular iniciando un acercamiento en torno a la permacultura.<\/p>\n<p>Nuestra misi\u00f3n es crear un remanso de paz, donde cada persona pueda encontrarse consigo misma, recargar pilas y reconectarse con lo verdaderamente importante. Dise\u00f1amos Casa d&#8217;Agrela para ofrecer un ambiente c\u00e1lido y humano, un lugar donde el confort moderno se combina con la simplicidad de la naturaleza, para permitir que todos cuiden su cuerpo y su mente.<\/p>\n<p>Aqu\u00ed encontrar\u00e1s un espacio donde la autenticidad y la conexi\u00f3n con los dem\u00e1s cobran todo su significado, un lugar concreto y real donde los humanos son el centro. Queremos ser \u00fatiles ofreciendo refugio a quienes buscan un lugar donde recargar energia y volver a lo b\u00e1sico.<\/p>\n<p>[\/et_pb_text][\/et_pb_column][\/et_pb_row][et_pb_row column_structure=\u00bb1_2,1_2&#8243; _builder_version=\u00bb4.27.4&#8243; _module_preset=\u00bbdefault\u00bb global_colors_info=\u00bb{}\u00bb][et_pb_column type=\u00bb1_2&#8243; _builder_version=\u00bb4.27.4&#8243; _module_preset=\u00bbdefault\u00bb global_colors_info=\u00bb{}\u00bb][et_pb_image src=\u00bbhttps:\/\/casadagrela.com\/wp-content\/uploads\/2025\/01\/Susi-JM.jpg\u00bb title_text=\u00bbSusi &#038; JM\u00bb _builder_version=\u00bb4.27.4&#8243; _module_preset=\u00bbdefault\u00bb custom_margin=\u00bb0px||||false|false\u00bb animation_style=\u00bbslide\u00bb animation_direction=\u00bbright\u00bb animation_intensity_slide=\u00bb15%\u00bb animation_starting_opacity=\u00bb100%\u00bb global_colors_info=\u00bb{}\u00bb][\/et_pb_image][\/et_pb_column][et_pb_column type=\u00bb1_2&#8243; _builder_version=\u00bb4.27.4&#8243; _module_preset=\u00bbdefault\u00bb global_colors_info=\u00bb{}\u00bb][et_pb_toggle title=\u00bbEl camino a Compostela\u00bb open_toggle_text_color=\u00bbgcid-1b78aa34-1fc7-47b1-8c8b-84d89ef44e83&#8243; open_toggle_background_color=\u00bb#FFFFFF\u00bb closed_toggle_background_color=\u00bb#FFFFFF\u00bb icon_color=\u00bbgcid-607914a3-c41a-4c2b-b049-2b6741356977&#8243; use_icon_font_size=\u00bbon\u00bb icon_font_size=\u00bb20px\u00bb open_icon_color=\u00bbgcid-607914a3-c41a-4c2b-b049-2b6741356977&#8243; open_use_icon_font_size=\u00bbon\u00bb open_icon_font_size=\u00bb20px\u00bb _builder_version=\u00bb4.27.4&#8243; _module_preset=\u00bbdefault\u00bb title_text_color=\u00bbgcid-1b78aa34-1fc7-47b1-8c8b-84d89ef44e83&#8243; title_font_size=\u00bb16px\u00bb body_text_color=\u00bb#939393&#8243; custom_margin=\u00bb||0px||false|false\u00bb custom_padding=\u00bb|0px||0px|false|true\u00bb border_width_all=\u00bb0px\u00bb border_width_bottom=\u00bb1px\u00bb border_color_bottom=\u00bbgcid-1b78aa34-1fc7-47b1-8c8b-84d89ef44e83&#8243; global_colors_info=\u00bb{%22gcid-1b78aa34-1fc7-47b1-8c8b-84d89ef44e83%22:%91%22border_color_bottom%22,%22open_toggle_text_color%22,%22title_text_color%22%93,%22gcid-607914a3-c41a-4c2b-b049-2b6741356977%22:%91%22icon_color%22,%22open_icon_color%22%93}\u00bb]<\/p>\n<p>El pueblo de Afife est\u00e1 situado en la ruta del Camino de Santiago Portugu\u00e9s que discurre hacia el norte bordeando la costa de Portugal y cruza el Mi\u00f1o hacia Galicia. El Camino Portugu\u00e9s es la segunda ruta m\u00e1s popular a Santiago de Compostela, pero sigue estando relativamente poco concurrida. Esto aporta un equilibrio perfecto entre la oportunidad de conocer gente nueva y la necesidad de un poco de soledad en el viaje.<\/p>\n<p>[\/et_pb_toggle][et_pb_toggle title=\u00bb\u00bfQu\u00e9 hacer\/visitar?\u00bb open_toggle_text_color=\u00bbgcid-1b78aa34-1fc7-47b1-8c8b-84d89ef44e83&#8243; open_toggle_background_color=\u00bb#FFFFFF\u00bb closed_toggle_background_color=\u00bb#FFFFFF\u00bb icon_color=\u00bbgcid-607914a3-c41a-4c2b-b049-2b6741356977&#8243; use_icon_font_size=\u00bbon\u00bb icon_font_size=\u00bb20px\u00bb open_icon_color=\u00bbgcid-607914a3-c41a-4c2b-b049-2b6741356977&#8243; open_use_icon_font_size=\u00bbon\u00bb open_icon_font_size=\u00bb20px\u00bb _builder_version=\u00bb4.27.4&#8243; _module_preset=\u00bbdefault\u00bb title_text_color=\u00bbgcid-1b78aa34-1fc7-47b1-8c8b-84d89ef44e83&#8243; title_font_size=\u00bb16px\u00bb body_text_color=\u00bb#939393&#8243; custom_margin=\u00bb||0px||false|false\u00bb custom_padding=\u00bb|0px||0px|false|true\u00bb border_width_all=\u00bb0px\u00bb border_width_bottom=\u00bb1px\u00bb border_color_bottom=\u00bbgcid-1b78aa34-1fc7-47b1-8c8b-84d89ef44e83&#8243; global_colors_info=\u00bb{%22gcid-1b78aa34-1fc7-47b1-8c8b-84d89ef44e83%22:%91%22border_color_bottom%22,%22open_toggle_text_color%22,%22title_text_color%22%93,%22gcid-607914a3-c41a-4c2b-b049-2b6741356977%22:%91%22icon_color%22,%22open_icon_color%22%93}\u00bb]<\/p>\n<ul>\n<li>Visite los numerosos mercados t\u00edpicos de la regi\u00f3n donde encontrar\u00e1 productos regionales y artesanales (aceite de oliva, miel, quesos y embutidos entre otros)<\/li>\n<li>Visite ciudades cercanas como Oporto con sus bodegas de vino de Oporto a lo largo del r\u00edo Duero, Guimaraes, la cuna de los antiguos reyes de Portugal o Braga y su Bom Jesus.<\/li>\n<li><a href=\"https:\/\/www.fbb.pt\/pp\/\"><\/a>Disfrute de la magn\u00edfica y exuberante naturaleza caminando por uno de los muchos senderos (trilhos) de la regi\u00f3n.<\/li>\n<li>Relajaci\u00f3n y descanso en las hermosas playas de arena situadas a 10 minutos a pie de la casa rural o surf para los m\u00e1s deportistas.<\/li>\n<li><a href=\"https:\/\/www.vagamundos.pt\/passadicos-de-melgaco-rio-minho\/\" target=\"_blank\" rel=\"noopener\">https:\/\/www.vagamundos.pt\/passadicos-de-melgaco-rio-minho\/<\/a><\/li>\n<li><a href=\"https:\/\/www.trilhosecaminhadas.com\/percursos\/trilho-das-cascatas-e-lagoas-da-serra-d-arga-vct\/\" target=\"_blank\" rel=\"noopener\">https:\/\/www.trilhosecaminhadas.com\/percursos\/trilho-das-cascatas-e-lagoas-da-serra-d-arga-vct\/<\/a><\/li>\n<\/ul>\n<p>[\/et_pb_toggle][\/et_pb_column][\/et_pb_row][et_pb_row use_custom_gutter=\u00bbon\u00bb gutter_width=\u00bb1&#8243; _builder_version=\u00bb4.27.4&#8243; _module_preset=\u00bbdefault\u00bb global_colors_info=\u00bb{}\u00bb][et_pb_column type=\u00bb4_4&#8243; _builder_version=\u00bb4.27.4&#8243; _module_preset=\u00bbdefault\u00bb global_colors_info=\u00bb{}\u00bb][et_pb_gallery gallery_ids=\u00bb100128,100129,100131,100099,100130,100117,100118,100119,100124,100120,100122,100123,100125,100126,100109,100087,100095,100084,100789,100793,100795,100797,100799,100801,100787,100785,100783,100781,100773,100775,100771,100769,100779,100777,100127&#8243; gallery_orderby=\u00bbrand\u00bb posts_number=\u00bb12&#8243; orientation=\u00bbportrait\u00bb show_title_and_caption=\u00bboff\u00bb show_pagination=\u00bboff\u00bb zoom_icon_color=\u00bb#FFFFFF\u00bb hover_overlay_color=\u00bbrgba(77,89,47,0.58)\u00bb hover_icon=\u00bb&#x54;||divi||400&#8243; _builder_version=\u00bb4.27.4&#8243; _module_preset=\u00bbdefault\u00bb border_width_all=\u00bb5px\u00bb border_color_all=\u00bbRGBA(255,255,255,0)\u00bb global_colors_info=\u00bb{}\u00bb][\/et_pb_gallery][\/et_pb_column][\/et_pb_row][\/et_pb_section][et_pb_section fb_built=\u00bb1&#8243; _builder_version=\u00bb4.24.0&#8243; _module_preset=\u00bbdefault\u00bb background_color=\u00bbgcid-77cac542-5d8b-49cc-a7ee-2a084150afcc\u00bb custom_padding=\u00bb25px||25px||true|false\u00bb locked=\u00bboff\u00bb global_colors_info=\u00bb{%22gcid-77cac542-5d8b-49cc-a7ee-2a084150afcc%22:%91%22background_color%22%93}\u00bb][et_pb_row column_structure=\u00bb1_4,1_2,1_4&#8243; _builder_version=\u00bb4.18.0&#8243; _module_preset=\u00bbdefault\u00bb max_width=\u00bb1400px\u00bb custom_margin=\u00bb0px||0px||true|false\u00bb global_colors_info=\u00bb{}\u00bb][et_pb_column type=\u00bb1_4&#8243; _builder_version=\u00bb4.18.0&#8243; _module_preset=\u00bbdefault\u00bb custom_padding=\u00bb30px||||false|false\u00bb global_colors_info=\u00bb{}\u00bb][et_pb_text _builder_version=\u00bb4.27.4&#8243; _module_preset=\u00bbdefault\u00bb link_font=\u00bb||||on||||\u00bb link_text_color=\u00bb#000000&#8243; global_colors_info=\u00bb{}\u00bb]<\/p>\n<p><strong>Enlaces \u00fatiles<\/strong><\/p>\n<p><a href=\"https:\/\/casadagrela.com\/es\/\">Home<\/a><br \/><a href=\"https:\/\/casadagrela.com\/es\/vacances\/\">Vacaciones<\/a><br \/><a href=\"https:\/\/casadagrela.com\/es\/retraites-et-formations\/\">Retiros y talleres<\/a><br \/><a href=\"https:\/\/casadagrela.com\/es\/evenements\/\">Eventos<\/a><br \/><a href=\"https:\/\/casadagrela.com\/es\/tarif\/\">Tarifas<\/a><br \/><a href=\"https:\/\/casadagrela.com\/es\/la-maison\/\">La casa<\/a><br \/><a href=\"https:\/\/casadagrela.com\/es\/contact\/\">Contacto<\/a><\/p>\n<p>[\/et_pb_text][\/et_pb_column][et_pb_column type=\u00bb1_2&#8243; _builder_version=\u00bb4.18.0&#8243; _module_preset=\u00bbdefault\u00bb global_colors_info=\u00bb{}\u00bb][et_pb_image src=\u00bbhttps:\/\/casadagrela.com\/wp-content\/uploads\/2024\/02\/logo-agrela.png\u00bb title_text=\u00bblogo agrela\u00bb align=\u00bbcenter\u00bb _builder_version=\u00bb4.24.0&#8243; _module_preset=\u00bbdefault\u00bb width=\u00bb175px\u00bb max_width=\u00bb175px\u00bb custom_margin=\u00bb||25px||false|false\u00bb global_colors_info=\u00bb{}\u00bb][\/et_pb_image][et_pb_text _builder_version=\u00bb4.27.4&#8243; _module_preset=\u00bbdefault\u00bb text_font=\u00bb||on||||||\u00bb text_text_color=\u00bb#4f4f4f\u00bb text_orientation=\u00bbcenter\u00bb module_alignment=\u00bbcenter\u00bb custom_margin=\u00bb||20px||false|false\u00bb global_colors_info=\u00bb{}\u00bb]<\/p>\n<p>Un entorno id\u00edlico para relajarse y aprender a vivir mejor<\/p>\n<p>[\/et_pb_text][et_pb_social_media_follow _builder_version=\u00bb4.27.4&#8243; _module_preset=\u00bbdefault\u00bb text_orientation=\u00bbcenter\u00bb global_colors_info=\u00bb{}\u00bb][et_pb_social_media_follow_network social_network=\u00bbinstagram\u00bb url=\u00bbhttps:\/\/www.instagram.com\/casadagrela\/\u00bb _builder_version=\u00bb4.27.4&#8243; _module_preset=\u00bbdefault\u00bb background_color=\u00bb#ea2c59&#8243; global_colors_info=\u00bb{}\u00bb follow_button=\u00bboff\u00bb url_new_window=\u00bbon\u00bb]instagram[\/et_pb_social_media_follow_network][\/et_pb_social_media_follow][\/et_pb_column][et_pb_column type=\u00bb1_4&#8243; _builder_version=\u00bb4.18.0&#8243; _module_preset=\u00bbdefault\u00bb custom_padding=\u00bb30px||||false|false\u00bb global_colors_info=\u00bb{}\u00bb][et_pb_text _builder_version=\u00bb4.27.4&#8243; _module_preset=\u00bbdefault\u00bb link_font=\u00bb||||on||||\u00bb link_text_color=\u00bb#000000&#8243; text_orientation=\u00bbright\u00bb text_orientation_tablet=\u00bbleft\u00bb text_orientation_phone=\u00bbleft\u00bb text_orientation_last_edited=\u00bbon|tablet\u00bb global_colors_info=\u00bb{}\u00bb]<\/p>\n<p><strong>Avisos legales<\/strong><\/p>\n<p><a href=\"https:\/\/casadagrela.com\/es\/confidentialite\/\">Condiciones generales de uso y pol\u00edtica de privacidad<\/a><\/p>\n<p>&nbsp;<\/p>\n<p>[\/et_pb_text][\/et_pb_column][\/et_pb_row][\/et_pb_section][et_pb_section fb_built=\u00bb1&#8243; _builder_version=\u00bb4.18.0&#8243; _module_preset=\u00bbdefault\u00bb custom_padding=\u00bb0px||0px||true|false\u00bb locked=\u00bboff\u00bb global_colors_info=\u00bb{}\u00bb][et_pb_row column_structure=\u00bb1_6,1_6,1_6,1_6,1_6,1_6&#8243; use_custom_gutter=\u00bbon\u00bb gutter_width=\u00bb1&#8243; make_equal=\u00bbon\u00bb _builder_version=\u00bb4.18.0&#8243; _module_preset=\u00bbdefault\u00bb width=\u00bb100%\u00bb max_width=\u00bb100%\u00bb custom_padding=\u00bb0px||0px||true|false\u00bb locked=\u00bboff\u00bb global_colors_info=\u00bb{}\u00bb][et_pb_column type=\u00bb1_6&#8243; _builder_version=\u00bb4.18.0&#8243; _module_preset=\u00bbdefault\u00bb global_colors_info=\u00bb{}\u00bb][et_pb_image src=\u00bbhttps:\/\/casadagrela.com\/wp-content\/uploads\/2024\/12\/IMG_20231121_100507-scaled.jpg\u00bb title_text=\u00bbIMG_20231121_100507&#8243; _builder_version=\u00bb4.27.4&#8243; _module_preset=\u00bbdefault\u00bb global_colors_info=\u00bb{}\u00bb][\/et_pb_image][\/et_pb_column][et_pb_column type=\u00bb1_6&#8243; _builder_version=\u00bb4.18.0&#8243; _module_preset=\u00bbdefault\u00bb global_colors_info=\u00bb{}\u00bb][et_pb_image src=\u00bbhttps:\/\/casadagrela.com\/wp-content\/uploads\/2025\/11\/Footer-02.jpg\u00bb title_text=\u00bbFooter 02&#8243; _builder_version=\u00bb4.27.4&#8243; _module_preset=\u00bbdefault\u00bb global_colors_info=\u00bb{}\u00bb][\/et_pb_image][\/et_pb_column][et_pb_column type=\u00bb1_6&#8243; _builder_version=\u00bb4.18.0&#8243; _module_preset=\u00bbdefault\u00bb global_colors_info=\u00bb{}\u00bb][et_pb_image src=\u00bbhttps:\/\/casadagrela.com\/wp-content\/uploads\/2025\/11\/footer-03.jpg\u00bb title_text=\u00bbfooter 03&#8243; _builder_version=\u00bb4.27.4&#8243; _module_preset=\u00bbdefault\u00bb global_colors_info=\u00bb{}\u00bb][\/et_pb_image][\/et_pb_column][et_pb_column type=\u00bb1_6&#8243; _builder_version=\u00bb4.18.0&#8243; _module_preset=\u00bbdefault\u00bb global_colors_info=\u00bb{}\u00bb][et_pb_image src=\u00bbhttps:\/\/casadagrela.com\/wp-content\/uploads\/2024\/12\/PHOTO-2024-11-30-14-21-32-8.jpg\u00bb title_text=\u00bbPHOTO-2024-11-30-14-21-32 (8)\u00bb _builder_version=\u00bb4.27.4&#8243; _module_preset=\u00bbdefault\u00bb global_colors_info=\u00bb{}\u00bb][\/et_pb_image][\/et_pb_column][et_pb_column type=\u00bb1_6&#8243; _builder_version=\u00bb4.18.0&#8243; _module_preset=\u00bbdefault\u00bb global_colors_info=\u00bb{}\u00bb][et_pb_image src=\u00bbhttps:\/\/casadagrela.com\/wp-content\/uploads\/2024\/12\/IMG-20241007-WA0010.jpg\u00bb title_text=\u00bbIMG-20241007-WA0010&#8243; _builder_version=\u00bb4.27.4&#8243; _module_preset=\u00bbdefault\u00bb global_colors_info=\u00bb{}\u00bb][\/et_pb_image][\/et_pb_column][et_pb_column type=\u00bb1_6&#8243; _builder_version=\u00bb4.18.0&#8243; _module_preset=\u00bbdefault\u00bb global_colors_info=\u00bb{}\u00bb][et_pb_image src=\u00bbhttps:\/\/casadagrela.com\/wp-content\/uploads\/2025\/11\/footer-05.jpg\u00bb title_text=\u00bbfooter 05&#8243; _builder_version=\u00bb4.27.4&#8243; _module_preset=\u00bbdefault\u00bb global_colors_info=\u00bb{}\u00bb][\/et_pb_image][\/et_pb_column][\/et_pb_row][et_pb_row _builder_version=\u00bb4.18.0&#8243; _module_preset=\u00bbdefault\u00bb global_colors_info=\u00bb{}\u00bb][et_pb_column type=\u00bb4_4&#8243; _builder_version=\u00bb4.18.0&#8243; _module_preset=\u00bbdefault\u00bb global_colors_info=\u00bb{}\u00bb][et_pb_text _builder_version=\u00bb4.27.4&#8243; _module_preset=\u00bbdefault\u00bb text_orientation=\u00bbcenter\u00bb link_option_url_new_window=\u00bbon\u00bb global_colors_info=\u00bb{}\u00bb]<\/p>\n<p>Copyright 2025 | Sitio creado por <a href=\"https:\/\/pixel-jack.com\/\">pixel-jack.com<\/a><\/p>\n<p>[\/et_pb_text][\/et_pb_column][\/et_pb_row][\/et_pb_section]<\/p>\n","protected":false},"excerpt":{"rendered":"<p>Casa d&#8217;Agrela: su historiaCasa d&#8217;Agrela es una antigua mas\u00eda de piedra t\u00edpica del norte de Portugal. Situada en el coraz\u00f3n del pueblo de Afife, en la regi\u00f3n del Mi\u00f1o, data de principios del siglo XVIII. Est\u00e1 rodeada de vegetaci\u00f3n y peque\u00f1as monta\u00f1as atravesadas por cursos de agua naturales y se encuentra a 10 minutos a [&hellip;]<\/p>\n","protected":false},"author":1,"featured_media":0,"parent":0,"menu_order":0,"comment_status":"closed","ping_status":"closed","template":"","meta":{"_et_pb_use_builder":"on","_et_pb_old_content":"<!-- wp:divi\/placeholder \/-->","_et_gb_content_width":"","footnotes":""},"class_list":["post-100833","page","type-page","status-publish","hentry"],"_links":{"self":[{"href":"https:\/\/casadagrela.com\/es\/wp-json\/wp\/v2\/pages\/100833","targetHints":{"allow":["GET"]}}],"collection":[{"href":"https:\/\/casadagrela.com\/es\/wp-json\/wp\/v2\/pages"}],"about":[{"href":"https:\/\/casadagrela.com\/es\/wp-json\/wp\/v2\/types\/page"}],"author":[{"embeddable":true,"href":"https:\/\/casadagrela.com\/es\/wp-json\/wp\/v2\/users\/1"}],"replies":[{"embeddable":true,"href":"https:\/\/casadagrela.com\/es\/wp-json\/wp\/v2\/comments?post=100833"}],"version-history":[{"count":5,"href":"https:\/\/casadagrela.com\/es\/wp-json\/wp\/v2\/pages\/100833\/revisions"}],"predecessor-version":[{"id":101365,"href":"https:\/\/casadagrela.com\/es\/wp-json\/wp\/v2\/pages\/100833\/revisions\/101365"}],"wp:attachment":[{"href":"https:\/\/casadagrela.com\/es\/wp-json\/wp\/v2\/media?parent=100833"}],"curies":[{"name":"wp","href":"https:\/\/api.w.org\/{rel}","templated":true}]}}