{"id":100846,"date":"2025-01-22T10:18:02","date_gmt":"2025-01-22T09:18:02","guid":{"rendered":"https:\/\/casadagrela.com\/confidentialite\/"},"modified":"2025-03-06T12:41:42","modified_gmt":"2025-03-06T11:41:42","slug":"confidentialite","status":"publish","type":"page","link":"https:\/\/casadagrela.com\/es\/confidentialite\/","title":{"rendered":"confidentialite"},"content":{"rendered":"\n[et_pb_section fb_built=\u00bb1&#8243; _builder_version=\u00bb4.18.0&#8243; _module_preset=\u00bbdefault\u00bb global_colors_info=\u00bb{}\u00bb][et_pb_row _builder_version=\u00bb4.18.0&#8243; _module_preset=\u00bbdefault\u00bb global_colors_info=\u00bb{}\u00bb][et_pb_column type=\u00bb4_4&#8243; _builder_version=\u00bb4.18.0&#8243; _module_preset=\u00bbdefault\u00bb custom_padding=\u00bb100px||||false|false\u00bb custom_padding_tablet=\u00bb0px||||false|false\u00bb custom_padding_phone=\u00bb0px||||false|false\u00bb custom_padding_last_edited=\u00bbon|tablet\u00bb global_colors_info=\u00bb{}\u00bb][et_pb_text module_class=\u00bbclara-title\u00bb _builder_version=\u00bb4.27.4&#8243; _module_preset=\u00bbdefault\u00bb header_2_text_align=\u00bbcenter\u00bb header_2_font_size=\u00bb42px\u00bb custom_margin=\u00bb||50px||false|false\u00bb header_2_font_size_tablet=\u00bb42px\u00bb header_2_font_size_phone=\u00bb28px\u00bb header_2_font_size_last_edited=\u00bbon|phone\u00bb global_colors_info=\u00bb{}\u00bb]<h2 style=\"text-align: center;\">CONDITIONS GENERALES D\u2019UTILISATION ET POLITIQUE DE CONFIDENTIALITE<\/h2>[\/et_pb_text][\/et_pb_column][\/et_pb_row][et_pb_row _builder_version=\u00bb4.27.4&#8243; _module_preset=\u00bbdefault\u00bb global_colors_info=\u00bb{}\u00bb][et_pb_column type=\u00bb4_4&#8243; _builder_version=\u00bb4.27.4&#8243; _module_preset=\u00bbdefault\u00bb global_colors_info=\u00bb{}\u00bb][et_pb_text _builder_version=\u00bb4.27.4&#8243; _module_preset=\u00bbdefault\u00bb custom_margin=\u00bb||8px|||\u00bb global_colors_info=\u00bb{}\u00bb]<h2 style=\"text-align: left;\">Le site internet<\/h2>[\/et_pb_text][et_pb_text _builder_version=\u00bb4.27.4&#8243; _module_preset=\u00bbdefault\u00bb global_colors_info=\u00bb{}\u00bb]<p>Dagrela.com (ci-apr\u00e8s la \u00ab Plateforme \u00bb)\u00a0<\/p>[\/et_pb_text][\/et_pb_column][\/et_pb_row][et_pb_row _builder_version=\u00bb4.27.4&#8243; _module_preset=\u00bbdefault\u00bb global_colors_info=\u00bb{}\u00bb][et_pb_column type=\u00bb4_4&#8243; _builder_version=\u00bb4.27.4&#8243; _module_preset=\u00bbdefault\u00bb global_colors_info=\u00bb{}\u00bb][et_pb_text _builder_version=\u00bb4.27.4&#8243; _module_preset=\u00bbdefault\u00bb custom_margin=\u00bb||8px|||\u00bb global_colors_info=\u00bb{}\u00bb]<h2 style=\"text-align: left;\"><g transform=\"translate(0,126.9707)\"><text><tspan x=\"0\" y=\"15.23333\" font-family=\"Calibri\" font-weight=\"normal\" font-style=\"normal\" font-size=\"16\" fill=\"#000000\">Est <\/tspan><tspan x=\"22.868\" y=\"15.23333\" font-family=\"Calibri\" font-weight=\"normal\" font-style=\"normal\" font-size=\"16\" fill=\"#000000\">une <\/tspan><tspan x=\"51.25867\" y=\"15.23333\" font-family=\"Calibri\" font-weight=\"normal\" font-style=\"normal\" font-size=\"16\" fill=\"#000000\">initiative <\/tspan><tspan x=\"111.0013\" y=\"15.23333\" font-family=\"Calibri\" font-weight=\"normal\" font-style=\"normal\" font-size=\"16\" fill=\"#000000\">de<\/tspan><\/text><\/g><\/h2>[\/et_pb_text][et_pb_text _builder_version=\u00bb4.27.4&#8243; _module_preset=\u00bbdefault\u00bb hover_enabled=\u00bb0&#8243; global_colors_info=\u00bb{}\u00bb sticky_enabled=\u00bb0&#8243;]<p>Susana Pedrulho Unipessoal LDA<br \/>Caminho da Cabriteira, 1<br \/>4900-012 Afife Viana do Castelo (Portugal)<br \/>N\u00b0 d\u2019entreprise (BCE\/TVA): 517593106<br \/>E-mail: <a href=\"mailto:info@casadagrela.com\">info@casadagrela.com <\/a><br \/>T\u00e9l\u00e9phone: +32 475 808025<br \/>(ci-apr\u00e8s \u201cSusana Pedrulho Unipessoal LDA\u201d ou encore le \u201cVendeur\u201d)<\/p>[\/et_pb_text][\/et_pb_column][\/et_pb_row][et_pb_row _builder_version=\u00bb4.27.4&#8243; _module_preset=\u00bbdefault\u00bb global_colors_info=\u00bb{}\u00bb][et_pb_column type=\u00bb4_4&#8243; _builder_version=\u00bb4.27.4&#8243; _module_preset=\u00bbdefault\u00bb global_colors_info=\u00bb{}\u00bb][et_pb_text _builder_version=\u00bb4.27.4&#8243; _module_preset=\u00bbdefault\u00bb custom_margin=\u00bb||8px|||\u00bb global_colors_info=\u00bb{}\u00bb]<h2 style=\"text-align: left;\"><tspan x=\"0\" y=\"15.23333\" font-family=\"Calibri\" font-weight=\"bold\" font-style=\"normal\" font-size=\"16\" fill=\"#000000\">I.<\/tspan><tspan x=\"32.53867\" y=\"15.23333\" font-family=\"Calibri\" font-weight=\"bold\" font-style=\"normal\" font-size=\"16\" fill=\"#000000\">Champ <\/tspan><tspan x=\"82.71067\" y=\"15.23333\" font-family=\"Calibri\" font-weight=\"bold\" font-style=\"normal\" font-size=\"16\" fill=\"#000000\">d\u2019application<\/tspan><\/h2>[\/et_pb_text][et_pb_text _builder_version=\u00bb4.27.4&#8243; _module_preset=\u00bbdefault\u00bb global_colors_info=\u00bb{}\u00bb]<p>Les pr\u00e9sentes conditions g\u00e9n\u00e9rales d\u2019utilisation (ci-apr\u00e8s le \u00ab CGU \u00bb) s\u2019appliquent \u00e0 toute visite ou utilisation de la Plateforme et de ses informations par un internaute (ci-apr\u00e8s \u00ab Utilisateur \u00bb) <\/p>\n<p>En visitant ou utilisant la Plateforme, l\u2019Utilisateur reconnait avoir pris connaissance des pr\u00e9sentes CGU et accepte express\u00e9ment les droits et obligations mentionn\u00e9s. <\/p>\n<p>Il peut exceptionnellement \u00eatre d\u00e9rog\u00e9 aux dispositions des CGU par un accord \u00e9crit. Ces d\u00e9rogations peuvent consister en la modification, l\u2019ajout ou la suppression des clauses auxquelles elles se rapportent et n\u2019ont aucune incidence sur l\u2019application des autres dispositions des CGU. <\/p>\n<p>Nous nous r\u00e9servons le droit de modifier nos CGU \u00e0 tout moment, sans notification pr\u00e9alable, mais nous nous engageons \u00e0 appliquer les dispositions qui \u00e9taient en vigueur au moment o\u00f9 vous avez utilis\u00e9 notre Plateforme.<\/p>[\/et_pb_text][\/et_pb_column][\/et_pb_row][et_pb_row _builder_version=\u00bb4.27.4&#8243; _module_preset=\u00bbdefault\u00bb global_colors_info=\u00bb{}\u00bb][et_pb_column type=\u00bb4_4&#8243; _builder_version=\u00bb4.27.4&#8243; _module_preset=\u00bbdefault\u00bb global_colors_info=\u00bb{}\u00bb][et_pb_text _builder_version=\u00bb4.27.4&#8243; _module_preset=\u00bbdefault\u00bb custom_margin=\u00bb||8px|||\u00bb global_colors_info=\u00bb{}\u00bb]<h2 style=\"text-align: left;\"><tspan x=\"0\" y=\"15.23333\" font-family=\"Calibri\" font-weight=\"bold\" font-style=\"normal\" font-size=\"16\" fill=\"#000000\">I.Plateforme<\/tspan><\/h2>[\/et_pb_text][et_pb_text _builder_version=\u00bb4.27.4&#8243; _module_preset=\u00bbdefault\u00bb global_colors_info=\u00bb{}\u00bb]<p><strong>1.Acc\u00e8s et navigation <\/strong><\/p>\n<p>Nous prenons toutes les mesures raisonnables et n\u00e9cessaires pour assurer le bon fonctionnement, la s\u00e9curit\u00e9 et l\u2019accessibilit\u00e9 de notre Plateforme. Toutefois, nous ne pouvons pas offrir de garantie d\u2019op\u00e9rabilit\u00e9 absolue et il faut d\u00e8s lors consid\u00e9rer nos actions comme \u00e9tant couvertes par une obligation de moyens.<\/p>\n<p>Toute utilisation de la Plateforme se fait toujours aux propres risques de l\u2019Utilisateur. Ainsi, nous ne sommes pas responsables des dommages pouvant r\u00e9sulter de possibles dysfonctionnements, interruptions, d\u00e9fauts ou encore d\u2019\u00e9l\u00e9ments nuisibles pr\u00e9sents sur la Plateforme.<\/p>\n<p>Nous nous r\u00e9servons le droit de restreindre l\u2019acc\u00e8s \u00e0 la Plateforme ou d\u2019interrompre son fonctionnement \u00e0 tout moment, sans obligation de notification pr\u00e9alable.<\/p>\n<p><strong>2. Contenu<\/strong><\/p>\n<p><strong> <\/strong><\/p>\n<p><strong><\/strong>Le Vendeur d\u00e9termine en grande partie le contenu de la Plateforme et prend grand soin des informations pr\u00e9sentes sur celle-ci. Nous prenons toutes les mesures possibles pour maintenir notre Plateforme aussi compl\u00e8te, pr\u00e9cise et \u00e0 jour que possible, m\u00eame lorsque les informations pr\u00e9sentes sur celle-ci sont fournies par des tiers. Nous nous r\u00e9servons le droit de modifier, compl\u00e9ter ou supprimer \u00e0 tout moment la Plateforme et son contenu, sans que sa responsabilit\u00e9 ne puisse \u00eatre engag\u00e9e.<\/p>\n<p>Le Vendeur ne peut pas offrir de garantie absolue concernant la qualit\u00e9 de l\u2019information pr\u00e9sente sur la Plateforme. Il est donc possible que cette information ne soit pas toujours compl\u00e8te, exacte, suffisamment pr\u00e9cise ou \u00e0 jour. Par cons\u00e9quent, le Vendeur ne pourra pas \u00eatre tenu responsable des dommages, directs ou indirects, que l\u2019Utilisateur subirait de par l\u2019information pr\u00e9sente sua la Plateforme.<\/p>\n<p>Si certains contenus de la Plateforme sont en violation avec la loi ou les droits des tiers, ou sont contraires \u00e0 la morale, nous vous demandons de nous en informer le plus rapidement possible par mail afin que nous puissions prendre les mesures appropri\u00e9es.<\/p>\n<p>Tout t\u00e9l\u00e9chargement \u00e0 partir de le Plateforme a toujours lieu aux risques de l\u2019Utilisateur. Le Vendeur ne pourra pas \u00eatre tenu responsable des \u00e9ventuels dommages, directs ou indirects, d\u00e9coulant de ces t\u00e9l\u00e9chargements, tels qu\u2019une perte de donn\u00e9es ou un endommagement du syst\u00e8me informatique de l\u2019Utilisateur, qui rel\u00e8vent enti\u00e8rement et exclusivement de la responsabilit\u00e9 de ce dernier.<\/p>\n<p><strong>3.Liens vers d\u2019autres sites internet<\/strong><\/p>\n<p>La Plateforme pourrait contenir des liens ou hyperliens renvoyant vers des sites internet externes. De tels liens ne signifient pas de mani\u00e8re automatique qu\u2019il existe une relation entre le Vendeur et le site internet externe ou m\u00eame qu\u2019un accord implicite existe avec le contenu de ces sites externes.<\/p>\n<p>Le Vendeur n\u2019exerce aucun contr\u00f4le sur les sites internet externes. Nous ne sommes donc pas responsables du fonctionnement s\u00fbr et correct des hyperliens et de leur destination finale. D\u00e8s l\u2019instant o\u00f9 l\u2019Utilisateur clique sur l\u2019hyperlien, il quitte la Plateforme. Nous ne pouvons d\u00e8s lors pas \u00eatre tenus responsables en cas de dommage ult\u00e9rieur.<\/p>\n<p><strong>4.Propri\u00e9t\u00e9 intellectuelle<\/strong><\/p>\n<p>La structuration de la Plateforme, mais aussi les textes, graphiques, photographies, sons, vid\u00e9os, bases de donn\u00e9es, applications informatiques, etc. qui le composent ou qui sont accessibles via la Plateforme sont la propri\u00e9t\u00e9 de l\u2019\u00e9diteur et sont prot\u00e9g\u00e9s comme tels par les lois en vigueur au titre de la propri\u00e9t\u00e9 intellectuelle.<\/p>\n<p>Toute repr\u00e9sentation, reproduction, adaptation ou exploitation partielle ou totale des contenus, marques d\u00e9pos\u00e9es et services propos\u00e9s par la Plateforme, par quelque proc\u00e9d\u00e9 que ce soit, sans l\u2019autorisation pr\u00e9alable, expresse et \u00e9crite de l\u2019\u00e9diteur, est strictement interdite, \u00e0 l\u2019exception des \u00e9l\u00e9ments express\u00e9ment d\u00e9sign\u00e9s comme libres de droits sur la Plateforme.<\/p>\n<p>L\u2019utilisateur de la Plateforme se voit octroyer un droit limit\u00e9 d\u2019acc\u00e8s, d\u2019utilisation et d\u2019affichage de la Plateforme et de son contenu. Ce droit est accord\u00e9 \u00e0 titre exclusif, non transf\u00e9rable et ne peut \u00eatre utilis\u00e9 que moyennant un usage personnel et non commercial. Sauf accord pr\u00e9alable et \u00e9crit, les Utilisateurs ne sont pas autoris\u00e9s \u00e0 modifier, reproduire, traduire, distribuer, vendre, communiquer au public, en tout ou en partie, les \u00e9l\u00e9ments prot\u00e9g\u00e9s.<\/p>\n<p>Il est interdit \u00e0 l\u2019Utilisateur d\u2019introduire des donn\u00e9es sur la Plateforme qui modifieraient ou qui seraient susceptibles d\u2019en modifier le contenu ou l\u2019apparence.<\/p>\n<p><strong>5.Protection des donn\u00e9es personnelles<\/strong><\/p>\n<p><tspan x=\"426.8147\" y=\"99.53733\" font-family=\"Calibri\" font-weight=\"normal\" font-style=\"normal\" font-size=\"16\" fill=\"#000000\">Les donn\u00e9es personnelles fournies par l\u2019Utilisateur lors de sa visite ou de l\u2019utilisation de la Plateforme sont collect\u00e9es et trait\u00e9es par le Vendeur exclusivement \u00e0 des fins internes. Le Vendeur assure \u00e0 ses utilisateurs qu\u2019il attache la plus grande importance \u00e0 la protection de leur vie priv\u00e9e et de leurs donn\u00e9es personnelles, et qu\u2019il s\u2019engage toujours \u00e0 communiquer de mani\u00e8re claire et transparente sur ce point.<\/tspan><\/p>\n<p>Le Vendeur s\u2019engage \u00e0 respecter la l\u00e9gislation applicable en la mati\u00e8re, \u00e0 savoir la Loi du 8 d\u00e9cembre 1992 relative \u00e0 la protection de la vie priv\u00e9e \u00e0 l\u2019\u00e9gard des traitements de donn\u00e9es \u00e0 caract\u00e8re personnel ainsi que le R\u00e8glement europ\u00e9en du 27 avril 2016relatif \u00e0 la protection des personnes physiques \u00e0 l\u2019\u00e9gard du traitement des donn\u00e9es \u00e0 caract\u00e8re personnel et \u00e0 la libre circulation des donn\u00e9es.<\/p>\n<p>Les donn\u00e9es \u00e0 caract\u00e8re personnel collect\u00e9es sur le Site sont les suivantes :<\/p>\n<p>Pr\u00e9noms, noms, adresses postales, adresses e-mail, num\u00e9ros de t\u00e9l\u00e9phone, participations pr\u00e9c\u00e9dentes \u00e0 des \u00e9v\u00e8nements organis\u00e9s par le Vendeur.<\/p>\n<p>Ces donn\u00e9es sont collect\u00e9es lorsque l&#8217;utilisateur effectue l&#8217;une des op\u00e9rations suivantes sur la Plateforme :<\/p>\n<p>Lorsque l&#8217;utilisateur proc\u00e8de \u00e0 son inscription sur la Plateforme et\/ou \u00e0 la Newsletter, et lorsqu\u2019il compl\u00e8te le formulaire de contact afin d\u2019obtenir des informations sur les services, s\u00e9jours, stages ou plus g\u00e9n\u00e9ralement sur tous produits ou services propos\u00e9s par Le Vendeur.<\/p>\n<p><strong>6.Dispositions g\u00e9n\u00e9rales<\/strong><\/p>\n<p>Le Vendeur se r\u00e9serve la possibilit\u00e9 de modifier, \u00e9tendre, supprimer, limiter ou interrompre la Plateforme et les services associ\u00e9s \u00e0 tout moment, sans notification pr\u00e9alable, et sans engager sa responsabilit\u00e9.<\/p>\n<p>En cas de violation des CGU par l\u2019Utilisateur, le Vendeur se r\u00e9serve le droit de prendre des mesures de sanctions et de r\u00e9paration adapt\u00e9es. Le Vendeur se r\u00e9serve notamment le droit de refuser \u00e0 l\u2019Utilisateur tout acc\u00e8s \u00e0 la Plateforme ou \u00e0 nos services temporairement ou d\u00e9finitivement. Ces mesures peuvent \u00eatre prises sans indication de motif et sans pr\u00e9avis. Elles ne peuvent pas engager la responsabilit\u00e9 du Vendeur ou donner lieu \u00e0 une quelconque forme d\u2019indemnisation.<\/p>\n<p>L\u2019ill\u00e9galit\u00e9 ou la nullit\u00e9 totale ou partielle d\u2019une disposition de nos CGU n\u2019aura aucun impact sur la validit\u00e9 et l\u2019application des autres dispositions. Nous disposons, dans un tel cas, du droit de remplacer la disposition par une autre disposition valable et de port\u00e9e similaire.<strong><\/strong><\/p>\n<p><strong><\/strong><\/p>[\/et_pb_text][et_pb_text _builder_version=\u00bb4.27.4&#8243; _module_preset=\u00bbdefault\u00bb custom_margin=\u00bb||8px|||\u00bb global_colors_info=\u00bb{}\u00bb]<h2 style=\"text-align: left;\"><tspan x=\"0\" y=\"15.23333\" font-family=\"Calibri\" font-weight=\"bold\" font-style=\"normal\" font-size=\"16\" fill=\"#000000\">I.Contact<\/tspan><\/h2>[\/et_pb_text][et_pb_text _builder_version=\u00bb4.27.4&#8243; _module_preset=\u00bbdefault\u00bb global_colors_info=\u00bb{}\u00bb]<p>Pour tout signalement de contenus ou d&#8217;activit\u00e9s illicites, l&#8217;Utilisateur peut contacter l&#8217;\u00c9diteur \u00e0 l&#8217;adresse e-mail suivante : info@dagrela.com, ou par courrier recommand\u00e9 avec accus\u00e9 de r\u00e9ception adress\u00e9 au Vendeur aux coordonn\u00e9es pr\u00e9cis\u00e9es dans les pr\u00e9sentes mentions l\u00e9gales<\/p>[\/et_pb_text][\/et_pb_column][\/et_pb_row][\/et_pb_section]\n","protected":false},"excerpt":{"rendered":"<p>CONDITIONS GENERALES D\u2019UTILISATION ET POLITIQUE DE CONFIDENTIALITELe site internetDagrela.com (ci-apr\u00e8s la \u00ab Plateforme \u00bb)\u00a0Est une initiative deSusana Pedrulho Unipessoal LDACaminho da Cabriteira, 14900-012 Afife Viana do Castelo (Portugal)N\u00b0 d\u2019entreprise (BCE\/TVA): 517593106E-mail: info@casadagrela.com T\u00e9l\u00e9phone: +32 475 808025(ci-apr\u00e8s \u201cSusana Pedrulho Unipessoal LDA\u201d ou encore le \u201cVendeur\u201d)I.Champ d\u2019applicationLes pr\u00e9sentes conditions g\u00e9n\u00e9rales d\u2019utilisation (ci-apr\u00e8s le \u00ab CGU \u00bb) s\u2019appliquent [&hellip;]<\/p>\n","protected":false},"author":1,"featured_media":0,"parent":0,"menu_order":0,"comment_status":"closed","ping_status":"closed","template":"","meta":{"_et_pb_use_builder":"on","_et_pb_old_content":"","_et_gb_content_width":"","footnotes":""},"class_list":["post-100846","page","type-page","status-publish","hentry"],"_links":{"self":[{"href":"https:\/\/casadagrela.com\/es\/wp-json\/wp\/v2\/pages\/100846","targetHints":{"allow":["GET"]}}],"collection":[{"href":"https:\/\/casadagrela.com\/es\/wp-json\/wp\/v2\/pages"}],"about":[{"href":"https:\/\/casadagrela.com\/es\/wp-json\/wp\/v2\/types\/page"}],"author":[{"embeddable":true,"href":"https:\/\/casadagrela.com\/es\/wp-json\/wp\/v2\/users\/1"}],"replies":[{"embeddable":true,"href":"https:\/\/casadagrela.com\/es\/wp-json\/wp\/v2\/comments?post=100846"}],"version-history":[{"count":1,"href":"https:\/\/casadagrela.com\/es\/wp-json\/wp\/v2\/pages\/100846\/revisions"}],"predecessor-version":[{"id":100850,"href":"https:\/\/casadagrela.com\/es\/wp-json\/wp\/v2\/pages\/100846\/revisions\/100850"}],"wp:attachment":[{"href":"https:\/\/casadagrela.com\/es\/wp-json\/wp\/v2\/media?parent=100846"}],"curies":[{"name":"wp","href":"https:\/\/api.w.org\/{rel}","templated":true}]}}