{"id":100853,"date":"2025-01-22T10:39:42","date_gmt":"2025-01-22T09:39:42","guid":{"rendered":"https:\/\/casadagrela.com\/enneagramme-2\/"},"modified":"2026-01-07T10:19:22","modified_gmt":"2026-01-07T09:19:22","slug":"enneagramme-2","status":"publish","type":"page","link":"https:\/\/casadagrela.com\/es\/enneagramme-2\/","title":{"rendered":"enneagramme"},"content":{"rendered":"<p>[et_pb_section fb_built=\u00bb1&#8243; _builder_version=\u00bb4.27.4&#8243; _module_preset=\u00bbdefault\u00bb background_color=\u00bbgcid-77cac542-5d8b-49cc-a7ee-2a084150afcc\u00bb custom_padding=\u00bb35px||35px||true|false\u00bb global_colors_info=\u00bb{%22gcid-77cac542-5d8b-49cc-a7ee-2a084150afcc%22:%91%22background_color%22%93}\u00bb][et_pb_row _builder_version=\u00bb4.18.0&#8243; _module_preset=\u00bbdefault\u00bb global_colors_info=\u00bb{}\u00bb][et_pb_column type=\u00bb4_4&#8243; _builder_version=\u00bb4.18.0&#8243; _module_preset=\u00bbdefault\u00bb global_colors_info=\u00bb{}\u00bb][et_pb_text _builder_version=\u00bb4.27.4&#8243; _module_preset=\u00bbdefault\u00bb text_font=\u00bb&#8211;et_global_body_font||||||||\u00bb text_text_color=\u00bbgcid-1b78aa34-1fc7-47b1-8c8b-84d89ef44e83&#8243; custom_margin=\u00bb||10px||false|false\u00bb custom_margin_tablet=\u00bb||20px||false|false\u00bb custom_margin_phone=\u00bb||10px||false|false\u00bb custom_margin_last_edited=\u00bbon|phone\u00bb text_font_size_tablet=\u00bb54px\u00bb text_font_size_phone=\u00bb36px\u00bb text_font_size_last_edited=\u00bbon|phone\u00bb locked=\u00bboff\u00bb global_colors_info=\u00bb{%22gcid-1b78aa34-1fc7-47b1-8c8b-84d89ef44e83%22:%91%22text_text_color%22%93}\u00bb]<\/p>\n<p style=\"text-align: center;\">Capacitaci\u00f3n<\/p>\n<p>[\/et_pb_text][et_pb_text module_class=\u00bbclara-title\u00bb _builder_version=\u00bb4.27.4&#8243; _module_preset=\u00bbdefault\u00bb header_2_text_align=\u00bbcenter\u00bb header_2_font_size=\u00bb42px\u00bb text_orientation=\u00bbcenter\u00bb header_2_font_size_tablet=\u00bb42px\u00bb header_2_font_size_phone=\u00bb28px\u00bb header_2_font_size_last_edited=\u00bbon|phone\u00bb global_colors_info=\u00bb{}\u00bb]<\/p>\n<h3><strong>Descubrimiento del Eneagrama<\/strong><\/h3>\n<p>[\/et_pb_text][et_pb_text _builder_version=\u00bb4.27.4&#8243; _module_preset=\u00bbdefault\u00bb global_colors_info=\u00bb{}\u00bb]<\/p>\n<div class=\"et_pb_module et_pb_text et_pb_text_8  et_pb_text_align_left et_pb_bg_layout_light\">\n<div class=\"et_pb_text_inner\">\n<h3 style=\"text-align: center;\">Del 02 al 10\/05\/2025 &#8211; En franc\u00e9s<\/h3>\n<\/div>\n<\/div>\n<p>[\/et_pb_text][\/et_pb_column][\/et_pb_row][\/et_pb_section][et_pb_section fb_built=\u00bb1&#8243; _builder_version=\u00bb4.18.0&#8243; _module_preset=\u00bbdefault\u00bb background_color=\u00bb#f8f7f5&#8243; global_colors_info=\u00bb{}\u00bb][et_pb_row column_structure=\u00bb1_2,1_2&#8243; _builder_version=\u00bb4.18.0&#8243; _module_preset=\u00bbdefault\u00bb global_colors_info=\u00bb{}\u00bb][et_pb_column type=\u00bb1_2&#8243; _builder_version=\u00bb4.18.0&#8243; _module_preset=\u00bbdefault\u00bb global_colors_info=\u00bb{}\u00bb][et_pb_image src=\u00bbhttps:\/\/casadagrela.com\/wp-content\/uploads\/2025\/01\/eee.png\u00bb title_text=\u00bbeee\u00bb _builder_version=\u00bb4.27.4&#8243; _module_preset=\u00bbdefault\u00bb animation_style=\u00bbslide\u00bb animation_direction=\u00bbleft\u00bb animation_intensity_slide=\u00bb15%\u00bb animation_starting_opacity=\u00bb100%\u00bb global_colors_info=\u00bb{}\u00bb][\/et_pb_image][\/et_pb_column][et_pb_column type=\u00bb1_2&#8243; _builder_version=\u00bb4.18.0&#8243; _module_preset=\u00bbdefault\u00bb custom_padding=\u00bb35px||||false|false\u00bb global_colors_info=\u00bb{}\u00bb][et_pb_text module_class=\u00bbclara-title\u00bb _builder_version=\u00bb4.27.4&#8243; _module_preset=\u00bbdefault\u00bb global_colors_info=\u00bb{}\u00bb]<\/p>\n<h2>Descripci\u00f3n<\/h2>\n<p>[\/et_pb_text][et_pb_blurb _builder_version=\u00bb4.27.4&#8243; _module_preset=\u00bbdefault\u00bb header_font_size=\u00bb22px\u00bb custom_margin=\u00bb||25px||false|false\u00bb custom_padding=\u00bb||25px||false|false\u00bb border_width_bottom=\u00bb1px\u00bb border_color_bottom=\u00bb#dbdbdb\u00bb global_colors_info=\u00bb{}\u00bb]<\/p>\n<p>Lo que descubrir\u00e1s<\/p>\n<p>Una experiencia enriquecedora para explorar tu personalidad y comprender mejor a los dem\u00e1s.<\/p>\n<p>[\/et_pb_blurb][et_pb_toggle title=\u00bb\u00bfPor qu\u00e9 participar?\u00bb open_toggle_text_color=\u00bbgcid-1b78aa34-1fc7-47b1-8c8b-84d89ef44e83&#8243; open_toggle_background_color=\u00bb#FFFFFF\u00bb closed_toggle_background_color=\u00bb#FFFFFF\u00bb icon_color=\u00bbgcid-607914a3-c41a-4c2b-b049-2b6741356977&#8243; use_icon_font_size=\u00bbon\u00bb icon_font_size=\u00bb20px\u00bb open_icon_color=\u00bbgcid-607914a3-c41a-4c2b-b049-2b6741356977&#8243; open_use_icon_font_size=\u00bbon\u00bb open_icon_font_size=\u00bb20px\u00bb _builder_version=\u00bb4.27.4&#8243; _module_preset=\u00bbdefault\u00bb title_text_color=\u00bbgcid-1b78aa34-1fc7-47b1-8c8b-84d89ef44e83&#8243; title_font_size=\u00bb16px\u00bb body_text_color=\u00bb#939393&#8243; custom_margin=\u00bb||30px||false|true\u00bb custom_padding=\u00bb|25px||25px|false|true\u00bb border_width_all=\u00bb0px\u00bb border_width_bottom=\u00bb1px\u00bb border_color_bottom=\u00bbgcid-1b78aa34-1fc7-47b1-8c8b-84d89ef44e83&#8243; locked=\u00bboff\u00bb global_colors_info=\u00bb{%22gcid-1b78aa34-1fc7-47b1-8c8b-84d89ef44e83%22:%91%22border_color_bottom%22,%22open_toggle_text_color%22,%22title_text_color%22%93,%22gcid-607914a3-c41a-4c2b-b049-2b6741356977%22:%91%22icon_color%22,%22open_icon_color%22%93}\u00bb]<\/p>\n<ul>\n<li>Mejora tu conocimiento de ti mismo y de los dem\u00e1s.<\/li>\n<li>Desarrolla tus habilidades interpersonales.<\/li>\n<li>Descubra el Eneagrama en un ambiente agradable y solidario.<\/li>\n<\/ul>\n<p>[\/et_pb_toggle][et_pb_toggle title=\u00bbC\u00f3mo ?\u00bb open_toggle_text_color=\u00bbgcid-1b78aa34-1fc7-47b1-8c8b-84d89ef44e83&#8243; open_toggle_background_color=\u00bb#FFFFFF\u00bb closed_toggle_background_color=\u00bb#FFFFFF\u00bb icon_color=\u00bbgcid-607914a3-c41a-4c2b-b049-2b6741356977&#8243; use_icon_font_size=\u00bbon\u00bb icon_font_size=\u00bb20px\u00bb open_icon_color=\u00bbgcid-607914a3-c41a-4c2b-b049-2b6741356977&#8243; open_use_icon_font_size=\u00bbon\u00bb open_icon_font_size=\u00bb20px\u00bb _builder_version=\u00bb4.27.4&#8243; _module_preset=\u00bbdefault\u00bb title_text_color=\u00bbgcid-1b78aa34-1fc7-47b1-8c8b-84d89ef44e83&#8243; title_font_size=\u00bb16px\u00bb body_text_color=\u00bb#939393&#8243; custom_margin=\u00bb||0px||false|true\u00bb custom_padding=\u00bb|25px||25px|false|true\u00bb border_width_all=\u00bb0px\u00bb border_width_bottom=\u00bb1px\u00bb border_color_bottom=\u00bbgcid-1b78aa34-1fc7-47b1-8c8b-84d89ef44e83&#8243; locked=\u00bboff\u00bb global_colors_info=\u00bb{%22gcid-1b78aa34-1fc7-47b1-8c8b-84d89ef44e83%22:%91%22border_color_bottom%22,%22open_toggle_text_color%22,%22title_text_color%22%93,%22gcid-607914a3-c41a-4c2b-b049-2b6741356977%22:%91%22icon_color%22,%22open_icon_color%22%93}\u00bb]<\/p>\n<ul>\n<li style=\"text-align: justify;\">Los 9 tipos de personalidad y su din\u00e1mica.<\/li>\n<li style=\"text-align: justify;\">Tus motivaciones profundas, tus fortalezas y tus \u00e1reas de mejora.<\/li>\n<li style=\"text-align: justify;\">C\u00f3mo interactuar mejor con los dem\u00e1s a trav\u00e9s de una comprensi\u00f3n profunda de c\u00f3mo operan.<\/li>\n<li style=\"text-align: justify;\">T\u00e9cnicas para fortalecer tu inteligencia emocional y desarrollo personal.<\/li>\n<\/ul>\n<p>[\/et_pb_toggle][\/et_pb_column][\/et_pb_row][et_pb_row column_structure=\u00bb1_2,1_2&#8243; _builder_version=\u00bb4.18.0&#8243; _module_preset=\u00bbdefault\u00bb global_colors_info=\u00bb{}\u00bb][et_pb_column type=\u00bb1_2&#8243; _builder_version=\u00bb4.18.0&#8243; _module_preset=\u00bbdefault\u00bb global_colors_info=\u00bb{}\u00bb][et_pb_text module_class=\u00bbclara-title\u00bb _builder_version=\u00bb4.27.4&#8243; _module_preset=\u00bbdefault\u00bb header_2_text_align=\u00bbcenter\u00bb header_2_font_size=\u00bb32px\u00bb custom_margin=\u00bb||50px||false|false\u00bb header_2_font_size_tablet=\u00bb42px\u00bb header_2_font_size_phone=\u00bb28px\u00bb header_2_font_size_last_edited=\u00bbon|phone\u00bb global_colors_info=\u00bb{}\u00bb]<\/p>\n<h2>La entrenadora: D\u00e9borah Linz<\/h2>\n<p>[\/et_pb_text][et_pb_text _builder_version=\u00bb4.27.4&#8243; _module_preset=\u00bbdefault\u00bb global_colors_info=\u00bb{}\u00bb]<\/p>\n<p>Entrenador certificado y apasionado desde hace m\u00e1s de 17 a\u00f1os.<\/p>\n<p>[\/et_pb_text][\/et_pb_column][et_pb_column type=\u00bb1_2&#8243; _builder_version=\u00bb4.18.0&#8243; _module_preset=\u00bbdefault\u00bb global_colors_info=\u00bb{}\u00bb][et_pb_text module_class=\u00bbclara-title\u00bb _builder_version=\u00bb4.27.4&#8243; _module_preset=\u00bbdefault\u00bb header_2_text_align=\u00bbcenter\u00bb header_2_font_size=\u00bb32px\u00bb custom_margin=\u00bb||50px||false|false\u00bb header_2_font_size_tablet=\u00bb42px\u00bb header_2_font_size_phone=\u00bb28px\u00bb header_2_font_size_last_edited=\u00bbon|phone\u00bb global_colors_info=\u00bb{}\u00bb]<\/p>\n<h2>Precio: Bajo petici\u00f3n<\/h2>\n<p>&nbsp;<\/p>\n<p>[\/et_pb_text][\/et_pb_column][\/et_pb_row][\/et_pb_section][et_pb_section fb_built=\u00bb1&#8243; _builder_version=\u00bb4.27.4&#8243; _module_preset=\u00bbdefault\u00bb background_color=\u00bb#f4f4f4&#8243; background_enable_image=\u00bboff\u00bb background_blend=\u00bboverlay\u00bb custom_padding=\u00bb66px|||||\u00bb hover_enabled=\u00bb0&#8243; locked=\u00bboff\u00bb global_colors_info=\u00bb{}\u00bb sticky_enabled=\u00bb0&#8243;][et_pb_row _builder_version=\u00bb4.27.4&#8243; _module_preset=\u00bbdefault\u00bb global_colors_info=\u00bb{}\u00bb][et_pb_column type=\u00bb4_4&#8243; _builder_version=\u00bb4.24.0&#8243; _module_preset=\u00bbdefault\u00bb global_colors_info=\u00bb{}\u00bb][et_pb_text _builder_version=\u00bb4.27.4&#8243; _module_preset=\u00bbdefault\u00bb text_text_color=\u00bb#333333&#8243; min_height=\u00bb111.4px\u00bb custom_margin=\u00bb0px||0px||false|false\u00bb custom_margin_tablet=\u00bb||30px||false|false\u00bb custom_margin_phone=\u00bb0px||30px||false|false\u00bb custom_margin_last_edited=\u00bbon|desktop\u00bb custom_padding=\u00bb||0px|||\u00bb global_colors_info=\u00bb{}\u00bb custom_margin__hover_enabled=\u00bboff|desktop\u00bb]<\/p>\n<h3 style=\"text-align: center;\">Si deseas conocer todos los detalles de este taller, puedes:<\/h3>\n<p>[\/et_pb_text][\/et_pb_column][\/et_pb_row][et_pb_row column_structure=\u00bb1_2,1_2&#8243; _builder_version=\u00bb4.27.4&#8243; _module_preset=\u00bbdefault\u00bb width=\u00bb500px\u00bb custom_margin=\u00bb-100px||||false|false\u00bb global_colors_info=\u00bb{}\u00bb][et_pb_column type=\u00bb1_2&#8243; _builder_version=\u00bb4.27.4&#8243; _module_preset=\u00bbdefault\u00bb global_colors_info=\u00bb{}\u00bb][et_pb_button button_url=\u00bb\/wp-content\/uploads\/2025\/03\/Formation-ennea-v2-2.pdf\u00bb url_new_window=\u00bbon\u00bb button_text=\u00bbDescarga el PDF\u00bb button_alignment=\u00bbcenter\u00bb button_alignment_last_edited=\u00bboff|phone\u00bb _builder_version=\u00bb4.27.4&#8243; _module_preset=\u00bbdefault\u00bb custom_button=\u00bbon\u00bb button_text_size=\u00bb14px\u00bb button_text_color=\u00bb#FFFFFF\u00bb button_bg_color=\u00bbgcid-1b78aa34-1fc7-47b1-8c8b-84d89ef44e83&#8243; button_border_width=\u00bb0px\u00bb button_border_radius=\u00bb0px\u00bb button_use_icon=\u00bboff\u00bb custom_margin_tablet=\u00bb\u00bb custom_margin_phone=\u00bb\u00bb custom_margin_last_edited=\u00bbon|phone\u00bb custom_padding=\u00bb7px|20px|5px|20px|false|true\u00bb button_text_shadow_style=\u00bbpreset3&#8243; button_text_shadow_horizontal_length=\u00bb0.03em\u00bb button_text_shadow_vertical_length=\u00bb0.03em\u00bb button_text_shadow_blur_strength=\u00bb0.05em\u00bb button_text_shadow_color=\u00bbrgba(0,0,0,0.2)\u00bb box_shadow_style=\u00bbpreset1&#8243; box_shadow_blur=\u00bb25px\u00bb box_shadow_color=\u00bbrgba(0,0,0,0.2)\u00bb global_colors_info=\u00bb{%22gcid-1b78aa34-1fc7-47b1-8c8b-84d89ef44e83%22:%91%22button_bg_color%22,%22button_bg_color%22,%22button_bg_color%22%93,%22gcid-8dc34fe4-e8a4-4f59-95f0-49dd18bc1899%22:%91%22button_bg_color__hover%22%93}\u00bb button_bg_color__hover=\u00bb#32897e\u00bb button_bg_color__hover_enabled=\u00bbon|hover\u00bb][\/et_pb_button][\/et_pb_column][et_pb_column type=\u00bb1_2&#8243; _builder_version=\u00bb4.27.4&#8243; _module_preset=\u00bbdefault\u00bb global_colors_info=\u00bb{}\u00bb][et_pb_button button_url=\u00bbhttps:\/\/casadagrela.com\/es\/contact\/\u00bb button_text=\u00bbPonte en contacto\u00bb button_alignment=\u00bbcenter\u00bb _builder_version=\u00bb4.27.4&#8243; _module_preset=\u00bbdefault\u00bb custom_button=\u00bbon\u00bb button_text_size=\u00bb14px\u00bb button_text_color=\u00bb#FFFFFF\u00bb button_bg_color=\u00bbgcid-1b78aa34-1fc7-47b1-8c8b-84d89ef44e83&#8243; button_border_width=\u00bb0px\u00bb button_border_radius=\u00bb0px\u00bb button_use_icon=\u00bboff\u00bb custom_padding=\u00bb7px|20px|5px|20px|false|true\u00bb button_text_shadow_style=\u00bbpreset3&#8243; button_text_shadow_horizontal_length=\u00bb0.03em\u00bb button_text_shadow_vertical_length=\u00bb0.03em\u00bb button_text_shadow_blur_strength=\u00bb0.05em\u00bb button_text_shadow_color=\u00bbrgba(0,0,0,0.2)\u00bb box_shadow_style=\u00bbpreset1&#8243; box_shadow_blur=\u00bb25px\u00bb box_shadow_color=\u00bbrgba(0,0,0,0.2)\u00bb global_colors_info=\u00bb{%22gcid-1b78aa34-1fc7-47b1-8c8b-84d89ef44e83%22:%91%22button_bg_color%22,%22button_bg_color%22,%22button_bg_color%22%93,%22gcid-8dc34fe4-e8a4-4f59-95f0-49dd18bc1899%22:%91%22button_bg_color__hover%22%93}\u00bb button_bg_color__hover=\u00bb#32897e\u00bb button_bg_color__hover_enabled=\u00bbon|hover\u00bb][\/et_pb_button][\/et_pb_column][\/et_pb_row][\/et_pb_section][et_pb_section fb_built=\u00bb1&#8243; _builder_version=\u00bb4.24.0&#8243; _module_preset=\u00bbdefault\u00bb background_color=\u00bbgcid-77cac542-5d8b-49cc-a7ee-2a084150afcc\u00bb custom_padding=\u00bb25px||25px||true|false\u00bb locked=\u00bboff\u00bb global_colors_info=\u00bb{%22gcid-77cac542-5d8b-49cc-a7ee-2a084150afcc%22:%91%22background_color%22%93}\u00bb][et_pb_row column_structure=\u00bb1_4,1_2,1_4&#8243; _builder_version=\u00bb4.18.0&#8243; _module_preset=\u00bbdefault\u00bb max_width=\u00bb1400px\u00bb custom_margin=\u00bb0px||0px||true|false\u00bb global_colors_info=\u00bb{}\u00bb][et_pb_column type=\u00bb1_4&#8243; _builder_version=\u00bb4.18.0&#8243; _module_preset=\u00bbdefault\u00bb custom_padding=\u00bb30px||||false|false\u00bb global_colors_info=\u00bb{}\u00bb][et_pb_text _builder_version=\u00bb4.27.4&#8243; _module_preset=\u00bbdefault\u00bb link_font=\u00bb||||on||||\u00bb link_text_color=\u00bb#000000&#8243; global_colors_info=\u00bb{}\u00bb]<\/p>\n<p><strong>Enlaces \u00fatiles<\/strong><\/p>\n<p><a href=\"https:\/\/casadagrela.com\/es\/\">Home<\/a><br \/><a href=\"https:\/\/casadagrela.com\/es\/vacances\/\">Vacaciones<\/a><br \/><a href=\"https:\/\/casadagrela.com\/es\/retraites-et-formations\/\">Retiros y talleres<\/a><br \/><a href=\"https:\/\/casadagrela.com\/es\/evenements\/\">Eventos<\/a><br \/><a href=\"https:\/\/casadagrela.com\/es\/tarif\/\">Tarifas<\/a><br \/><a href=\"https:\/\/casadagrela.com\/es\/la-maison\/\">La casa<\/a><br \/><a href=\"https:\/\/casadagrela.com\/es\/contact\/\">Contacto<\/a><\/p>\n<p>[\/et_pb_text][\/et_pb_column][et_pb_column type=\u00bb1_2&#8243; _builder_version=\u00bb4.18.0&#8243; _module_preset=\u00bbdefault\u00bb global_colors_info=\u00bb{}\u00bb][et_pb_image src=\u00bbhttps:\/\/casadagrela.com\/wp-content\/uploads\/2024\/02\/logo-agrela.png\u00bb title_text=\u00bblogo agrela\u00bb align=\u00bbcenter\u00bb _builder_version=\u00bb4.24.0&#8243; _module_preset=\u00bbdefault\u00bb width=\u00bb175px\u00bb max_width=\u00bb175px\u00bb custom_margin=\u00bb||25px||false|false\u00bb global_colors_info=\u00bb{}\u00bb][\/et_pb_image][et_pb_text _builder_version=\u00bb4.27.4&#8243; _module_preset=\u00bbdefault\u00bb text_font=\u00bb||on||||||\u00bb text_text_color=\u00bb#4f4f4f\u00bb text_orientation=\u00bbcenter\u00bb module_alignment=\u00bbcenter\u00bb custom_margin=\u00bb||20px||false|false\u00bb global_colors_info=\u00bb{}\u00bb]<\/p>\n<p>Un entorno id\u00edlico para relajarse y aprender a vivir mejor<\/p>\n<p>[\/et_pb_text][et_pb_social_media_follow _builder_version=\u00bb4.27.4&#8243; _module_preset=\u00bbdefault\u00bb text_orientation=\u00bbcenter\u00bb global_colors_info=\u00bb{}\u00bb][et_pb_social_media_follow_network social_network=\u00bbinstagram\u00bb url=\u00bbhttps:\/\/www.instagram.com\/casadagrela\/\u00bb _builder_version=\u00bb4.27.4&#8243; _module_preset=\u00bbdefault\u00bb background_color=\u00bb#ea2c59&#8243; global_colors_info=\u00bb{}\u00bb follow_button=\u00bboff\u00bb url_new_window=\u00bbon\u00bb]instagram[\/et_pb_social_media_follow_network][\/et_pb_social_media_follow][\/et_pb_column][et_pb_column type=\u00bb1_4&#8243; _builder_version=\u00bb4.18.0&#8243; _module_preset=\u00bbdefault\u00bb custom_padding=\u00bb30px||||false|false\u00bb global_colors_info=\u00bb{}\u00bb][et_pb_text _builder_version=\u00bb4.27.4&#8243; _module_preset=\u00bbdefault\u00bb link_font=\u00bb||||on||||\u00bb link_text_color=\u00bb#000000&#8243; text_orientation=\u00bbright\u00bb text_orientation_tablet=\u00bbleft\u00bb text_orientation_phone=\u00bbleft\u00bb text_orientation_last_edited=\u00bbon|tablet\u00bb global_colors_info=\u00bb{}\u00bb]<\/p>\n<p><strong>Avisos legales<\/strong><\/p>\n<p><a href=\"https:\/\/casadagrela.com\/es\/confidentialite\/\">Condiciones generales de uso y pol\u00edtica de privacidad<\/a><\/p>\n<p>&nbsp;<\/p>\n<p>[\/et_pb_text][\/et_pb_column][\/et_pb_row][\/et_pb_section][et_pb_section fb_built=\u00bb1&#8243; _builder_version=\u00bb4.18.0&#8243; _module_preset=\u00bbdefault\u00bb custom_padding=\u00bb0px||0px||true|false\u00bb locked=\u00bboff\u00bb global_colors_info=\u00bb{}\u00bb][et_pb_row column_structure=\u00bb1_6,1_6,1_6,1_6,1_6,1_6&#8243; use_custom_gutter=\u00bbon\u00bb gutter_width=\u00bb1&#8243; make_equal=\u00bbon\u00bb _builder_version=\u00bb4.18.0&#8243; _module_preset=\u00bbdefault\u00bb width=\u00bb100%\u00bb max_width=\u00bb100%\u00bb custom_padding=\u00bb0px||0px||true|false\u00bb global_colors_info=\u00bb{}\u00bb][et_pb_column type=\u00bb1_6&#8243; _builder_version=\u00bb4.18.0&#8243; _module_preset=\u00bbdefault\u00bb global_colors_info=\u00bb{}\u00bb][et_pb_image src=\u00bbhttps:\/\/casadagrela.com\/wp-content\/uploads\/2024\/12\/IMG_20231121_100507-scaled.jpg\u00bb title_text=\u00bbIMG_20231121_100507&#8243; _builder_version=\u00bb4.27.4&#8243; _module_preset=\u00bbdefault\u00bb global_colors_info=\u00bb{}\u00bb][\/et_pb_image][\/et_pb_column][et_pb_column type=\u00bb1_6&#8243; _builder_version=\u00bb4.18.0&#8243; _module_preset=\u00bbdefault\u00bb global_colors_info=\u00bb{}\u00bb][et_pb_image src=\u00bbhttps:\/\/casadagrela.com\/wp-content\/uploads\/2024\/12\/IMG-20241008-WA0010.jpg\u00bb title_text=\u00bbIMG-20241008-WA0010&#8243; _builder_version=\u00bb4.27.4&#8243; _module_preset=\u00bbdefault\u00bb global_colors_info=\u00bb{}\u00bb][\/et_pb_image][\/et_pb_column][et_pb_column type=\u00bb1_6&#8243; _builder_version=\u00bb4.18.0&#8243; _module_preset=\u00bbdefault\u00bb global_colors_info=\u00bb{}\u00bb][et_pb_image src=\u00bbhttps:\/\/casadagrela.com\/wp-content\/uploads\/2024\/12\/IMG-20241008-WA0015.jpg\u00bb title_text=\u00bbIMG-20241008-WA0015&#8243; _builder_version=\u00bb4.27.4&#8243; _module_preset=\u00bbdefault\u00bb global_colors_info=\u00bb{}\u00bb][\/et_pb_image][\/et_pb_column][et_pb_column type=\u00bb1_6&#8243; _builder_version=\u00bb4.18.0&#8243; _module_preset=\u00bbdefault\u00bb global_colors_info=\u00bb{}\u00bb][et_pb_image src=\u00bbhttps:\/\/casadagrela.com\/wp-content\/uploads\/2024\/12\/PHOTO-2024-11-30-14-21-32-8.jpg\u00bb title_text=\u00bbPHOTO-2024-11-30-14-21-32 (8)\u00bb _builder_version=\u00bb4.27.4&#8243; _module_preset=\u00bbdefault\u00bb global_colors_info=\u00bb{}\u00bb][\/et_pb_image][\/et_pb_column][et_pb_column type=\u00bb1_6&#8243; _builder_version=\u00bb4.18.0&#8243; _module_preset=\u00bbdefault\u00bb global_colors_info=\u00bb{}\u00bb][et_pb_image src=\u00bbhttps:\/\/casadagrela.com\/wp-content\/uploads\/2024\/12\/IMG-20241007-WA0010.jpg\u00bb title_text=\u00bbIMG-20241007-WA0010&#8243; _builder_version=\u00bb4.27.4&#8243; _module_preset=\u00bbdefault\u00bb global_colors_info=\u00bb{}\u00bb][\/et_pb_image][\/et_pb_column][et_pb_column type=\u00bb1_6&#8243; _builder_version=\u00bb4.18.0&#8243; _module_preset=\u00bbdefault\u00bb global_colors_info=\u00bb{}\u00bb][et_pb_image src=\u00bbhttps:\/\/casadagrela.com\/wp-content\/uploads\/2024\/12\/IMG_20240329_193149-scaled.jpg\u00bb title_text=\u00bbIMG_20240329_193149&#8243; _builder_version=\u00bb4.27.4&#8243; _module_preset=\u00bbdefault\u00bb global_colors_info=\u00bb{}\u00bb][\/et_pb_image][\/et_pb_column][\/et_pb_row][et_pb_row _builder_version=\u00bb4.18.0&#8243; _module_preset=\u00bbdefault\u00bb global_colors_info=\u00bb{}\u00bb][et_pb_column type=\u00bb4_4&#8243; _builder_version=\u00bb4.18.0&#8243; _module_preset=\u00bbdefault\u00bb global_colors_info=\u00bb{}\u00bb][et_pb_text _builder_version=\u00bb4.27.4&#8243; _module_preset=\u00bbdefault\u00bb text_orientation=\u00bbcenter\u00bb link_option_url_new_window=\u00bbon\u00bb global_colors_info=\u00bb{}\u00bb]<\/p>\n<p>Copyright 2025 | Sitio creado por <a href=\"https:\/\/pixel-jack.com\/\">pixel-jack.com<\/a><\/p>\n<p>[\/et_pb_text][\/et_pb_column][\/et_pb_row][\/et_pb_section]<\/p>\n","protected":false},"excerpt":{"rendered":"<p>Capacitaci\u00f3nDescubrimiento del Eneagrama Del 02 al 10\/05\/2025 &#8211; En franc\u00e9s Descripci\u00f3nLo que descubrir\u00e1s Una experiencia enriquecedora para explorar tu personalidad y comprender mejor a los dem\u00e1s. Mejora tu conocimiento de ti mismo y de los dem\u00e1s. Desarrolla tus habilidades interpersonales. Descubra el Eneagrama en un ambiente agradable y solidario. Los 9 tipos de personalidad y [&hellip;]<\/p>\n","protected":false},"author":1,"featured_media":0,"parent":0,"menu_order":0,"comment_status":"closed","ping_status":"closed","template":"","meta":{"_et_pb_use_builder":"on","_et_pb_old_content":"","_et_gb_content_width":"","footnotes":""},"class_list":["post-100853","page","type-page","status-publish","hentry"],"_links":{"self":[{"href":"https:\/\/casadagrela.com\/es\/wp-json\/wp\/v2\/pages\/100853","targetHints":{"allow":["GET"]}}],"collection":[{"href":"https:\/\/casadagrela.com\/es\/wp-json\/wp\/v2\/pages"}],"about":[{"href":"https:\/\/casadagrela.com\/es\/wp-json\/wp\/v2\/types\/page"}],"author":[{"embeddable":true,"href":"https:\/\/casadagrela.com\/es\/wp-json\/wp\/v2\/users\/1"}],"replies":[{"embeddable":true,"href":"https:\/\/casadagrela.com\/es\/wp-json\/wp\/v2\/comments?post=100853"}],"version-history":[{"count":5,"href":"https:\/\/casadagrela.com\/es\/wp-json\/wp\/v2\/pages\/100853\/revisions"}],"predecessor-version":[{"id":101384,"href":"https:\/\/casadagrela.com\/es\/wp-json\/wp\/v2\/pages\/100853\/revisions\/101384"}],"wp:attachment":[{"href":"https:\/\/casadagrela.com\/es\/wp-json\/wp\/v2\/media?parent=100853"}],"curies":[{"name":"wp","href":"https:\/\/api.w.org\/{rel}","templated":true}]}}