{"id":100860,"date":"2024-02-26T09:11:49","date_gmt":"2024-02-26T08:11:49","guid":{"rendered":"https:\/\/casadagrela.com\/evenements\/"},"modified":"2026-01-07T10:03:31","modified_gmt":"2026-01-07T09:03:31","slug":"evenements","status":"publish","type":"page","link":"https:\/\/casadagrela.com\/es\/evenements\/","title":{"rendered":"Evenements"},"content":{"rendered":"<p>[et_pb_section fb_built=\u00bb1&#8243; _builder_version=\u00bb4.18.0&#8243; _module_preset=\u00bbdefault\u00bb background_color=\u00bbgcid-77cac542-5d8b-49cc-a7ee-2a084150afcc\u00bb background_enable_image=\u00bboff\u00bb background_size=\u00bbinitial\u00bb background_position=\u00bbcenter_left\u00bb custom_padding=\u00bb0px||0px||true|false\u00bb global_colors_info=\u00bb{%22gcid-77cac542-5d8b-49cc-a7ee-2a084150afcc%22:%91%22background_color%22%93}\u00bb][et_pb_row column_structure=\u00bb1_2,1_2&#8243; make_equal=\u00bbon\u00bb _builder_version=\u00bb4.27.4&#8243; _module_preset=\u00bbdefault\u00bb width=\u00bb100%\u00bb max_width=\u00bb100%\u00bb custom_padding=\u00bb0px||0px||true|false\u00bb global_colors_info=\u00bb{}\u00bb][et_pb_column type=\u00bb1_2&#8243; _builder_version=\u00bb4.27.4&#8243; _module_preset=\u00bbdefault\u00bb background_color=\u00bbgcid-607914a3-c41a-4c2b-b049-2b6741356977&#8243; background_image=\u00bbhttps:\/\/casadagrela.com\/wp-content\/uploads\/2024\/12\/IMG_0323-scaled.jpg\u00bb parallax=\u00bbon\u00bb custom_padding=\u00bb75px|75px|40px|75px|false|true\u00bb custom_padding_tablet=\u00bb75px|75px|75px|75px|true|true\u00bb custom_padding_phone=\u00bb35px|35px|35px|35px|true|true\u00bb custom_padding_last_edited=\u00bbon|phone\u00bb global_colors_info=\u00bb{%22gcid-607914a3-c41a-4c2b-b049-2b6741356977%22:%91%22background_color%22%93}\u00bb][\/et_pb_column][et_pb_column type=\u00bb1_2&#8243; module_class=\u00bbhero-column-2&#8243; _builder_version=\u00bb4.18.0&#8243; _module_preset=\u00bbdefault\u00bb custom_padding=\u00bb120px||100px||false|false\u00bb custom_padding_tablet=\u00bb75px|75px|75px|75px|false|false\u00bb custom_padding_phone=\u00bb35px|35px|35px|35px|false|false\u00bb custom_padding_last_edited=\u00bbon|desktop\u00bb global_colors_info=\u00bb{}\u00bb][et_pb_text module_class=\u00bbclara-title title-desc-600&#8243; _builder_version=\u00bb4.27.4&#8243; _module_preset=\u00bbdefault\u00bb width=\u00bb600px\u00bb width_tablet=\u00bb100%\u00bb width_phone=\u00bb100%\u00bb width_last_edited=\u00bbon|tablet\u00bb custom_margin=\u00bb||30px|||\u00bb header_font_size_tablet=\u00bb\u00bb header_font_size_phone=\u00bb28px\u00bb header_font_size_last_edited=\u00bbon|phone\u00bb global_colors_info=\u00bb{}\u00bb]<\/p>\n<h1>Estancias a medida<\/h1>\n<p>[\/et_pb_text][et_pb_text module_class=\u00bbtitle-desc-600&#8243; _builder_version=\u00bb4.27.4&#8243; _module_preset=\u00bbdefault\u00bb width=\u00bb600px\u00bb width_tablet=\u00bb100%\u00bb width_phone=\u00bb100%\u00bb width_last_edited=\u00bbon|tablet\u00bb global_colors_info=\u00bb{}\u00bb]<\/p>\n<p>Imagine un entorno id\u00edlico, enclavado en plena naturaleza, donde se combinan el encanto r\u00fastico y la elegante modernidad.<\/p>\n<p>La casa est\u00e1 disponible para eventos especiales, como sesiones de fotos, seminarios de empresa o peque\u00f1as recepciones (cumplea\u00f1os, bautizos, comuniones, etc.).<\/p>\n<p><strong>Podemos ayudarle a dise\u00f1ar y organizar una estancia personalizada. Para m\u00e1s informaci\u00f3n, cont\u00e1ctenos.<\/strong><\/p>\n<p>[\/et_pb_text][et_pb_button button_url=\u00bbhttps:\/\/casadagrela.com\/es\/contact\/\u00bb button_text=\u00bbReserva mi evento\u00bb _builder_version=\u00bb4.27.4&#8243; _module_preset=\u00bbdefault\u00bb custom_button=\u00bbon\u00bb button_text_size=\u00bb18px\u00bb button_text_color=\u00bb#FFFFFF\u00bb button_bg_color=\u00bbgcid-1b78aa34-1fc7-47b1-8c8b-84d89ef44e83&#8243; button_border_width=\u00bb0px\u00bb button_border_radius=\u00bb0px\u00bb button_font=\u00bb||||||||\u00bb button_use_icon=\u00bboff\u00bb button_text_shadow_style=\u00bbpreset3&#8243; button_text_shadow_horizontal_length=\u00bb0.03em\u00bb button_text_shadow_vertical_length=\u00bb0.03em\u00bb button_text_shadow_blur_strength=\u00bb0.05em\u00bb button_text_shadow_color=\u00bbrgba(0,0,0,0.1)\u00bb box_shadow_style=\u00bbpreset1&#8243; box_shadow_blur=\u00bb25px\u00bb box_shadow_color=\u00bbrgba(0,0,0,0.2)\u00bb global_colors_info=\u00bb{%22gcid-1b78aa34-1fc7-47b1-8c8b-84d89ef44e83%22:%91%22button_bg_color%22,%22button_bg_color%22%93,%22gcid-8dc34fe4-e8a4-4f59-95f0-49dd18bc1899%22:%91%22button_bg_color__hover%22%93}\u00bb box_shadow_vertical__hover_enabled=\u00bbon|desktop\u00bb button_bg_color__hover_enabled=\u00bbon|hover\u00bb button_bg_color__hover=\u00bb#32897e\u00bb button_bg_enable_color__hover=\u00bbon\u00bb][\/et_pb_button][\/et_pb_column][\/et_pb_row][\/et_pb_section][et_pb_section fb_built=\u00bb1&#8243; _builder_version=\u00bb4.18.0&#8243; _module_preset=\u00bbdefault\u00bb global_colors_info=\u00bb{}\u00bb][et_pb_row _builder_version=\u00bb4.18.0&#8243; _module_preset=\u00bbdefault\u00bb global_colors_info=\u00bb{}\u00bb][et_pb_column type=\u00bb4_4&#8243; _builder_version=\u00bb4.18.0&#8243; _module_preset=\u00bbdefault\u00bb global_colors_info=\u00bb{}\u00bb][et_pb_text module_class=\u00bbclara-title\u00bb _builder_version=\u00bb4.27.4&#8243; _module_preset=\u00bbdefault\u00bb header_2_text_align=\u00bbcenter\u00bb header_2_font_size=\u00bb42px\u00bb text_orientation=\u00bbcenter\u00bb custom_margin=\u00bb||50px||false|false\u00bb header_2_font_size_tablet=\u00bb42px\u00bb header_2_font_size_phone=\u00bb28px\u00bb header_2_font_size_last_edited=\u00bbon|phone\u00bb global_colors_info=\u00bb{}\u00bb]<\/p>\n<h2>Un lugar c\u00e1lido y acogedor.<\/h2>\n<p>[\/et_pb_text][et_pb_text _builder_version=\u00bb4.27.4&#8243; _module_preset=\u00bbdefault\u00bb text_font=\u00bb||||||||\u00bb text_text_color=\u00bb#939393&#8243; text_line_height=\u00bb1.8em\u00bb text_orientation=\u00bbcenter\u00bb width=\u00bb70%\u00bb width_tablet=\u00bb100%\u00bb width_phone=\u00bb100%\u00bb width_last_edited=\u00bbon|tablet\u00bb module_alignment=\u00bbcenter\u00bb custom_padding=\u00bb0px|||||\u00bb global_colors_info=\u00bb{}\u00bb]<\/p>\n<p>Imagine un entorno id\u00edlico, enclavado en plena naturaleza, donde se combinan el encanto r\u00fastico y la elegante modernidad. Es aqu\u00ed, en nuestro albergue, donde sus eventos adquirir\u00e1n una dimensi\u00f3n inolvidable.<\/p>\n<p>[\/et_pb_text][\/et_pb_column][\/et_pb_row][et_pb_row column_structure=\u00bb1_3,1_3,1_3&#8243; _builder_version=\u00bb4.18.0&#8243; _module_preset=\u00bbdefault\u00bb global_colors_info=\u00bb{}\u00bb][et_pb_column type=\u00bb1_3&#8243; _builder_version=\u00bb4.18.0&#8243; _module_preset=\u00bbdefault\u00bb animation_style=\u00bbslide\u00bb animation_direction=\u00bbbottom\u00bb animation_intensity_slide=\u00bb15%\u00bb animation_starting_opacity=\u00bb100%\u00bb global_colors_info=\u00bb{}\u00bb][et_pb_image src=\u00bbhttps:\/\/casadagrela.com\/wp-content\/uploads\/2024\/02\/seminaire.png\u00bb title_text=\u00bbseminaire\u00bb _builder_version=\u00bb4.24.0&#8243; _module_preset=\u00bbdefault\u00bb border_width_all=\u00bb14px\u00bb border_color_all=\u00bbgcid-77cac542-5d8b-49cc-a7ee-2a084150afcc\u00bb global_colors_info=\u00bb{%22gcid-77cac542-5d8b-49cc-a7ee-2a084150afcc%22:%91%22border_color_all%22%93}\u00bb][\/et_pb_image][et_pb_text _builder_version=\u00bb4.27.4&#8243; _module_preset=\u00bbdefault\u00bb text_font=\u00bb||||||||\u00bb header_3_text_align=\u00bbcenter\u00bb custom_margin=\u00bb||5px||false|false\u00bb global_colors_info=\u00bb{}\u00bb]<\/p>\n<h3>Seminarios<\/h3>\n<p>[\/et_pb_text][et_pb_text _builder_version=\u00bb4.27.4&#8243; _module_preset=\u00bbdefault\u00bb text_font=\u00bb||||||||\u00bb text_text_color=\u00bb#939393&#8243; text_orientation=\u00bbcenter\u00bb width=\u00bb78%\u00bb module_alignment=\u00bbcenter\u00bb global_colors_info=\u00bb{}\u00bb]<\/p>\n<p>Calma y productividad rodeado de naturaleza, para seminarios exitosos.<\/p>\n<p>[\/et_pb_text][\/et_pb_column][et_pb_column type=\u00bb1_3&#8243; _builder_version=\u00bb4.18.0&#8243; _module_preset=\u00bbdefault\u00bb animation_style=\u00bbslide\u00bb animation_direction=\u00bbbottom\u00bb animation_delay=\u00bb150ms\u00bb animation_intensity_slide=\u00bb15%\u00bb animation_starting_opacity=\u00bb100%\u00bb global_colors_info=\u00bb{}\u00bb][et_pb_image src=\u00bbhttps:\/\/casadagrela.com\/wp-content\/uploads\/2024\/02\/shooting.png\u00bb title_text=\u00bbshooting\u00bb _builder_version=\u00bb4.24.0&#8243; _module_preset=\u00bbdefault\u00bb border_width_all=\u00bb14px\u00bb border_color_all=\u00bbgcid-77cac542-5d8b-49cc-a7ee-2a084150afcc\u00bb global_colors_info=\u00bb{%22gcid-77cac542-5d8b-49cc-a7ee-2a084150afcc%22:%91%22border_color_all%22%93}\u00bb][\/et_pb_image][et_pb_text _builder_version=\u00bb4.27.4&#8243; _module_preset=\u00bbdefault\u00bb text_font=\u00bb||||||||\u00bb header_3_text_align=\u00bbcenter\u00bb custom_margin=\u00bb||5px||false|false\u00bb global_colors_info=\u00bb{}\u00bb]<\/p>\n<h3>Sesi\u00f3n de fotos<\/h3>\n<p>[\/et_pb_text][et_pb_text _builder_version=\u00bb4.27.4&#8243; _module_preset=\u00bbdefault\u00bb text_font=\u00bb||||||||\u00bb text_text_color=\u00bb#939393&#8243; text_orientation=\u00bbcenter\u00bb width=\u00bb78%\u00bb module_alignment=\u00bbcenter\u00bb global_colors_info=\u00bb{}\u00bb]<\/p>\n<p>Entorno id\u00edlico y decoraci\u00f3n variada, luz natural.<\/p>\n<p>[\/et_pb_text][\/et_pb_column][et_pb_column type=\u00bb1_3&#8243; _builder_version=\u00bb4.18.0&#8243; _module_preset=\u00bbdefault\u00bb animation_style=\u00bbslide\u00bb animation_direction=\u00bbbottom\u00bb animation_delay=\u00bb300ms\u00bb animation_intensity_slide=\u00bb15%\u00bb animation_starting_opacity=\u00bb100%\u00bb global_colors_info=\u00bb{}\u00bb][et_pb_image src=\u00bbhttps:\/\/casadagrela.com\/wp-content\/uploads\/2025\/01\/atelier_ecriture_12.png\u00bb title_text=\u00bbatelier_ecriture_12&#8243; _builder_version=\u00bb4.27.4&#8243; _module_preset=\u00bbdefault\u00bb border_width_all=\u00bb14px\u00bb border_color_all=\u00bbgcid-77cac542-5d8b-49cc-a7ee-2a084150afcc\u00bb global_colors_info=\u00bb{%22gcid-77cac542-5d8b-49cc-a7ee-2a084150afcc%22:%91%22border_color_all%22%93}\u00bb][\/et_pb_image][et_pb_text _builder_version=\u00bb4.27.4&#8243; _module_preset=\u00bbdefault\u00bb text_font=\u00bb||||||||\u00bb header_3_text_align=\u00bbcenter\u00bb custom_margin=\u00bb||5px||false|false\u00bb global_colors_info=\u00bb{}\u00bb]<\/p>\n<h3>Taller de escritura<\/h3>\n<p>[\/et_pb_text][et_pb_text _builder_version=\u00bb4.27.4&#8243; _module_preset=\u00bbdefault\u00bb text_font=\u00bb||||||||\u00bb text_text_color=\u00bb#939393&#8243; text_orientation=\u00bbcenter\u00bb width=\u00bb78%\u00bb module_alignment=\u00bbcenter\u00bb global_colors_info=\u00bb{}\u00bb]<\/p>\n<p>Crea, explora, escribe: el taller que libera tus palabras.<\/p>\n<p>[\/et_pb_text][\/et_pb_column][\/et_pb_row][et_pb_row column_structure=\u00bb1_3,1_3,1_3&#8243; _builder_version=\u00bb4.18.0&#8243; _module_preset=\u00bbdefault\u00bb global_colors_info=\u00bb{}\u00bb][et_pb_column type=\u00bb1_3&#8243; _builder_version=\u00bb4.18.0&#8243; _module_preset=\u00bbdefault\u00bb animation_style=\u00bbslide\u00bb animation_direction=\u00bbbottom\u00bb animation_intensity_slide=\u00bb15%\u00bb animation_starting_opacity=\u00bb100%\u00bb global_colors_info=\u00bb{}\u00bb][et_pb_image src=\u00bbhttps:\/\/casadagrela.com\/wp-content\/uploads\/2025\/01\/Atelier-cuisine.png\u00bb title_text=\u00bbAtelier cuisine\u00bb _builder_version=\u00bb4.27.4&#8243; _module_preset=\u00bbdefault\u00bb border_width_all=\u00bb14px\u00bb border_color_all=\u00bbgcid-77cac542-5d8b-49cc-a7ee-2a084150afcc\u00bb global_colors_info=\u00bb{%22gcid-77cac542-5d8b-49cc-a7ee-2a084150afcc%22:%91%22border_color_all%22%93}\u00bb][\/et_pb_image][et_pb_text _builder_version=\u00bb4.27.4&#8243; _module_preset=\u00bbdefault\u00bb text_font=\u00bb||||||||\u00bb header_3_text_align=\u00bbcenter\u00bb custom_margin=\u00bb||5px||false|false\u00bb global_colors_info=\u00bb{}\u00bb]<\/p>\n<h3>Talleres de cocina<\/h3>\n<p>[\/et_pb_text][et_pb_text _builder_version=\u00bb4.27.4&#8243; _module_preset=\u00bbdefault\u00bb text_font=\u00bb||||||||\u00bb text_text_color=\u00bb#939393&#8243; text_orientation=\u00bbcenter\u00bb width=\u00bb78%\u00bb module_alignment=\u00bbcenter\u00bb global_colors_info=\u00bb{}\u00bb]<\/p>\n<p>Descubre, crea, saborea: el taller de cocina te espera.<\/p>\n<p>[\/et_pb_text][\/et_pb_column][et_pb_column type=\u00bb1_3&#8243; _builder_version=\u00bb4.18.0&#8243; _module_preset=\u00bbdefault\u00bb animation_style=\u00bbslide\u00bb animation_direction=\u00bbbottom\u00bb animation_delay=\u00bb150ms\u00bb animation_intensity_slide=\u00bb15%\u00bb animation_starting_opacity=\u00bb100%\u00bb global_colors_info=\u00bb{}\u00bb][et_pb_image src=\u00bbhttps:\/\/casadagrela.com\/wp-content\/uploads\/2025\/11\/Section-2-photo-5.jpg\u00bb title_text=\u00bbSection 2 photo 5&#8243; _builder_version=\u00bb4.27.4&#8243; _module_preset=\u00bbdefault\u00bb border_width_all=\u00bb14px\u00bb border_color_all=\u00bbgcid-77cac542-5d8b-49cc-a7ee-2a084150afcc\u00bb global_colors_info=\u00bb{%22gcid-77cac542-5d8b-49cc-a7ee-2a084150afcc%22:%91%22border_color_all%22%93}\u00bb locked=\u00bboff\u00bb][\/et_pb_image][et_pb_text _builder_version=\u00bb4.27.4&#8243; _module_preset=\u00bbdefault\u00bb text_font=\u00bb||||||||\u00bb header_3_text_align=\u00bbcenter\u00bb custom_margin=\u00bb||5px||false|false\u00bb global_colors_info=\u00bb{}\u00bb]<\/p>\n<h3>Cumplea\u00f1os<\/h3>\n<p>[\/et_pb_text][et_pb_text _builder_version=\u00bb4.27.4&#8243; _module_preset=\u00bbdefault\u00bb text_font=\u00bb||||||||\u00bb text_text_color=\u00bb#939393&#8243; text_orientation=\u00bbcenter\u00bb width=\u00bb78%\u00bb module_alignment=\u00bbcenter\u00bb global_colors_info=\u00bb{}\u00bb]<\/p>\n<p>Celebraci\u00f3n inolvidable en un entorno \u00fanico, para todas las edades.<\/p>\n<p>[\/et_pb_text][\/et_pb_column][et_pb_column type=\u00bb1_3&#8243; _builder_version=\u00bb4.18.0&#8243; _module_preset=\u00bbdefault\u00bb animation_style=\u00bbslide\u00bb animation_direction=\u00bbbottom\u00bb animation_delay=\u00bb300ms\u00bb animation_intensity_slide=\u00bb15%\u00bb animation_starting_opacity=\u00bb100%\u00bb global_colors_info=\u00bb{}\u00bb][et_pb_image src=\u00bbhttps:\/\/casadagrela.com\/wp-content\/uploads\/2024\/02\/team.png\u00bb title_text=\u00bbteam\u00bb _builder_version=\u00bb4.24.0&#8243; _module_preset=\u00bbdefault\u00bb border_width_all=\u00bb14px\u00bb border_color_all=\u00bbgcid-77cac542-5d8b-49cc-a7ee-2a084150afcc\u00bb global_colors_info=\u00bb{%22gcid-77cac542-5d8b-49cc-a7ee-2a084150afcc%22:%91%22border_color_all%22%93}\u00bb][\/et_pb_image][et_pb_text _builder_version=\u00bb4.27.4&#8243; _module_preset=\u00bbdefault\u00bb text_font=\u00bb||||||||\u00bb header_3_text_align=\u00bbcenter\u00bb custom_margin=\u00bb||5px||false|false\u00bb global_colors_info=\u00bb{}\u00bb]<\/p>\n<h3>Recepciones<\/h3>\n<p>[\/et_pb_text][et_pb_text _builder_version=\u00bb4.27.4&#8243; _module_preset=\u00bbdefault\u00bb text_font=\u00bb||||||||\u00bb text_text_color=\u00bb#939393&#8243; text_orientation=\u00bbcenter\u00bb width=\u00bb78%\u00bb module_alignment=\u00bbcenter\u00bb global_colors_info=\u00bb{}\u00bb]<\/p>\n<p>Eventos privados y profesionales, ambiente elegante, catering aut\u00e9ntico.<\/p>\n<p>[\/et_pb_text][\/et_pb_column][\/et_pb_row][\/et_pb_section][et_pb_section fb_built=\u00bb1&#8243; _builder_version=\u00bb4.27.4&#8243; _module_preset=\u00bbdefault\u00bb background_color=\u00bbrgba(10,10,10,0.15)\u00bb background_image=\u00bbhttps:\/\/casadagrela.com\/wp-content\/uploads\/2024\/12\/IMG_20240126_164534-scaled.jpg\u00bb background_blend=\u00bboverlay\u00bb custom_padding=\u00bb66px|||||\u00bb global_colors_info=\u00bb{}\u00bb][et_pb_row _builder_version=\u00bb4.24.0&#8243; _module_preset=\u00bbdefault\u00bb global_colors_info=\u00bb{}\u00bb][et_pb_column type=\u00bb4_4&#8243; _builder_version=\u00bb4.24.0&#8243; _module_preset=\u00bbdefault\u00bb global_colors_info=\u00bb{}\u00bb][et_pb_text _builder_version=\u00bb4.27.4&#8243; _module_preset=\u00bbdefault\u00bb text_text_color=\u00bb#FFFFFF\u00bb global_colors_info=\u00bb{}\u00bb]<\/p>\n<p style=\"text-align: center;\">\u00bfPreguntas?<\/p>\n<p>[\/et_pb_text][et_pb_text _builder_version=\u00bb4.27.4&#8243; _module_preset=\u00bbdefault\u00bb text_text_color=\u00bb#FFFFFF\u00bb text_font_size=\u00bb40px\u00bb global_colors_info=\u00bb{}\u00bb]<\/p>\n<p style=\"text-align: center;\"><strong>Cont\u00e1ctenos<\/strong><\/p>\n<p>[\/et_pb_text][et_pb_button button_url=\u00bbhttps:\/\/casadagrela.com\/es\/contact\/\u00bb button_text=\u00bbCont\u00e1ctenos\u00bb button_alignment=\u00bbcenter\u00bb _builder_version=\u00bb4.27.4&#8243; _module_preset=\u00bbdefault\u00bb custom_button=\u00bbon\u00bb button_text_size=\u00bb14px\u00bb button_text_color=\u00bb#FFFFFF\u00bb button_bg_color=\u00bbgcid-1b78aa34-1fc7-47b1-8c8b-84d89ef44e83&#8243; button_border_width=\u00bb0px\u00bb button_border_radius=\u00bb0px\u00bb button_use_icon=\u00bboff\u00bb custom_padding=\u00bb7px|20px|5px|20px|false|true\u00bb button_text_shadow_style=\u00bbpreset3&#8243; button_text_shadow_horizontal_length=\u00bb0.03em\u00bb button_text_shadow_vertical_length=\u00bb0.03em\u00bb button_text_shadow_blur_strength=\u00bb0.05em\u00bb button_text_shadow_color=\u00bbrgba(0,0,0,0.2)\u00bb box_shadow_style=\u00bbpreset1&#8243; box_shadow_blur=\u00bb25px\u00bb box_shadow_color=\u00bbrgba(0,0,0,0.2)\u00bb global_colors_info=\u00bb{%22gcid-1b78aa34-1fc7-47b1-8c8b-84d89ef44e83%22:%91%22button_bg_color%22,%22button_bg_color%22,%22button_bg_color%22%93,%22gcid-8dc34fe4-e8a4-4f59-95f0-49dd18bc1899%22:%91%22button_bg_color__hover%22%93}\u00bb button_bg_color__hover=\u00bb#32897e\u00bb button_bg_color__hover_enabled=\u00bbon|hover\u00bb][\/et_pb_button][\/et_pb_column][\/et_pb_row][\/et_pb_section][et_pb_section fb_built=\u00bb1&#8243; _builder_version=\u00bb4.24.0&#8243; _module_preset=\u00bbdefault\u00bb background_color=\u00bbgcid-77cac542-5d8b-49cc-a7ee-2a084150afcc\u00bb custom_padding=\u00bb25px||25px||true|false\u00bb locked=\u00bboff\u00bb global_colors_info=\u00bb{%22gcid-77cac542-5d8b-49cc-a7ee-2a084150afcc%22:%91%22background_color%22%93}\u00bb][et_pb_row column_structure=\u00bb1_4,1_2,1_4&#8243; _builder_version=\u00bb4.18.0&#8243; _module_preset=\u00bbdefault\u00bb max_width=\u00bb1400px\u00bb custom_margin=\u00bb0px||0px||true|false\u00bb global_colors_info=\u00bb{}\u00bb][et_pb_column type=\u00bb1_4&#8243; _builder_version=\u00bb4.18.0&#8243; _module_preset=\u00bbdefault\u00bb custom_padding=\u00bb30px||||false|false\u00bb global_colors_info=\u00bb{}\u00bb][et_pb_text _builder_version=\u00bb4.27.4&#8243; _module_preset=\u00bbdefault\u00bb link_font=\u00bb||||on||||\u00bb link_text_color=\u00bb#000000&#8243; global_colors_info=\u00bb{}\u00bb]<\/p>\n<p><strong>Enlaces \u00fatiles<\/strong><\/p>\n<p><a href=\"https:\/\/casadagrela.com\/es\/\">Home<\/a><br \/><a href=\"https:\/\/casadagrela.com\/es\/vacances\/\">Vacaciones<\/a><br \/><a href=\"https:\/\/casadagrela.com\/es\/retraites-et-formations\/\">Retiros y talleres<\/a><br \/><a href=\"https:\/\/casadagrela.com\/es\/evenements\/\">Eventos<\/a><br \/><a href=\"https:\/\/casadagrela.com\/es\/tarif\/\">Tarifas<\/a><br \/><a href=\"https:\/\/casadagrela.com\/es\/la-maison\/\">La casa<\/a><br \/><a href=\"https:\/\/casadagrela.com\/es\/contact\/\">Contacto<\/a><\/p>\n<p>[\/et_pb_text][\/et_pb_column][et_pb_column type=\u00bb1_2&#8243; _builder_version=\u00bb4.18.0&#8243; _module_preset=\u00bbdefault\u00bb global_colors_info=\u00bb{}\u00bb][et_pb_image src=\u00bbhttps:\/\/casadagrela.com\/wp-content\/uploads\/2024\/02\/logo-agrela.png\u00bb title_text=\u00bblogo agrela\u00bb align=\u00bbcenter\u00bb _builder_version=\u00bb4.24.0&#8243; _module_preset=\u00bbdefault\u00bb width=\u00bb175px\u00bb max_width=\u00bb175px\u00bb custom_margin=\u00bb||25px||false|false\u00bb global_colors_info=\u00bb{}\u00bb][\/et_pb_image][et_pb_text _builder_version=\u00bb4.27.4&#8243; _module_preset=\u00bbdefault\u00bb text_font=\u00bb||on||||||\u00bb text_text_color=\u00bb#4f4f4f\u00bb text_orientation=\u00bbcenter\u00bb module_alignment=\u00bbcenter\u00bb custom_margin=\u00bb||20px||false|false\u00bb global_colors_info=\u00bb{}\u00bb]<\/p>\n<p>Un entorno id\u00edlico para relajarse y aprender a vivir mejor<\/p>\n<p>[\/et_pb_text][et_pb_social_media_follow _builder_version=\u00bb4.27.4&#8243; _module_preset=\u00bbdefault\u00bb text_orientation=\u00bbcenter\u00bb global_colors_info=\u00bb{}\u00bb][et_pb_social_media_follow_network social_network=\u00bbinstagram\u00bb url=\u00bbhttps:\/\/www.instagram.com\/casadagrela\/\u00bb _builder_version=\u00bb4.27.4&#8243; _module_preset=\u00bbdefault\u00bb background_color=\u00bb#ea2c59&#8243; global_colors_info=\u00bb{}\u00bb follow_button=\u00bboff\u00bb url_new_window=\u00bbon\u00bb]instagram[\/et_pb_social_media_follow_network][\/et_pb_social_media_follow][\/et_pb_column][et_pb_column type=\u00bb1_4&#8243; _builder_version=\u00bb4.18.0&#8243; _module_preset=\u00bbdefault\u00bb custom_padding=\u00bb30px||||false|false\u00bb global_colors_info=\u00bb{}\u00bb][et_pb_text _builder_version=\u00bb4.27.4&#8243; _module_preset=\u00bbdefault\u00bb link_font=\u00bb||||on||||\u00bb link_text_color=\u00bb#000000&#8243; text_orientation=\u00bbright\u00bb text_orientation_tablet=\u00bbleft\u00bb text_orientation_phone=\u00bbleft\u00bb text_orientation_last_edited=\u00bbon|tablet\u00bb global_colors_info=\u00bb{}\u00bb]<\/p>\n<p><strong>Avisos legales<\/strong><\/p>\n<p><a href=\"https:\/\/casadagrela.com\/es\/confidentialite\/\">Condiciones generales de uso y pol\u00edtica de privacidad<\/a><\/p>\n<p>&nbsp;<\/p>\n<p>[\/et_pb_text][\/et_pb_column][\/et_pb_row][\/et_pb_section][et_pb_section fb_built=\u00bb1&#8243; _builder_version=\u00bb4.18.0&#8243; _module_preset=\u00bbdefault\u00bb custom_padding=\u00bb0px||0px||true|false\u00bb locked=\u00bboff\u00bb global_colors_info=\u00bb{}\u00bb][et_pb_row column_structure=\u00bb1_6,1_6,1_6,1_6,1_6,1_6&#8243; use_custom_gutter=\u00bbon\u00bb gutter_width=\u00bb1&#8243; make_equal=\u00bbon\u00bb _builder_version=\u00bb4.18.0&#8243; _module_preset=\u00bbdefault\u00bb width=\u00bb100%\u00bb max_width=\u00bb100%\u00bb custom_padding=\u00bb0px||0px||true|false\u00bb locked=\u00bboff\u00bb global_colors_info=\u00bb{}\u00bb][et_pb_column type=\u00bb1_6&#8243; _builder_version=\u00bb4.18.0&#8243; _module_preset=\u00bbdefault\u00bb global_colors_info=\u00bb{}\u00bb][et_pb_image src=\u00bbhttps:\/\/casadagrela.com\/wp-content\/uploads\/2024\/12\/IMG_20231121_100507-scaled.jpg\u00bb title_text=\u00bbIMG_20231121_100507&#8243; _builder_version=\u00bb4.27.4&#8243; _module_preset=\u00bbdefault\u00bb global_colors_info=\u00bb{}\u00bb][\/et_pb_image][\/et_pb_column][et_pb_column type=\u00bb1_6&#8243; _builder_version=\u00bb4.18.0&#8243; _module_preset=\u00bbdefault\u00bb global_colors_info=\u00bb{}\u00bb][et_pb_image src=\u00bbhttps:\/\/casadagrela.com\/wp-content\/uploads\/2025\/11\/Footer-02.jpg\u00bb title_text=\u00bbFooter 02&#8243; _builder_version=\u00bb4.27.4&#8243; _module_preset=\u00bbdefault\u00bb global_colors_info=\u00bb{}\u00bb][\/et_pb_image][\/et_pb_column][et_pb_column type=\u00bb1_6&#8243; _builder_version=\u00bb4.18.0&#8243; _module_preset=\u00bbdefault\u00bb global_colors_info=\u00bb{}\u00bb][et_pb_image src=\u00bbhttps:\/\/casadagrela.com\/wp-content\/uploads\/2025\/11\/footer-03.jpg\u00bb title_text=\u00bbfooter 03&#8243; _builder_version=\u00bb4.27.4&#8243; _module_preset=\u00bbdefault\u00bb global_colors_info=\u00bb{}\u00bb][\/et_pb_image][\/et_pb_column][et_pb_column type=\u00bb1_6&#8243; _builder_version=\u00bb4.18.0&#8243; _module_preset=\u00bbdefault\u00bb global_colors_info=\u00bb{}\u00bb][et_pb_image src=\u00bbhttps:\/\/casadagrela.com\/wp-content\/uploads\/2024\/12\/PHOTO-2024-11-30-14-21-32-8.jpg\u00bb title_text=\u00bbPHOTO-2024-11-30-14-21-32 (8)\u00bb _builder_version=\u00bb4.27.4&#8243; _module_preset=\u00bbdefault\u00bb global_colors_info=\u00bb{}\u00bb][\/et_pb_image][\/et_pb_column][et_pb_column type=\u00bb1_6&#8243; _builder_version=\u00bb4.18.0&#8243; _module_preset=\u00bbdefault\u00bb global_colors_info=\u00bb{}\u00bb][et_pb_image src=\u00bbhttps:\/\/casadagrela.com\/wp-content\/uploads\/2024\/12\/IMG-20241007-WA0010.jpg\u00bb title_text=\u00bbIMG-20241007-WA0010&#8243; _builder_version=\u00bb4.27.4&#8243; _module_preset=\u00bbdefault\u00bb global_colors_info=\u00bb{}\u00bb][\/et_pb_image][\/et_pb_column][et_pb_column type=\u00bb1_6&#8243; _builder_version=\u00bb4.18.0&#8243; _module_preset=\u00bbdefault\u00bb global_colors_info=\u00bb{}\u00bb][et_pb_image src=\u00bbhttps:\/\/casadagrela.com\/wp-content\/uploads\/2025\/11\/footer-05.jpg\u00bb title_text=\u00bbfooter 05&#8243; _builder_version=\u00bb4.27.4&#8243; _module_preset=\u00bbdefault\u00bb global_colors_info=\u00bb{}\u00bb][\/et_pb_image][\/et_pb_column][\/et_pb_row][et_pb_row _builder_version=\u00bb4.18.0&#8243; _module_preset=\u00bbdefault\u00bb global_colors_info=\u00bb{}\u00bb][et_pb_column type=\u00bb4_4&#8243; _builder_version=\u00bb4.18.0&#8243; _module_preset=\u00bbdefault\u00bb global_colors_info=\u00bb{}\u00bb][et_pb_text _builder_version=\u00bb4.27.4&#8243; _module_preset=\u00bbdefault\u00bb text_orientation=\u00bbcenter\u00bb link_option_url_new_window=\u00bbon\u00bb global_colors_info=\u00bb{}\u00bb]<\/p>\n<p>Copyright 2025 | Sitio creado por <a href=\"https:\/\/pixel-jack.com\/\">pixel-jack.com<\/a><\/p>\n<p>[\/et_pb_text][\/et_pb_column][\/et_pb_row][\/et_pb_section]<\/p>\n","protected":false},"excerpt":{"rendered":"<p>Estancias a medidaImagine un entorno id\u00edlico, enclavado en plena naturaleza, donde se combinan el encanto r\u00fastico y la elegante modernidad. La casa est\u00e1 disponible para eventos especiales, como sesiones de fotos, seminarios de empresa o peque\u00f1as recepciones (cumplea\u00f1os, bautizos, comuniones, etc.). Podemos ayudarle a dise\u00f1ar y organizar una estancia personalizada. Para m\u00e1s informaci\u00f3n, cont\u00e1ctenos.Un lugar [&hellip;]<\/p>\n","protected":false},"author":1,"featured_media":0,"parent":0,"menu_order":0,"comment_status":"closed","ping_status":"closed","template":"","meta":{"_et_pb_use_builder":"on","_et_pb_old_content":"","_et_gb_content_width":"","footnotes":""},"class_list":["post-100860","page","type-page","status-publish","hentry"],"_links":{"self":[{"href":"https:\/\/casadagrela.com\/es\/wp-json\/wp\/v2\/pages\/100860","targetHints":{"allow":["GET"]}}],"collection":[{"href":"https:\/\/casadagrela.com\/es\/wp-json\/wp\/v2\/pages"}],"about":[{"href":"https:\/\/casadagrela.com\/es\/wp-json\/wp\/v2\/types\/page"}],"author":[{"embeddable":true,"href":"https:\/\/casadagrela.com\/es\/wp-json\/wp\/v2\/users\/1"}],"replies":[{"embeddable":true,"href":"https:\/\/casadagrela.com\/es\/wp-json\/wp\/v2\/comments?post=100860"}],"version-history":[{"count":5,"href":"https:\/\/casadagrela.com\/es\/wp-json\/wp\/v2\/pages\/100860\/revisions"}],"predecessor-version":[{"id":101363,"href":"https:\/\/casadagrela.com\/es\/wp-json\/wp\/v2\/pages\/100860\/revisions\/101363"}],"wp:attachment":[{"href":"https:\/\/casadagrela.com\/es\/wp-json\/wp\/v2\/media?parent=100860"}],"curies":[{"name":"wp","href":"https:\/\/api.w.org\/{rel}","templated":true}]}}