{"id":100881,"date":"2025-01-07T10:30:16","date_gmt":"2025-01-07T09:30:16","guid":{"rendered":"https:\/\/casadagrela.com\/tarot-2\/"},"modified":"2026-01-07T10:19:51","modified_gmt":"2026-01-07T09:19:51","slug":"tarot-2","status":"publish","type":"page","link":"https:\/\/casadagrela.com\/es\/tarot-2\/","title":{"rendered":"Tarot"},"content":{"rendered":"<p>[et_pb_section fb_built=\u00bb1&#8243; _builder_version=\u00bb4.27.4&#8243; _module_preset=\u00bbdefault\u00bb background_color=\u00bbgcid-77cac542-5d8b-49cc-a7ee-2a084150afcc\u00bb custom_padding=\u00bb35px||35px||true|false\u00bb global_colors_info=\u00bb{%22gcid-77cac542-5d8b-49cc-a7ee-2a084150afcc%22:%91%22background_color%22%93}\u00bb][et_pb_row _builder_version=\u00bb4.18.0&#8243; _module_preset=\u00bbdefault\u00bb global_colors_info=\u00bb{}\u00bb][et_pb_column type=\u00bb4_4&#8243; _builder_version=\u00bb4.18.0&#8243; _module_preset=\u00bbdefault\u00bb global_colors_info=\u00bb{}\u00bb][et_pb_text _builder_version=\u00bb4.27.4&#8243; _module_preset=\u00bbdefault\u00bb text_font=\u00bb&#8211;et_global_body_font||||||||\u00bb text_text_color=\u00bbgcid-1b78aa34-1fc7-47b1-8c8b-84d89ef44e83&#8243; custom_margin=\u00bb||10px||false|false\u00bb custom_margin_tablet=\u00bb||20px||false|false\u00bb custom_margin_phone=\u00bb||10px||false|false\u00bb custom_margin_last_edited=\u00bbon|phone\u00bb text_font_size_tablet=\u00bb54px\u00bb text_font_size_phone=\u00bb36px\u00bb text_font_size_last_edited=\u00bbon|phone\u00bb locked=\u00bboff\u00bb global_colors_info=\u00bb{%22gcid-1b78aa34-1fc7-47b1-8c8b-84d89ef44e83%22:%91%22text_text_color%22%93}\u00bb]<\/p>\n<p style=\"text-align: center;\">Capacitaci\u00f3n<\/p>\n<p>[\/et_pb_text][et_pb_text module_class=\u00bbclara-title\u00bb _builder_version=\u00bb4.27.4&#8243; _module_preset=\u00bbdefault\u00bb header_2_text_align=\u00bbcenter\u00bb header_2_font_size=\u00bb42px\u00bb text_orientation=\u00bbcenter\u00bb header_2_font_size_tablet=\u00bb42px\u00bb header_2_font_size_phone=\u00bb28px\u00bb header_2_font_size_last_edited=\u00bbon|phone\u00bb global_colors_info=\u00bb{}\u00bb]<\/p>\n<p><strong>LA PEREGRINACI\u00d3N DEL ALMA:<\/strong><\/p>\n<p><strong>Introducci\u00f3n al Tarot de Marsella para un mejor autoconocimiento<\/strong><\/p>\n<p>[\/et_pb_text][et_pb_text _builder_version=\u00bb4.27.4&#8243; _module_preset=\u00bbdefault\u00bb global_colors_info=\u00bb{}\u00bb]<\/p>\n<h2 style=\"text-align: center;\">Del 18 al 21\/09\/2025 &#8211; En franc\u00e9s<\/h2>\n<p>[\/et_pb_text][\/et_pb_column][\/et_pb_row][\/et_pb_section][et_pb_section fb_built=\u00bb1&#8243; _builder_version=\u00bb4.18.0&#8243; _module_preset=\u00bbdefault\u00bb background_color=\u00bb#f8f7f5&#8243; global_colors_info=\u00bb{}\u00bb][et_pb_row column_structure=\u00bb1_2,1_2&#8243; _builder_version=\u00bb4.18.0&#8243; _module_preset=\u00bbdefault\u00bb global_colors_info=\u00bb{}\u00bb][et_pb_column type=\u00bb1_2&#8243; _builder_version=\u00bb4.18.0&#8243; _module_preset=\u00bbdefault\u00bb global_colors_info=\u00bb{}\u00bb][et_pb_image src=\u00bbhttps:\/\/casadagrela.com\/wp-content\/uploads\/2025\/01\/LE-MAT-1.png\u00bb title_text=\u00bbLE-MAT-1&#8243; _builder_version=\u00bb4.27.4&#8243; _module_preset=\u00bbdefault\u00bb animation_style=\u00bbslide\u00bb animation_direction=\u00bbleft\u00bb animation_intensity_slide=\u00bb15%\u00bb animation_starting_opacity=\u00bb100%\u00bb global_colors_info=\u00bb{}\u00bb][\/et_pb_image][\/et_pb_column][et_pb_column type=\u00bb1_2&#8243; _builder_version=\u00bb4.18.0&#8243; _module_preset=\u00bbdefault\u00bb custom_padding=\u00bb35px||||false|false\u00bb global_colors_info=\u00bb{}\u00bb][et_pb_text module_class=\u00bbclara-title\u00bb _builder_version=\u00bb4.27.4&#8243; _module_preset=\u00bbdefault\u00bb global_colors_info=\u00bb{}\u00bb]<\/p>\n<h2>Descripci\u00f3n<\/h2>\n<p>[\/et_pb_text][et_pb_blurb _builder_version=\u00bb4.27.4&#8243; _module_preset=\u00bbdefault\u00bb header_font_size=\u00bb22px\u00bb custom_margin=\u00bb||25px||false|false\u00bb custom_padding=\u00bb||25px||false|false\u00bb border_width_bottom=\u00bb1px\u00bb border_color_bottom=\u00bb#dbdbdb\u00bb global_colors_info=\u00bb{}\u00bb]<\/p>\n<p>\u00bfQU\u00c9 DESCUBRIR\u00c1S?<\/p>\n<p>A trav\u00e9s del estudio y comprensi\u00f3n del simbolismo de los arquetipos de los arcanos mayores del Tarot de Marsella, este taller te invita a un viaje inici\u00e1tico en el camino hacia el conocimiento de tu ser encarnado.<\/p>\n<p>[\/et_pb_blurb][et_pb_toggle title=\u00bb\u00bfPor qu\u00e9 participar?\u00bb open_toggle_text_color=\u00bbgcid-1b78aa34-1fc7-47b1-8c8b-84d89ef44e83&#8243; open_toggle_background_color=\u00bb#FFFFFF\u00bb closed_toggle_background_color=\u00bb#FFFFFF\u00bb icon_color=\u00bbgcid-607914a3-c41a-4c2b-b049-2b6741356977&#8243; use_icon_font_size=\u00bbon\u00bb icon_font_size=\u00bb20px\u00bb open_icon_color=\u00bbgcid-607914a3-c41a-4c2b-b049-2b6741356977&#8243; open_use_icon_font_size=\u00bbon\u00bb open_icon_font_size=\u00bb20px\u00bb _builder_version=\u00bb4.27.4&#8243; _module_preset=\u00bbdefault\u00bb title_text_color=\u00bbgcid-1b78aa34-1fc7-47b1-8c8b-84d89ef44e83&#8243; title_font_size=\u00bb16px\u00bb body_text_color=\u00bb#939393&#8243; width_tablet=\u00bbauto\u00bb width_phone=\u00bbauto\u00bb width_last_edited=\u00bbon|phone\u00bb custom_margin=\u00bb||30px||false|true\u00bb custom_padding=\u00bb|25px||25px|false|true\u00bb border_width_all=\u00bb0px\u00bb border_width_bottom=\u00bb1px\u00bb border_color_bottom=\u00bbgcid-1b78aa34-1fc7-47b1-8c8b-84d89ef44e83&#8243; locked=\u00bboff\u00bb global_colors_info=\u00bb{%22gcid-1b78aa34-1fc7-47b1-8c8b-84d89ef44e83%22:%91%22border_color_bottom%22,%22open_toggle_text_color%22,%22title_text_color%22%93,%22gcid-607914a3-c41a-4c2b-b049-2b6741356977%22:%91%22icon_color%22,%22open_icon_color%22%93}\u00bb]<\/p>\n<p>Saber en qu\u00e9 punto de nuestra vida nos encontramos no es f\u00e1cil, saber hacia d\u00f3nde vamos lo es a\u00fan menos.<\/p>\n<p>El tarot, mucho m\u00e1s que una simple baraja de cartas, es una potente herramienta de desarrollo personal. Sus s\u00edmbolos ricos en significado te permiten conocerte mejor a ti mismo, comprender tus motivaciones profundas y navegar por los altibajos de la vida con mayor claridad y conciencia.<\/p>\n<p>[\/et_pb_toggle][et_pb_toggle title=\u00bbC\u00f3mo ?\u00bb open_toggle_text_color=\u00bbgcid-1b78aa34-1fc7-47b1-8c8b-84d89ef44e83&#8243; open_toggle_background_color=\u00bb#FFFFFF\u00bb closed_toggle_background_color=\u00bb#FFFFFF\u00bb icon_color=\u00bbgcid-607914a3-c41a-4c2b-b049-2b6741356977&#8243; use_icon_font_size=\u00bbon\u00bb icon_font_size=\u00bb20px\u00bb open_icon_color=\u00bbgcid-607914a3-c41a-4c2b-b049-2b6741356977&#8243; open_use_icon_font_size=\u00bbon\u00bb open_icon_font_size=\u00bb20px\u00bb _builder_version=\u00bb4.27.4&#8243; _module_preset=\u00bbdefault\u00bb title_text_color=\u00bbgcid-1b78aa34-1fc7-47b1-8c8b-84d89ef44e83&#8243; title_font_size=\u00bb16px\u00bb body_text_color=\u00bb#939393&#8243; width_tablet=\u00bbauto\u00bb width_phone=\u00bbauto\u00bb width_last_edited=\u00bbon|phone\u00bb custom_margin=\u00bb||0px||false|true\u00bb custom_padding=\u00bb|25px||25px|false|true\u00bb border_width_all=\u00bb0px\u00bb border_width_bottom=\u00bb1px\u00bb border_color_bottom=\u00bbgcid-1b78aa34-1fc7-47b1-8c8b-84d89ef44e83&#8243; locked=\u00bboff\u00bb global_colors_info=\u00bb{%22gcid-1b78aa34-1fc7-47b1-8c8b-84d89ef44e83%22:%91%22border_color_bottom%22,%22open_toggle_text_color%22,%22title_text_color%22%93,%22gcid-607914a3-c41a-4c2b-b049-2b6741356977%22:%91%22icon_color%22,%22open_icon_color%22%93}\u00bb]<\/p>\n<p>A trav\u00e9s de las im\u00e1genes, gracias al trabajo introspectivo individual y a las discusiones grupales, ver\u00e1s hacia d\u00f3nde ya has llegado y podr\u00e1s intuir lo que a\u00fan te queda por vivir para avanzar libremente en tu camino de vida y tu camino espiritual.<\/p>\n<p>&nbsp;<\/p>\n<p>Aprender Tarot es accesible para todos y no requiere requisitos previos.<\/p>\n<p>[\/et_pb_toggle][\/et_pb_column][\/et_pb_row][et_pb_row column_structure=\u00bb1_2,1_2&#8243; _builder_version=\u00bb4.18.0&#8243; _module_preset=\u00bbdefault\u00bb global_colors_info=\u00bb{}\u00bb][et_pb_column type=\u00bb1_2&#8243; _builder_version=\u00bb4.18.0&#8243; _module_preset=\u00bbdefault\u00bb global_colors_info=\u00bb{}\u00bb][et_pb_text module_class=\u00bbclara-title\u00bb _builder_version=\u00bb4.27.4&#8243; _module_preset=\u00bbdefault\u00bb header_2_text_align=\u00bbcenter\u00bb header_2_font_size=\u00bb32px\u00bb custom_margin=\u00bb||50px||false|false\u00bb header_2_font_size_tablet=\u00bb42px\u00bb header_2_font_size_phone=\u00bb28px\u00bb header_2_font_size_last_edited=\u00bbon|phone\u00bb global_colors_info=\u00bb{}\u00bb]<\/p>\n<h2>Los entrenadores:<\/h2>\n<p>[\/et_pb_text][et_pb_text _builder_version=\u00bb4.27.4&#8243; _module_preset=\u00bbdefault\u00bb custom_padding=\u00bb6px|||||\u00bb global_colors_info=\u00bb{}\u00bb]<\/p>\n<p>Este taller estar\u00e1 impartido por Susana da Silva y Maruja Armengol<\/p>\n<p>Susana es Doctora en Medicina y se gradu\u00f3 en 1995. Luego de algunos a\u00f1os de pr\u00e1ctica cl\u00ednica, dedic\u00f3 m\u00e1s de 20 a\u00f1os a la investigaci\u00f3n y el desarrollo m\u00e9dico dentro de empresas privadas. Su inter\u00e9s y pasi\u00f3n por los giros y vueltas de la psique humana, as\u00ed como por sus propias experiencias de vida, lo atrajeron naturalmente al s\u00edmbolo como herramienta terap\u00e9utica.<\/p>\n<p>Avanz\u00f3 hacia el estudio del Tarot de Marsella y la astrolog\u00eda como herramientas de conocimiento y cuestionamiento personal. Utiliza estas dos herramientas como apoyo para llevar al consultor a una conciencia que le permitir\u00e1 separar lo determinante de lo determinado y tomar decisiones de manera libre y aut\u00f3noma.<\/p>\n<p>Maruja, tarotista, practica el Tarot de Marsella desde hace m\u00e1s de 40 a\u00f1os. Tiene muchas otras herramientas esot\u00e9ricas, como el Lenormand, el p\u00e9ndulo, que utiliza habitualmente en sus consultas de apoyo y asesoramiento. Su conocimiento y experiencia con las cartas del Tarot de Marsella y su simbolismo enriquecen la formaci\u00f3n, especialmente durante las sesiones de ejercicios y debates.<\/p>\n<p>[\/et_pb_text][\/et_pb_column][et_pb_column type=\u00bb1_2&#8243; _builder_version=\u00bb4.18.0&#8243; _module_preset=\u00bbdefault\u00bb global_colors_info=\u00bb{}\u00bb][et_pb_text module_class=\u00bbclara-title\u00bb _builder_version=\u00bb4.27.4&#8243; _module_preset=\u00bbdefault\u00bb header_2_text_align=\u00bbcenter\u00bb header_2_font_size=\u00bb32px\u00bb custom_margin=\u00bb||50px||false|false\u00bb custom_padding=\u00bb2px|||||\u00bb header_2_font_size_tablet=\u00bb42px\u00bb header_2_font_size_phone=\u00bb28px\u00bb header_2_font_size_last_edited=\u00bbon|phone\u00bb global_colors_info=\u00bb{}\u00bb]<\/p>\n<h2>Precio: 550\u20ac<\/h2>\n<p>Este precio incluye:<\/p>\n<ul>\n<li>Tres noches y cuatro d\u00edas (habitaci\u00f3n doble o triple con ba\u00f1o privado), limpieza y lavander\u00eda incluidas.<\/li>\n<li>Comidas: desayuno, almuerzo, coffee break (posibilidad de organizar una cena para el grupo previa reserva y suplemento a convenir)<\/li>\n<li>Capacitaci\u00f3n<\/li>\n<li>Acceso a la piscina, jard\u00edn y zona de bienestar con sauna. Posibilidad de organizar un masaje individual bajo petici\u00f3n (informaci\u00f3n y precio bajo petici\u00f3n)<\/li>\n<\/ul>\n<p>Este precio no incluye:<\/p>\n<ul>\n<li>El viaje a Portugal<\/li>\n<li>Transporte desde el aeropuerto hasta Casa d&#8217;Agrela (se puede organizar transporte bajo petici\u00f3n). Se recomienda alquilar un coche si desea desplazarse por la regi\u00f3n.<\/li>\n<\/ul>\n<p>&nbsp;<\/p>\n<p>[\/et_pb_text][\/et_pb_column][\/et_pb_row][\/et_pb_section][et_pb_section fb_built=\u00bb1&#8243; _builder_version=\u00bb4.27.4&#8243; _module_preset=\u00bbdefault\u00bb background_color=\u00bb#f4f4f4&#8243; background_enable_image=\u00bboff\u00bb background_blend=\u00bboverlay\u00bb custom_padding=\u00bb66px|||||\u00bb hover_enabled=\u00bb0&#8243; locked=\u00bboff\u00bb global_colors_info=\u00bb{}\u00bb sticky_enabled=\u00bb0&#8243;][et_pb_row _builder_version=\u00bb4.27.4&#8243; _module_preset=\u00bbdefault\u00bb global_colors_info=\u00bb{}\u00bb][et_pb_column type=\u00bb4_4&#8243; _builder_version=\u00bb4.24.0&#8243; _module_preset=\u00bbdefault\u00bb global_colors_info=\u00bb{}\u00bb][et_pb_text _builder_version=\u00bb4.27.4&#8243; _module_preset=\u00bbdefault\u00bb text_text_color=\u00bb#333333&#8243; min_height=\u00bb111.4px\u00bb custom_margin=\u00bb0px||0px||false|false\u00bb custom_margin_tablet=\u00bb||30px||false|false\u00bb custom_margin_phone=\u00bb||30px||false|false\u00bb custom_margin_last_edited=\u00bbon|phone\u00bb custom_padding=\u00bb||0px|||\u00bb global_colors_info=\u00bb{}\u00bb]<\/p>\n<h3 style=\"text-align: center;\">Si deseas conocer todos los detalles de este taller, puedes:<\/h3>\n<p>[\/et_pb_text][\/et_pb_column][\/et_pb_row][et_pb_row column_structure=\u00bb1_2,1_2&#8243; _builder_version=\u00bb4.27.4&#8243; _module_preset=\u00bbdefault\u00bb width=\u00bb500px\u00bb width_tablet=\u00bbauto\u00bb width_phone=\u00bbauto\u00bb width_last_edited=\u00bbon|phone\u00bb custom_margin=\u00bb-100px||||false|false\u00bb global_colors_info=\u00bb{}\u00bb][et_pb_column type=\u00bb1_2&#8243; _builder_version=\u00bb4.27.4&#8243; _module_preset=\u00bbdefault\u00bb global_colors_info=\u00bb{}\u00bb][et_pb_button button_url=\u00bb\/wp-content\/uploads\/2025\/01\/Formation-Afife_SEPT2025.pdf\u00bb url_new_window=\u00bbon\u00bb button_text=\u00bbDescarga el PDF\u00bb button_alignment=\u00bbcenter\u00bb _builder_version=\u00bb4.27.4&#8243; _module_preset=\u00bbdefault\u00bb custom_button=\u00bbon\u00bb button_text_size=\u00bb14px\u00bb button_text_color=\u00bb#FFFFFF\u00bb button_bg_color=\u00bbgcid-1b78aa34-1fc7-47b1-8c8b-84d89ef44e83&#8243; button_border_width=\u00bb0px\u00bb button_border_radius=\u00bb0px\u00bb button_use_icon=\u00bboff\u00bb custom_padding=\u00bb7px|20px|5px|20px|false|true\u00bb button_text_shadow_style=\u00bbpreset3&#8243; button_text_shadow_horizontal_length=\u00bb0.03em\u00bb button_text_shadow_vertical_length=\u00bb0.03em\u00bb button_text_shadow_blur_strength=\u00bb0.05em\u00bb button_text_shadow_color=\u00bbrgba(0,0,0,0.2)\u00bb box_shadow_style=\u00bbpreset1&#8243; box_shadow_blur=\u00bb25px\u00bb box_shadow_color=\u00bbrgba(0,0,0,0.2)\u00bb global_colors_info=\u00bb{%22gcid-1b78aa34-1fc7-47b1-8c8b-84d89ef44e83%22:%91%22button_bg_color%22,%22button_bg_color%22,%22button_bg_color%22%93,%22gcid-8dc34fe4-e8a4-4f59-95f0-49dd18bc1899%22:%91%22button_bg_color__hover%22%93}\u00bb button_bg_color__hover=\u00bb#32897e\u00bb button_bg_color__hover_enabled=\u00bbon|hover\u00bb][\/et_pb_button][\/et_pb_column][et_pb_column type=\u00bb1_2&#8243; _builder_version=\u00bb4.27.4&#8243; _module_preset=\u00bbdefault\u00bb global_colors_info=\u00bb{}\u00bb][et_pb_button button_url=\u00bbhttps:\/\/casadagrela.com\/es\/contact\/\u00bb button_text=\u00bbPonte en contacto\u00bb button_alignment=\u00bbcenter\u00bb _builder_version=\u00bb4.27.4&#8243; _module_preset=\u00bbdefault\u00bb custom_button=\u00bbon\u00bb button_text_size=\u00bb14px\u00bb button_text_color=\u00bb#FFFFFF\u00bb button_bg_color=\u00bbgcid-1b78aa34-1fc7-47b1-8c8b-84d89ef44e83&#8243; button_border_width=\u00bb0px\u00bb button_border_radius=\u00bb0px\u00bb button_use_icon=\u00bboff\u00bb custom_padding=\u00bb7px|20px|5px|20px|false|true\u00bb button_text_shadow_style=\u00bbpreset3&#8243; button_text_shadow_horizontal_length=\u00bb0.03em\u00bb button_text_shadow_vertical_length=\u00bb0.03em\u00bb button_text_shadow_blur_strength=\u00bb0.05em\u00bb button_text_shadow_color=\u00bbrgba(0,0,0,0.2)\u00bb box_shadow_style=\u00bbpreset1&#8243; box_shadow_blur=\u00bb25px\u00bb box_shadow_color=\u00bbrgba(0,0,0,0.2)\u00bb global_colors_info=\u00bb{%22gcid-1b78aa34-1fc7-47b1-8c8b-84d89ef44e83%22:%91%22button_bg_color%22,%22button_bg_color%22,%22button_bg_color%22%93,%22gcid-8dc34fe4-e8a4-4f59-95f0-49dd18bc1899%22:%91%22button_bg_color__hover%22%93}\u00bb button_bg_color__hover=\u00bb#32897e\u00bb button_bg_color__hover_enabled=\u00bbon|hover\u00bb][\/et_pb_button][\/et_pb_column][\/et_pb_row][\/et_pb_section][et_pb_section fb_built=\u00bb1&#8243; _builder_version=\u00bb4.24.0&#8243; _module_preset=\u00bbdefault\u00bb background_color=\u00bbgcid-77cac542-5d8b-49cc-a7ee-2a084150afcc\u00bb custom_padding=\u00bb25px||25px||true|false\u00bb locked=\u00bboff\u00bb global_colors_info=\u00bb{%22gcid-77cac542-5d8b-49cc-a7ee-2a084150afcc%22:%91%22background_color%22%93}\u00bb][et_pb_row column_structure=\u00bb1_4,1_2,1_4&#8243; _builder_version=\u00bb4.18.0&#8243; _module_preset=\u00bbdefault\u00bb max_width=\u00bb1400px\u00bb custom_margin=\u00bb0px||0px||true|false\u00bb global_colors_info=\u00bb{}\u00bb][et_pb_column type=\u00bb1_4&#8243; _builder_version=\u00bb4.18.0&#8243; _module_preset=\u00bbdefault\u00bb custom_padding=\u00bb30px||||false|false\u00bb global_colors_info=\u00bb{}\u00bb][et_pb_text _builder_version=\u00bb4.27.4&#8243; _module_preset=\u00bbdefault\u00bb link_font=\u00bb||||on||||\u00bb link_text_color=\u00bb#000000&#8243; global_colors_info=\u00bb{}\u00bb]<\/p>\n<p><strong>Enlaces \u00fatiles<\/strong><\/p>\n<p><a href=\"https:\/\/casadagrela.com\/es\/\">Home<\/a><br \/><a href=\"https:\/\/casadagrela.com\/es\/vacances\/\">Vacaciones<\/a><br \/><a href=\"https:\/\/casadagrela.com\/es\/retraites-et-formations\/\">Retiros y talleres<\/a><br \/><a href=\"https:\/\/casadagrela.com\/es\/evenements\/\">Eventos<\/a><br \/><a href=\"https:\/\/casadagrela.com\/es\/tarif\/\">Tarifas<\/a><br \/><a href=\"https:\/\/casadagrela.com\/es\/la-maison\/\">La casa<\/a><br \/><a href=\"https:\/\/casadagrela.com\/es\/contact\/\">Contacto<\/a><\/p>\n<p>[\/et_pb_text][\/et_pb_column][et_pb_column type=\u00bb1_2&#8243; _builder_version=\u00bb4.18.0&#8243; _module_preset=\u00bbdefault\u00bb global_colors_info=\u00bb{}\u00bb][et_pb_image src=\u00bbhttps:\/\/casadagrela.com\/wp-content\/uploads\/2024\/02\/logo-agrela.png\u00bb title_text=\u00bblogo agrela\u00bb align=\u00bbcenter\u00bb _builder_version=\u00bb4.24.0&#8243; _module_preset=\u00bbdefault\u00bb width=\u00bb175px\u00bb max_width=\u00bb175px\u00bb custom_margin=\u00bb||25px||false|false\u00bb global_colors_info=\u00bb{}\u00bb][\/et_pb_image][et_pb_text _builder_version=\u00bb4.27.4&#8243; _module_preset=\u00bbdefault\u00bb text_font=\u00bb||on||||||\u00bb text_text_color=\u00bb#4f4f4f\u00bb text_orientation=\u00bbcenter\u00bb module_alignment=\u00bbcenter\u00bb custom_margin=\u00bb||20px||false|false\u00bb global_colors_info=\u00bb{}\u00bb]<\/p>\n<p>Un entorno id\u00edlico para relajarse y aprender a vivir mejor<\/p>\n<p>[\/et_pb_text][et_pb_social_media_follow _builder_version=\u00bb4.27.4&#8243; _module_preset=\u00bbdefault\u00bb text_orientation=\u00bbcenter\u00bb global_colors_info=\u00bb{}\u00bb][et_pb_social_media_follow_network social_network=\u00bbinstagram\u00bb url=\u00bbhttps:\/\/www.instagram.com\/casadagrela\/\u00bb _builder_version=\u00bb4.27.4&#8243; _module_preset=\u00bbdefault\u00bb background_color=\u00bb#ea2c59&#8243; global_colors_info=\u00bb{}\u00bb follow_button=\u00bboff\u00bb url_new_window=\u00bbon\u00bb]instagram[\/et_pb_social_media_follow_network][\/et_pb_social_media_follow][\/et_pb_column][et_pb_column type=\u00bb1_4&#8243; _builder_version=\u00bb4.18.0&#8243; _module_preset=\u00bbdefault\u00bb custom_padding=\u00bb30px||||false|false\u00bb global_colors_info=\u00bb{}\u00bb][et_pb_text _builder_version=\u00bb4.27.4&#8243; _module_preset=\u00bbdefault\u00bb link_font=\u00bb||||on||||\u00bb link_text_color=\u00bb#000000&#8243; text_orientation=\u00bbright\u00bb text_orientation_tablet=\u00bbleft\u00bb text_orientation_phone=\u00bbleft\u00bb text_orientation_last_edited=\u00bbon|tablet\u00bb global_colors_info=\u00bb{}\u00bb]<\/p>\n<p><strong>Avisos legales<\/strong><\/p>\n<p><a href=\"https:\/\/casadagrela.com\/es\/confidentialite\/\">Condiciones generales de uso y pol\u00edtica de privacidad<\/a><\/p>\n<p>&nbsp;<\/p>\n<p>[\/et_pb_text][\/et_pb_column][\/et_pb_row][\/et_pb_section][et_pb_section fb_built=\u00bb1&#8243; _builder_version=\u00bb4.18.0&#8243; _module_preset=\u00bbdefault\u00bb custom_padding=\u00bb0px||0px||true|false\u00bb locked=\u00bboff\u00bb global_colors_info=\u00bb{}\u00bb][et_pb_row column_structure=\u00bb1_6,1_6,1_6,1_6,1_6,1_6&#8243; use_custom_gutter=\u00bbon\u00bb gutter_width=\u00bb1&#8243; make_equal=\u00bbon\u00bb _builder_version=\u00bb4.18.0&#8243; _module_preset=\u00bbdefault\u00bb width=\u00bb100%\u00bb max_width=\u00bb100%\u00bb custom_padding=\u00bb0px||0px||true|false\u00bb global_colors_info=\u00bb{}\u00bb][et_pb_column type=\u00bb1_6&#8243; _builder_version=\u00bb4.18.0&#8243; _module_preset=\u00bbdefault\u00bb global_colors_info=\u00bb{}\u00bb][et_pb_image src=\u00bbhttps:\/\/casadagrela.com\/wp-content\/uploads\/2024\/12\/IMG_20231121_100507-scaled.jpg\u00bb title_text=\u00bbIMG_20231121_100507&#8243; _builder_version=\u00bb4.27.4&#8243; _module_preset=\u00bbdefault\u00bb global_colors_info=\u00bb{}\u00bb][\/et_pb_image][\/et_pb_column][et_pb_column type=\u00bb1_6&#8243; _builder_version=\u00bb4.18.0&#8243; _module_preset=\u00bbdefault\u00bb global_colors_info=\u00bb{}\u00bb][et_pb_image src=\u00bbhttps:\/\/casadagrela.com\/wp-content\/uploads\/2024\/12\/IMG-20241008-WA0010.jpg\u00bb title_text=\u00bbIMG-20241008-WA0010&#8243; _builder_version=\u00bb4.27.4&#8243; _module_preset=\u00bbdefault\u00bb global_colors_info=\u00bb{}\u00bb][\/et_pb_image][\/et_pb_column][et_pb_column type=\u00bb1_6&#8243; _builder_version=\u00bb4.18.0&#8243; _module_preset=\u00bbdefault\u00bb global_colors_info=\u00bb{}\u00bb][et_pb_image src=\u00bbhttps:\/\/casadagrela.com\/wp-content\/uploads\/2024\/12\/IMG-20241008-WA0015.jpg\u00bb title_text=\u00bbIMG-20241008-WA0015&#8243; _builder_version=\u00bb4.27.4&#8243; _module_preset=\u00bbdefault\u00bb global_colors_info=\u00bb{}\u00bb][\/et_pb_image][\/et_pb_column][et_pb_column type=\u00bb1_6&#8243; _builder_version=\u00bb4.18.0&#8243; _module_preset=\u00bbdefault\u00bb global_colors_info=\u00bb{}\u00bb][et_pb_image src=\u00bbhttps:\/\/casadagrela.com\/wp-content\/uploads\/2024\/12\/PHOTO-2024-11-30-14-21-32-8.jpg\u00bb title_text=\u00bbPHOTO-2024-11-30-14-21-32 (8)\u00bb _builder_version=\u00bb4.27.4&#8243; _module_preset=\u00bbdefault\u00bb global_colors_info=\u00bb{}\u00bb][\/et_pb_image][\/et_pb_column][et_pb_column type=\u00bb1_6&#8243; _builder_version=\u00bb4.18.0&#8243; _module_preset=\u00bbdefault\u00bb global_colors_info=\u00bb{}\u00bb][et_pb_image src=\u00bbhttps:\/\/casadagrela.com\/wp-content\/uploads\/2024\/12\/IMG-20241007-WA0010.jpg\u00bb title_text=\u00bbIMG-20241007-WA0010&#8243; _builder_version=\u00bb4.27.4&#8243; _module_preset=\u00bbdefault\u00bb global_colors_info=\u00bb{}\u00bb][\/et_pb_image][\/et_pb_column][et_pb_column type=\u00bb1_6&#8243; _builder_version=\u00bb4.18.0&#8243; _module_preset=\u00bbdefault\u00bb global_colors_info=\u00bb{}\u00bb][et_pb_image src=\u00bbhttps:\/\/casadagrela.com\/wp-content\/uploads\/2024\/12\/IMG_20240329_193149-scaled.jpg\u00bb title_text=\u00bbIMG_20240329_193149&#8243; _builder_version=\u00bb4.27.4&#8243; _module_preset=\u00bbdefault\u00bb global_colors_info=\u00bb{}\u00bb][\/et_pb_image][\/et_pb_column][\/et_pb_row][et_pb_row _builder_version=\u00bb4.18.0&#8243; _module_preset=\u00bbdefault\u00bb global_colors_info=\u00bb{}\u00bb][et_pb_column type=\u00bb4_4&#8243; _builder_version=\u00bb4.18.0&#8243; _module_preset=\u00bbdefault\u00bb global_colors_info=\u00bb{}\u00bb][et_pb_text _builder_version=\u00bb4.27.4&#8243; _module_preset=\u00bbdefault\u00bb text_orientation=\u00bbcenter\u00bb link_option_url_new_window=\u00bbon\u00bb global_colors_info=\u00bb{}\u00bb]<\/p>\n<p>Copyright 2025 | Sitio creado por <a href=\"https:\/\/pixel-jack.com\/\">pixel-jack.com<\/a><\/p>\n<p>[\/et_pb_text][\/et_pb_column][\/et_pb_row][\/et_pb_section]<\/p>\n","protected":false},"excerpt":{"rendered":"<p>Capacitaci\u00f3nLA PEREGRINACI\u00d3N DEL ALMA: Introducci\u00f3n al Tarot de Marsella para un mejor autoconocimientoDel 18 al 21\/09\/2025 &#8211; En franc\u00e9sDescripci\u00f3n\u00bfQU\u00c9 DESCUBRIR\u00c1S? A trav\u00e9s del estudio y comprensi\u00f3n del simbolismo de los arquetipos de los arcanos mayores del Tarot de Marsella, este taller te invita a un viaje inici\u00e1tico en el camino hacia el conocimiento de tu [&hellip;]<\/p>\n","protected":false},"author":1,"featured_media":0,"parent":0,"menu_order":0,"comment_status":"closed","ping_status":"closed","template":"","meta":{"_et_pb_use_builder":"on","_et_pb_old_content":"","_et_gb_content_width":"","footnotes":""},"class_list":["post-100881","page","type-page","status-publish","hentry"],"_links":{"self":[{"href":"https:\/\/casadagrela.com\/es\/wp-json\/wp\/v2\/pages\/100881","targetHints":{"allow":["GET"]}}],"collection":[{"href":"https:\/\/casadagrela.com\/es\/wp-json\/wp\/v2\/pages"}],"about":[{"href":"https:\/\/casadagrela.com\/es\/wp-json\/wp\/v2\/types\/page"}],"author":[{"embeddable":true,"href":"https:\/\/casadagrela.com\/es\/wp-json\/wp\/v2\/users\/1"}],"replies":[{"embeddable":true,"href":"https:\/\/casadagrela.com\/es\/wp-json\/wp\/v2\/comments?post=100881"}],"version-history":[{"count":5,"href":"https:\/\/casadagrela.com\/es\/wp-json\/wp\/v2\/pages\/100881\/revisions"}],"predecessor-version":[{"id":101385,"href":"https:\/\/casadagrela.com\/es\/wp-json\/wp\/v2\/pages\/100881\/revisions\/101385"}],"wp:attachment":[{"href":"https:\/\/casadagrela.com\/es\/wp-json\/wp\/v2\/media?parent=100881"}],"curies":[{"name":"wp","href":"https:\/\/api.w.org\/{rel}","templated":true}]}}