{"id":100832,"date":"2022-11-01T03:20:17","date_gmt":"2022-11-01T03:20:17","guid":{"rendered":"https:\/\/casadagrela.com\/la-maison\/"},"modified":"2026-01-07T09:45:39","modified_gmt":"2026-01-07T08:45:39","slug":"la-maison","status":"publish","type":"page","link":"https:\/\/casadagrela.com\/pt-pt\/la-maison\/","title":{"rendered":"La maison"},"content":{"rendered":"<p>[et_pb_section fb_built=&#8221;1&#8243; _builder_version=&#8221;4.18.0&#8243; _module_preset=&#8221;default&#8221; background_color=&#8221;gcid-77cac542-5d8b-49cc-a7ee-2a084150afcc&#8221; background_enable_image=&#8221;off&#8221; background_size=&#8221;initial&#8221; background_position=&#8221;center_left&#8221; custom_padding=&#8221;0px||0px||true|false&#8221; global_colors_info=&#8221;{%22gcid-77cac542-5d8b-49cc-a7ee-2a084150afcc%22:%91%22background_color%22%93}&#8221;][et_pb_row column_structure=&#8221;1_2,1_2&#8243; make_equal=&#8221;on&#8221; _builder_version=&#8221;4.27.4&#8243; _module_preset=&#8221;default&#8221; width=&#8221;100%&#8221; max_width=&#8221;100%&#8221; custom_padding=&#8221;0px||0px||true|false&#8221; global_colors_info=&#8221;{}&#8221;][et_pb_column type=&#8221;1_2&#8243; _builder_version=&#8221;4.27.4&#8243; _module_preset=&#8221;default&#8221; background_color=&#8221;gcid-607914a3-c41a-4c2b-b049-2b6741356977&#8243; background_image=&#8221;https:\/\/casadagrela.com\/wp-content\/uploads\/2024\/12\/IMG_20240126_164623-scaled.jpg&#8221; parallax=&#8221;on&#8221; custom_padding=&#8221;75px|75px|40px|75px|false|true&#8221; custom_padding_tablet=&#8221;75px|75px|75px|75px|true|true&#8221; custom_padding_phone=&#8221;35px|35px|35px|35px|true|true&#8221; custom_padding_last_edited=&#8221;on|phone&#8221; global_colors_info=&#8221;{%22gcid-607914a3-c41a-4c2b-b049-2b6741356977%22:%91%22background_color%22%93}&#8221;][\/et_pb_column][et_pb_column type=&#8221;1_2&#8243; module_class=&#8221;hero-column-2&#8243; _builder_version=&#8221;4.18.0&#8243; _module_preset=&#8221;default&#8221; custom_padding=&#8221;120px||100px||false|false&#8221; custom_padding_tablet=&#8221;75px|75px|75px|75px|false|false&#8221; custom_padding_phone=&#8221;35px|35px|35px|35px|false|false&#8221; custom_padding_last_edited=&#8221;on|desktop&#8221; global_colors_info=&#8221;{}&#8221;][et_pb_text module_class=&#8221;clara-title title-desc-600&#8243; _builder_version=&#8221;4.27.4&#8243; _module_preset=&#8221;default&#8221; width=&#8221;600px&#8221; width_tablet=&#8221;100%&#8221; width_phone=&#8221;100%&#8221; width_last_edited=&#8221;on|tablet&#8221; custom_margin=&#8221;||41px|||&#8221; header_font_size_tablet=&#8221;&#8221; header_font_size_phone=&#8221;28px&#8221; header_font_size_last_edited=&#8221;on|phone&#8221; global_colors_info=&#8221;{}&#8221;]<\/p>\n<h1>Casa d&#8217;Agrela: a sua hist\u00f3ria<\/h1>\n<p>[\/et_pb_text][et_pb_text module_class=&#8221;title-desc-600&#8243; _builder_version=&#8221;4.27.4&#8243; _module_preset=&#8221;default&#8221; width=&#8221;600px&#8221; width_tablet=&#8221;100%&#8221; width_phone=&#8221;100%&#8221; width_last_edited=&#8221;on|tablet&#8221; custom_margin=&#8221;||30px||false|false&#8221; global_colors_info=&#8221;{}&#8221;]<\/p>\n<p><strong>A Casa d\u2019Agrela <\/strong>\u00e9 uma antiga quinta em pedra de granito t\u00edpica do norte de Portugal. Situada no cora\u00e7\u00e3o da vila de Afife, na regi\u00e3o do Minho, data do in\u00edcio dos\u00e9culo XVIII.<br \/>Est\u00e1 rodeada de vegeta\u00e7\u00e3o e pequenas montanhas atravessadas por cursos de \u00e1gua naturais e fica a 10 minutos a p\u00e9 de uma magn\u00edfica praia e das suas dunas de areia fina, virada para o Oceano Atl\u00e2ntico.<\/p>\n<p>Este edif\u00edcio pertence a <strong>Susana<\/strong> e est\u00e1 na sua fam\u00edlia desde a sua constru\u00e7\u00e3o em 1705.<\/p>\n<p>[\/et_pb_text][et_pb_toggle title=&#8221;Saber mais&#8221; open_toggle_text_color=&#8221;gcid-1b78aa34-1fc7-47b1-8c8b-84d89ef44e83&#8243; open_toggle_background_color=&#8221;#FFFFFF&#8221; closed_toggle_background_color=&#8221;#FFFFFF&#8221; icon_color=&#8221;gcid-607914a3-c41a-4c2b-b049-2b6741356977&#8243; use_icon_font_size=&#8221;on&#8221; icon_font_size=&#8221;20px&#8221; open_icon_color=&#8221;gcid-607914a3-c41a-4c2b-b049-2b6741356977&#8243; open_use_icon_font_size=&#8221;on&#8221; open_icon_font_size=&#8221;20px&#8221; _builder_version=&#8221;4.27.4&#8243; _module_preset=&#8221;default&#8221; title_text_color=&#8221;gcid-1b78aa34-1fc7-47b1-8c8b-84d89ef44e83&#8243; title_font_size=&#8221;16px&#8221; body_text_color=&#8221;#939393&#8243; width=&#8221;600px&#8221; width_tablet=&#8221;auto&#8221; width_phone=&#8221;auto&#8221; width_last_edited=&#8221;on|phone&#8221; custom_margin=&#8221;||0px||false|true&#8221; custom_padding=&#8221;|25px||25px|false|true&#8221; border_width_all=&#8221;0px&#8221; border_width_bottom=&#8221;1px&#8221; border_color_bottom=&#8221;gcid-1b78aa34-1fc7-47b1-8c8b-84d89ef44e83&#8243; global_colors_info=&#8221;{%22gcid-1b78aa34-1fc7-47b1-8c8b-84d89ef44e83%22:%91%22border_color_bottom%22,%22open_toggle_text_color%22,%22title_text_color%22%93,%22gcid-607914a3-c41a-4c2b-b049-2b6741356977%22:%91%22icon_color%22,%22open_icon_color%22%93}&#8221;]<\/p>\n<p data-start=\"130\" data-end=\"577\" class=\"\">Originalmente, ela abrigava os animais da quinta (vacas, porcos, galinhas), e os seus ocupantes podiam viver em autossufici\u00eancia gra\u00e7as ao po\u00e7o de \u00e1gua pot\u00e1vel e aos terrenos cultivados ao redor. Uma imponente lareira de pedra e o seu forno permitiam a cozedura do p\u00e3o de milho tradicional da regi\u00e3o, bem como a fumiga\u00e7\u00e3o das carnes e enchidos. As vinhas, por sua vez, forneciam o vinho. A quinta manteve-se em atividade at\u00e9 ao in\u00edcio dos anos 70.<\/p>\n<p data-start=\"579\" data-end=\"922\" class=\"\">Apaixonados pela regi\u00e3o e movidos pelo desejo de regressar a algo mais essencial e aut\u00eantico, Susana e Jean Marc quiseram criar um espa\u00e7o de calma, reconex\u00e3o e partilha. A Casa d\u2019Agrela foi pensada como um lugar onde se pode recarregar energias, longe da agita\u00e7\u00e3o do dia a dia e do ritmo fren\u00e9tico da cidade, para tirar um tempo para si mesmo.<\/p>\n<p data-start=\"924\" data-end=\"1189\" class=\"\">Ap\u00f3s tr\u00eas anos de obras, esta casa ancestral ganhou uma nova vida. Hoje, o conforto moderno e o charme de outrora coexistem em harmonia no antigo celeiro transformado em alojamento, oferecendo n\u00e3o s\u00f3 um local de f\u00e9rias, mas tamb\u00e9m estadias para forma\u00e7\u00f5es e retiros.<\/p>\n<p>[\/et_pb_toggle][\/et_pb_column][\/et_pb_row][\/et_pb_section][et_pb_section fb_built=&#8221;1&#8243; _builder_version=&#8221;4.18.0&#8243; _module_preset=&#8221;default&#8221; custom_padding=&#8221;9px|||||&#8221; global_colors_info=&#8221;{}&#8221;][et_pb_row _builder_version=&#8221;4.27.4&#8243; _module_preset=&#8221;default&#8221; custom_padding=&#8221;||1px|||&#8221; global_colors_info=&#8221;{}&#8221;][et_pb_column type=&#8221;4_4&#8243; _builder_version=&#8221;4.27.4&#8243; _module_preset=&#8221;default&#8221; custom_padding=&#8221;50px||||false|false&#8221; custom_padding_tablet=&#8221;0px||||false|false&#8221; custom_padding_phone=&#8221;0px||||false|false&#8221; custom_padding_last_edited=&#8221;on|tablet&#8221; global_colors_info=&#8221;{}&#8221;][et_pb_text module_class=&#8221;clara-title&#8221; _builder_version=&#8221;4.27.4&#8243; _module_preset=&#8221;default&#8221; header_2_text_align=&#8221;center&#8221; header_2_font_size=&#8221;42px&#8221; custom_margin=&#8221;||1px||false|false&#8221; header_2_font_size_tablet=&#8221;42px&#8221; header_2_font_size_phone=&#8221;28px&#8221; header_2_font_size_last_edited=&#8221;on|phone&#8221; global_colors_info=&#8221;{}&#8221;]<\/p>\n<h2>Quem somos n\u00f3s?<\/h2>\n<p>[\/et_pb_text][\/et_pb_column][\/et_pb_row][et_pb_row column_structure=&#8221;1_2,1_2&#8243; _builder_version=&#8221;4.27.4&#8243; _module_preset=&#8221;default&#8221; global_colors_info=&#8221;{}&#8221;][et_pb_column type=&#8221;1_2&#8243; _builder_version=&#8221;4.27.4&#8243; _module_preset=&#8221;default&#8221; global_colors_info=&#8221;{}&#8221;][et_pb_text _builder_version=&#8221;4.27.4&#8243; _module_preset=&#8221;default&#8221; text_font=&#8221;||||||||&#8221; text_text_color=&#8221;#939393&#8243; text_line_height=&#8221;1.8em&#8221; width=&#8221;100%&#8221; width_tablet=&#8221;100%&#8221; width_phone=&#8221;100%&#8221; width_last_edited=&#8221;on|tablet&#8221; module_alignment=&#8221;center&#8221; custom_padding=&#8221;5px|||||&#8221; global_colors_info=&#8221;{}&#8221;]<\/p>\n<p><strong>Susana:<\/strong> Doutora em medicina, formada pela Universidade Livre de Bruxelas, dediquei inicialmente mais de 20 anos \u00e0 pr\u00e1tica cl\u00ednica, bem como \u00e0 investiga\u00e7\u00e3o clinica e desenvolvimento em empresas privadas. O meu interesse e paix\u00e3o pelos meandros da psique humana, bem como pelas minhas pr\u00f3prias experi\u00eancias de vida, atra\u00edram-me naturalmente para o s\u00edmbolo como ferramenta terap\u00eautica e convenceram-me da import\u00e2ncia de harmonizar a sa\u00fade f\u00edsica, psicol\u00f3gica e emocional.<\/p>\n<p>Hoje, para al\u00e9m da minha atividade como gestora da<strong> Casa d&#8217;Agrela<\/strong>, apoio sob a forma de sess\u00f5es de coaching individual aqueles que desejam avan\u00e7ar para uma maior consci\u00eancia e autoconhecimento.<\/p>\n<p><strong>Jean Marc:<\/strong> Depois de estudar dire\u00e7\u00e3o art\u00edstica e cultural no INSAS (Instituto Nacional de Palco e Artes C\u00eanicas en Bruxelas) , continuei a minha carreira a trabalhar como assistente de dire\u00e7\u00e3o em Bruxelas, continuando depois na \u00e1rea da \u00d3pera e em particular no Th\u00e9\u00e2tre Royal de la Monnaie.<\/p>\n<p>[\/et_pb_text][\/et_pb_column][et_pb_column type=&#8221;1_2&#8243; _builder_version=&#8221;4.27.4&#8243; _module_preset=&#8221;default&#8221; global_colors_info=&#8221;{}&#8221;][et_pb_text _builder_version=&#8221;4.27.4&#8243; _module_preset=&#8221;default&#8221; text_font=&#8221;||||||||&#8221; text_text_color=&#8221;#939393&#8243; text_line_height=&#8221;1.8em&#8221; width=&#8221;100%&#8221; width_tablet=&#8221;100%&#8221; width_phone=&#8221;100%&#8221; width_last_edited=&#8221;on|tablet&#8221; module_alignment=&#8221;center&#8221; custom_padding=&#8221;5px|||||&#8221; global_colors_info=&#8221;{}&#8221;]<\/p>\n<p>Aos poucos, afastando-me cada vez mais deste campo para favorecer viagens e descobertas culturais espirituais na \u00cdndia, no Nepal e tamb\u00e9m na \u00c1sia, senti o desejo de um regresso \u00e0 simplicidade e ao equil\u00edbrio da natureza como aspecto fundamental de uma \u00e9tica e filosofia de vida, em particular iniciando uma abordagem em torno da permacultura.<\/p>\n<p>A nossa miss\u00e3o \u00e9 criar um ref\u00fagio de paz, onde cada pessoa se possa encontrar, recarregar baterias e reconectar-se com o que \u00e9 verdadeiramente importante. Desenh\u00e1mos a Casa d&#8217;Agrela para oferecer um ambiente acolhedor e humano, um local onde o conforto moderno se combina com a simplicidade da natureza, para permitir que todos cuidem do corpo e da mente.<\/p>\n<p>Aqui, encontrar\u00e1 um espa\u00e7o onde a autenticidade e a liga\u00e7\u00e3o ao outro assumem todo o seu significado, um lugar concreto e real onde o ser humano est\u00e1 no centro. Queremos ser \u00fateis oferecendo ref\u00fagio a quem procura um local para relaxar e voltar ao b\u00e1sico.<\/p>\n<p>[\/et_pb_text][\/et_pb_column][\/et_pb_row][et_pb_row column_structure=&#8221;1_2,1_2&#8243; _builder_version=&#8221;4.27.4&#8243; _module_preset=&#8221;default&#8221; global_colors_info=&#8221;{}&#8221;][et_pb_column type=&#8221;1_2&#8243; _builder_version=&#8221;4.27.4&#8243; _module_preset=&#8221;default&#8221; global_colors_info=&#8221;{}&#8221;][et_pb_image src=&#8221;https:\/\/casadagrela.com\/wp-content\/uploads\/2025\/01\/Susi-JM.jpg&#8221; title_text=&#8221;Susi &#038; JM&#8221; _builder_version=&#8221;4.27.4&#8243; _module_preset=&#8221;default&#8221; custom_margin=&#8221;0px||||false|false&#8221; animation_style=&#8221;slide&#8221; animation_direction=&#8221;right&#8221; animation_intensity_slide=&#8221;15%&#8221; animation_starting_opacity=&#8221;100%&#8221; global_colors_info=&#8221;{}&#8221;][\/et_pb_image][\/et_pb_column][et_pb_column type=&#8221;1_2&#8243; _builder_version=&#8221;4.27.4&#8243; _module_preset=&#8221;default&#8221; global_colors_info=&#8221;{}&#8221;][et_pb_toggle title=&#8221;O caminho para Compostela&#8221; open_toggle_text_color=&#8221;gcid-1b78aa34-1fc7-47b1-8c8b-84d89ef44e83&#8243; open_toggle_background_color=&#8221;#FFFFFF&#8221; closed_toggle_background_color=&#8221;#FFFFFF&#8221; icon_color=&#8221;gcid-607914a3-c41a-4c2b-b049-2b6741356977&#8243; use_icon_font_size=&#8221;on&#8221; icon_font_size=&#8221;20px&#8221; open_icon_color=&#8221;gcid-607914a3-c41a-4c2b-b049-2b6741356977&#8243; open_use_icon_font_size=&#8221;on&#8221; open_icon_font_size=&#8221;20px&#8221; _builder_version=&#8221;4.27.4&#8243; _module_preset=&#8221;default&#8221; title_text_color=&#8221;gcid-1b78aa34-1fc7-47b1-8c8b-84d89ef44e83&#8243; title_font_size=&#8221;16px&#8221; body_text_color=&#8221;#939393&#8243; custom_margin=&#8221;||0px||false|false&#8221; custom_padding=&#8221;|0px||0px|false|true&#8221; border_width_all=&#8221;0px&#8221; border_width_bottom=&#8221;1px&#8221; border_color_bottom=&#8221;gcid-1b78aa34-1fc7-47b1-8c8b-84d89ef44e83&#8243; global_colors_info=&#8221;{%22gcid-1b78aa34-1fc7-47b1-8c8b-84d89ef44e83%22:%91%22border_color_bottom%22,%22open_toggle_text_color%22,%22title_text_color%22%93,%22gcid-607914a3-c41a-4c2b-b049-2b6741356977%22:%91%22icon_color%22,%22open_icon_color%22%93}&#8221;]<\/p>\n<p>A vila de Afife situa-se na rota do Caminho Portugu\u00eas de Santiago que segue para norte ao longo da costa de Portugal e atravessa o Minho em dire\u00e7\u00e3o \u00e0 Galiza.O Caminho Portugu\u00eas \u00e9 a segunda rota mais popular para Santiago de Compostela, mas permanece relativamente pouco frequentada. Isto traz um equil\u00edbrio perfeito entre a oportunidade de conhecer novas pessoas e a necessidade de um pouco de solid\u00e3o na viagem.<\/p>\n<p>[\/et_pb_toggle][et_pb_toggle title=&#8221;O que fazer\/visitar?&#8221; open_toggle_text_color=&#8221;gcid-1b78aa34-1fc7-47b1-8c8b-84d89ef44e83&#8243; open_toggle_background_color=&#8221;#FFFFFF&#8221; closed_toggle_background_color=&#8221;#FFFFFF&#8221; icon_color=&#8221;gcid-607914a3-c41a-4c2b-b049-2b6741356977&#8243; use_icon_font_size=&#8221;on&#8221; icon_font_size=&#8221;20px&#8221; open_icon_color=&#8221;gcid-607914a3-c41a-4c2b-b049-2b6741356977&#8243; open_use_icon_font_size=&#8221;on&#8221; open_icon_font_size=&#8221;20px&#8221; _builder_version=&#8221;4.27.4&#8243; _module_preset=&#8221;default&#8221; title_text_color=&#8221;gcid-1b78aa34-1fc7-47b1-8c8b-84d89ef44e83&#8243; title_font_size=&#8221;16px&#8221; body_text_color=&#8221;#939393&#8243; custom_margin=&#8221;||0px||false|false&#8221; custom_padding=&#8221;|0px||0px|false|true&#8221; border_width_all=&#8221;0px&#8221; border_width_bottom=&#8221;1px&#8221; border_color_bottom=&#8221;gcid-1b78aa34-1fc7-47b1-8c8b-84d89ef44e83&#8243; global_colors_info=&#8221;{%22gcid-1b78aa34-1fc7-47b1-8c8b-84d89ef44e83%22:%91%22border_color_bottom%22,%22open_toggle_text_color%22,%22title_text_color%22%93,%22gcid-607914a3-c41a-4c2b-b049-2b6741356977%22:%91%22icon_color%22,%22open_icon_color%22%93}&#8221;]<\/p>\n<ul>\n<li>Visite os v\u00e1rios mercados t\u00edpicos da regi\u00e3o onde encontrar\u00e1 produtos regionais e artesanais (azeite, mel, queijos e charcutaria entre outros)<\/li>\n<li>Visite cidades pr\u00f3ximas como o Porto com as suas caves de vinho do Porto ao longo do rio Douro, Guimar\u00e3es, ber\u00e7o dos antigos reis de Portugal ou Braga e o seu Bom Jesus<\/li>\n<li><a href=\"https:\/\/www.fbb.pt\/pp\/\"><\/a>Desfrute da magn\u00edfica e exuberante natureza percorrendo um dos muitos trilhos (trilhos) da regi\u00e3o.<\/li>\n<li>Relaxamento e descanso nas belas praias situadas a 10 minutos a p\u00e9 da casa ou surf para os mais desportivos<\/li>\n<li><a href=\"https:\/\/www.vagamundos.pt\/passadicos-de-melgaco-rio-minho\/\" target=\"_blank\" rel=\"noopener\">https:\/\/www.vagamundos.pt\/passadicos-de-melgaco-rio-minho\/<\/a><\/li>\n<li><a href=\"https:\/\/www.trilhosecaminhadas.com\/percursos\/trilho-das-cascatas-e-lagoas-da-serra-d-arga-vct\/\" target=\"_blank\" rel=\"noopener\">https:\/\/www.trilhosecaminhadas.com\/percursos\/trilho-das-cascatas-e-lagoas-da-serra-d-arga-vct\/<\/a><\/li>\n<\/ul>\n<p>[\/et_pb_toggle][\/et_pb_column][\/et_pb_row][et_pb_row use_custom_gutter=&#8221;on&#8221; gutter_width=&#8221;1&#8243; _builder_version=&#8221;4.27.4&#8243; _module_preset=&#8221;default&#8221; global_colors_info=&#8221;{}&#8221;][et_pb_column type=&#8221;4_4&#8243; _builder_version=&#8221;4.27.4&#8243; _module_preset=&#8221;default&#8221; global_colors_info=&#8221;{}&#8221;][et_pb_gallery gallery_ids=&#8221;100128,100129,100131,100099,100130,100117,100118,100119,100124,100120,100122,100123,100125,100126,100109,100087,100095,100084,100789,100793,100795,100797,100799,100801,100787,100785,100783,100781,100773,100775,100771,100769,100779,100777,100127&#8243; gallery_orderby=&#8221;rand&#8221; posts_number=&#8221;12&#8243; orientation=&#8221;portrait&#8221; show_title_and_caption=&#8221;off&#8221; show_pagination=&#8221;off&#8221; zoom_icon_color=&#8221;#FFFFFF&#8221; hover_overlay_color=&#8221;rgba(77,89,47,0.58)&#8221; hover_icon=&#8221;&#x54;||divi||400&#8243; _builder_version=&#8221;4.27.4&#8243; _module_preset=&#8221;default&#8221; border_width_all=&#8221;5px&#8221; border_color_all=&#8221;RGBA(255,255,255,0)&#8221; global_colors_info=&#8221;{}&#8221;][\/et_pb_gallery][\/et_pb_column][\/et_pb_row][\/et_pb_section][et_pb_section fb_built=&#8221;1&#8243; _builder_version=&#8221;4.24.0&#8243; _module_preset=&#8221;default&#8221; background_color=&#8221;gcid-77cac542-5d8b-49cc-a7ee-2a084150afcc&#8221; custom_padding=&#8221;25px||25px||true|false&#8221; locked=&#8221;off&#8221; global_colors_info=&#8221;{%22gcid-77cac542-5d8b-49cc-a7ee-2a084150afcc%22:%91%22background_color%22%93}&#8221;][et_pb_row column_structure=&#8221;1_4,1_2,1_4&#8243; _builder_version=&#8221;4.18.0&#8243; _module_preset=&#8221;default&#8221; max_width=&#8221;1400px&#8221; custom_margin=&#8221;0px||0px||true|false&#8221; global_colors_info=&#8221;{}&#8221;][et_pb_column type=&#8221;1_4&#8243; _builder_version=&#8221;4.18.0&#8243; _module_preset=&#8221;default&#8221; custom_padding=&#8221;30px||||false|false&#8221; global_colors_info=&#8221;{}&#8221;][et_pb_text _builder_version=&#8221;4.27.4&#8243; _module_preset=&#8221;default&#8221; link_font=&#8221;||||on||||&#8221; link_text_color=&#8221;#000000&#8243; global_colors_info=&#8221;{}&#8221;]<\/p>\n<p><strong>Links \u00fateis<\/strong><\/p>\n<p><a href=\"https:\/\/casadagrela.com\/pt-pt\/\" aria-current=\"page\">Home<\/a><br \/><a href=\"https:\/\/casadagrela.com\/pt-pt\/vacances\/\">F\u00e9rias<\/a><br \/><a href=\"https:\/\/casadagrela.com\/pt-pt\/retraites-et-formations\/\">Retiros e forma\u00e7\u00e3o<\/a><br \/><a href=\"https:\/\/casadagrela.com\/evenements\/\"><\/a><a href=\"https:\/\/casadagrela.com\/pt-pt\/evenements\/\">Eventos<\/a><br \/><a href=\"https:\/\/casadagrela.com\/pt-pt\/tarif\/\">Pre\u00e7os<\/a><br \/><a href=\"https:\/\/casadagrela.com\/pt-pt\/la-maison\/\">Casa<\/a><br \/><a href=\"https:\/\/casadagrela.com\/pt-pt\/contact\/\">Contacto<\/a><\/p>\n<p>[\/et_pb_text][\/et_pb_column][et_pb_column type=&#8221;1_2&#8243; _builder_version=&#8221;4.18.0&#8243; _module_preset=&#8221;default&#8221; global_colors_info=&#8221;{}&#8221;][et_pb_image src=&#8221;https:\/\/casadagrela.com\/wp-content\/uploads\/2024\/02\/logo-agrela.png&#8221; title_text=&#8221;logo agrela&#8221; align=&#8221;center&#8221; _builder_version=&#8221;4.24.0&#8243; _module_preset=&#8221;default&#8221; width=&#8221;175px&#8221; max_width=&#8221;175px&#8221; custom_margin=&#8221;||25px||false|false&#8221; global_colors_info=&#8221;{}&#8221;][\/et_pb_image][et_pb_text _builder_version=&#8221;4.27.4&#8243; _module_preset=&#8221;default&#8221; text_font=&#8221;||on||||||&#8221; text_text_color=&#8221;#4f4f4f&#8221; text_orientation=&#8221;center&#8221; module_alignment=&#8221;center&#8221; custom_margin=&#8221;||20px||false|false&#8221; global_colors_info=&#8221;{}&#8221;]<\/p>\n<p>Um cen\u00e1rio id\u00edlico para relaxar e aprender a viver melhor<\/p>\n<p>[\/et_pb_text][et_pb_social_media_follow _builder_version=&#8221;4.27.4&#8243; _module_preset=&#8221;default&#8221; text_orientation=&#8221;center&#8221; global_colors_info=&#8221;{}&#8221;][et_pb_social_media_follow_network social_network=&#8221;instagram&#8221; url=&#8221;https:\/\/www.instagram.com\/casadagrela\/&#8221; _builder_version=&#8221;4.27.4&#8243; _module_preset=&#8221;default&#8221; background_color=&#8221;#ea2c59&#8243; global_colors_info=&#8221;{}&#8221; follow_button=&#8221;off&#8221; url_new_window=&#8221;on&#8221;]instagram[\/et_pb_social_media_follow_network][\/et_pb_social_media_follow][\/et_pb_column][et_pb_column type=&#8221;1_4&#8243; _builder_version=&#8221;4.18.0&#8243; _module_preset=&#8221;default&#8221; custom_padding=&#8221;30px||||false|false&#8221; global_colors_info=&#8221;{}&#8221;][et_pb_text _builder_version=&#8221;4.27.4&#8243; _module_preset=&#8221;default&#8221; link_font=&#8221;||||on||||&#8221; link_text_color=&#8221;#000000&#8243; text_orientation=&#8221;right&#8221; text_orientation_tablet=&#8221;left&#8221; text_orientation_phone=&#8221;left&#8221; text_orientation_last_edited=&#8221;on|tablet&#8221; global_colors_info=&#8221;{}&#8221;]<\/p>\n<p><strong>Avisos legais<\/strong><\/p>\n<p><a href=\"https:\/\/casadagrela.com\/pt-pt\/confidentialite\/\">Condi\u00e7\u00f5es gerais de utiliza\u00e7\u00e3o e pol\u00edtica de privacidade<\/a><\/p>\n<p>&nbsp;<\/p>\n<p>[\/et_pb_text][\/et_pb_column][\/et_pb_row][\/et_pb_section][et_pb_section fb_built=&#8221;1&#8243; _builder_version=&#8221;4.18.0&#8243; _module_preset=&#8221;default&#8221; custom_padding=&#8221;0px||0px||true|false&#8221; locked=&#8221;off&#8221; global_colors_info=&#8221;{}&#8221;][et_pb_row column_structure=&#8221;1_6,1_6,1_6,1_6,1_6,1_6&#8243; use_custom_gutter=&#8221;on&#8221; gutter_width=&#8221;1&#8243; make_equal=&#8221;on&#8221; _builder_version=&#8221;4.18.0&#8243; _module_preset=&#8221;default&#8221; width=&#8221;100%&#8221; max_width=&#8221;100%&#8221; custom_padding=&#8221;0px||0px||true|false&#8221; locked=&#8221;off&#8221; global_colors_info=&#8221;{}&#8221;][et_pb_column type=&#8221;1_6&#8243; _builder_version=&#8221;4.18.0&#8243; _module_preset=&#8221;default&#8221; global_colors_info=&#8221;{}&#8221;][et_pb_image src=&#8221;https:\/\/casadagrela.com\/wp-content\/uploads\/2024\/12\/IMG_20231121_100507-scaled.jpg&#8221; title_text=&#8221;IMG_20231121_100507&#8243; _builder_version=&#8221;4.27.4&#8243; _module_preset=&#8221;default&#8221; global_colors_info=&#8221;{}&#8221;][\/et_pb_image][\/et_pb_column][et_pb_column type=&#8221;1_6&#8243; _builder_version=&#8221;4.18.0&#8243; _module_preset=&#8221;default&#8221; global_colors_info=&#8221;{}&#8221;][et_pb_image src=&#8221;https:\/\/casadagrela.com\/wp-content\/uploads\/2025\/11\/Footer-02.jpg&#8221; title_text=&#8221;Footer 02&#8243; _builder_version=&#8221;4.27.4&#8243; _module_preset=&#8221;default&#8221; global_colors_info=&#8221;{}&#8221;][\/et_pb_image][\/et_pb_column][et_pb_column type=&#8221;1_6&#8243; _builder_version=&#8221;4.18.0&#8243; _module_preset=&#8221;default&#8221; global_colors_info=&#8221;{}&#8221;][et_pb_image src=&#8221;https:\/\/casadagrela.com\/wp-content\/uploads\/2025\/11\/footer-03.jpg&#8221; title_text=&#8221;footer 03&#8243; _builder_version=&#8221;4.27.4&#8243; _module_preset=&#8221;default&#8221; global_colors_info=&#8221;{}&#8221;][\/et_pb_image][\/et_pb_column][et_pb_column type=&#8221;1_6&#8243; _builder_version=&#8221;4.18.0&#8243; _module_preset=&#8221;default&#8221; global_colors_info=&#8221;{}&#8221;][et_pb_image src=&#8221;https:\/\/casadagrela.com\/wp-content\/uploads\/2024\/12\/PHOTO-2024-11-30-14-21-32-8.jpg&#8221; title_text=&#8221;PHOTO-2024-11-30-14-21-32 (8)&#8221; _builder_version=&#8221;4.27.4&#8243; _module_preset=&#8221;default&#8221; global_colors_info=&#8221;{}&#8221;][\/et_pb_image][\/et_pb_column][et_pb_column type=&#8221;1_6&#8243; _builder_version=&#8221;4.18.0&#8243; _module_preset=&#8221;default&#8221; global_colors_info=&#8221;{}&#8221;][et_pb_image src=&#8221;https:\/\/casadagrela.com\/wp-content\/uploads\/2024\/12\/IMG-20241007-WA0010.jpg&#8221; title_text=&#8221;IMG-20241007-WA0010&#8243; _builder_version=&#8221;4.27.4&#8243; _module_preset=&#8221;default&#8221; global_colors_info=&#8221;{}&#8221;][\/et_pb_image][\/et_pb_column][et_pb_column type=&#8221;1_6&#8243; _builder_version=&#8221;4.18.0&#8243; _module_preset=&#8221;default&#8221; global_colors_info=&#8221;{}&#8221;][et_pb_image src=&#8221;https:\/\/casadagrela.com\/wp-content\/uploads\/2025\/11\/footer-05.jpg&#8221; title_text=&#8221;footer 05&#8243; _builder_version=&#8221;4.27.4&#8243; _module_preset=&#8221;default&#8221; global_colors_info=&#8221;{}&#8221;][\/et_pb_image][\/et_pb_column][\/et_pb_row][et_pb_row _builder_version=&#8221;4.18.0&#8243; _module_preset=&#8221;default&#8221; global_colors_info=&#8221;{}&#8221;][et_pb_column type=&#8221;4_4&#8243; _builder_version=&#8221;4.18.0&#8243; _module_preset=&#8221;default&#8221; global_colors_info=&#8221;{}&#8221;][et_pb_text _builder_version=&#8221;4.27.4&#8243; _module_preset=&#8221;default&#8221; text_orientation=&#8221;center&#8221; link_option_url_new_window=&#8221;on&#8221; global_colors_info=&#8221;{}&#8221;]<\/p>\n<p>Copyright 2025 |Site criado por <a href=\"https:\/\/pixel-jack.com\/\">pixel-jack.com<\/a><\/p>\n<p>[\/et_pb_text][\/et_pb_column][\/et_pb_row][\/et_pb_section]<\/p>\n","protected":false},"excerpt":{"rendered":"<p>Casa d&#8217;Agrela: a sua hist\u00f3riaA Casa d\u2019Agrela \u00e9 uma antiga quinta em pedra de granito t\u00edpica do norte de Portugal. Situada no cora\u00e7\u00e3o da vila de Afife, na regi\u00e3o do Minho, data do in\u00edcio dos\u00e9culo XVIII.Est\u00e1 rodeada de vegeta\u00e7\u00e3o e pequenas montanhas atravessadas por cursos de \u00e1gua naturais e fica a 10 minutos a p\u00e9 [&hellip;]<\/p>\n","protected":false},"author":1,"featured_media":0,"parent":0,"menu_order":0,"comment_status":"closed","ping_status":"closed","template":"","meta":{"_et_pb_use_builder":"on","_et_pb_old_content":"<!-- wp:divi\/placeholder \/-->","_et_gb_content_width":"","footnotes":""},"class_list":["post-100832","page","type-page","status-publish","hentry"],"_links":{"self":[{"href":"https:\/\/casadagrela.com\/pt-pt\/wp-json\/wp\/v2\/pages\/100832","targetHints":{"allow":["GET"]}}],"collection":[{"href":"https:\/\/casadagrela.com\/pt-pt\/wp-json\/wp\/v2\/pages"}],"about":[{"href":"https:\/\/casadagrela.com\/pt-pt\/wp-json\/wp\/v2\/types\/page"}],"author":[{"embeddable":true,"href":"https:\/\/casadagrela.com\/pt-pt\/wp-json\/wp\/v2\/users\/1"}],"replies":[{"embeddable":true,"href":"https:\/\/casadagrela.com\/pt-pt\/wp-json\/wp\/v2\/comments?post=100832"}],"version-history":[{"count":5,"href":"https:\/\/casadagrela.com\/pt-pt\/wp-json\/wp\/v2\/pages\/100832\/revisions"}],"predecessor-version":[{"id":101347,"href":"https:\/\/casadagrela.com\/pt-pt\/wp-json\/wp\/v2\/pages\/100832\/revisions\/101347"}],"wp:attachment":[{"href":"https:\/\/casadagrela.com\/pt-pt\/wp-json\/wp\/v2\/media?parent=100832"}],"curies":[{"name":"wp","href":"https:\/\/api.w.org\/{rel}","templated":true}]}}