{"id":100852,"date":"2025-01-22T10:39:42","date_gmt":"2025-01-22T09:39:42","guid":{"rendered":"https:\/\/casadagrela.com\/enneagramme-2\/"},"modified":"2026-01-07T10:18:13","modified_gmt":"2026-01-07T09:18:13","slug":"enneagramme-2","status":"publish","type":"page","link":"https:\/\/casadagrela.com\/pt-pt\/enneagramme-2\/","title":{"rendered":"enneagramme"},"content":{"rendered":"<p>[et_pb_section fb_built=&#8221;1&#8243; _builder_version=&#8221;4.27.4&#8243; _module_preset=&#8221;default&#8221; background_color=&#8221;gcid-77cac542-5d8b-49cc-a7ee-2a084150afcc&#8221; custom_padding=&#8221;35px||35px||true|false&#8221; global_colors_info=&#8221;{%22gcid-77cac542-5d8b-49cc-a7ee-2a084150afcc%22:%91%22background_color%22%93}&#8221;][et_pb_row _builder_version=&#8221;4.18.0&#8243; _module_preset=&#8221;default&#8221; global_colors_info=&#8221;{}&#8221;][et_pb_column type=&#8221;4_4&#8243; _builder_version=&#8221;4.18.0&#8243; _module_preset=&#8221;default&#8221; global_colors_info=&#8221;{}&#8221;][et_pb_text _builder_version=&#8221;4.27.4&#8243; _module_preset=&#8221;default&#8221; text_font=&#8221;&#8211;et_global_body_font||||||||&#8221; text_text_color=&#8221;gcid-1b78aa34-1fc7-47b1-8c8b-84d89ef44e83&#8243; custom_margin=&#8221;||10px||false|false&#8221; custom_margin_tablet=&#8221;||20px||false|false&#8221; custom_margin_phone=&#8221;||10px||false|false&#8221; custom_margin_last_edited=&#8221;on|phone&#8221; text_font_size_tablet=&#8221;54px&#8221; text_font_size_phone=&#8221;36px&#8221; text_font_size_last_edited=&#8221;on|phone&#8221; locked=&#8221;off&#8221; global_colors_info=&#8221;{%22gcid-1b78aa34-1fc7-47b1-8c8b-84d89ef44e83%22:%91%22text_text_color%22%93}&#8221;]<\/p>\n<p style=\"text-align: center;\">Treinamento<\/p>\n<p>[\/et_pb_text][et_pb_text module_class=&#8221;clara-title&#8221; _builder_version=&#8221;4.27.4&#8243; _module_preset=&#8221;default&#8221; header_2_text_align=&#8221;center&#8221; header_2_font_size=&#8221;42px&#8221; text_orientation=&#8221;center&#8221; header_2_font_size_tablet=&#8221;42px&#8221; header_2_font_size_phone=&#8221;28px&#8221; header_2_font_size_last_edited=&#8221;on|phone&#8221; global_colors_info=&#8221;{}&#8221;]<\/p>\n<h3><strong>Descoberta do Eneagrama<\/strong><\/h3>\n<p>[\/et_pb_text][et_pb_text _builder_version=&#8221;4.27.4&#8243; _module_preset=&#8221;default&#8221; global_colors_info=&#8221;{}&#8221;]<\/p>\n<div class=\"et_pb_module et_pb_text et_pb_text_8  et_pb_text_align_left et_pb_bg_layout_light\">\n<div class=\"et_pb_text_inner\">\n<h3 style=\"text-align: center;\">De 02 a 10\/05\/2025 &#8211; em franc\u00eas<\/h3>\n<\/div>\n<\/div>\n<p>[\/et_pb_text][\/et_pb_column][\/et_pb_row][\/et_pb_section][et_pb_section fb_built=&#8221;1&#8243; _builder_version=&#8221;4.18.0&#8243; _module_preset=&#8221;default&#8221; background_color=&#8221;#f8f7f5&#8243; global_colors_info=&#8221;{}&#8221;][et_pb_row column_structure=&#8221;1_2,1_2&#8243; _builder_version=&#8221;4.18.0&#8243; _module_preset=&#8221;default&#8221; global_colors_info=&#8221;{}&#8221;][et_pb_column type=&#8221;1_2&#8243; _builder_version=&#8221;4.18.0&#8243; _module_preset=&#8221;default&#8221; global_colors_info=&#8221;{}&#8221;][et_pb_image src=&#8221;https:\/\/casadagrela.com\/wp-content\/uploads\/2025\/01\/eee.png&#8221; title_text=&#8221;eee&#8221; _builder_version=&#8221;4.27.4&#8243; _module_preset=&#8221;default&#8221; animation_style=&#8221;slide&#8221; animation_direction=&#8221;left&#8221; animation_intensity_slide=&#8221;15%&#8221; animation_starting_opacity=&#8221;100%&#8221; global_colors_info=&#8221;{}&#8221;][\/et_pb_image][\/et_pb_column][et_pb_column type=&#8221;1_2&#8243; _builder_version=&#8221;4.18.0&#8243; _module_preset=&#8221;default&#8221; custom_padding=&#8221;35px||||false|false&#8221; global_colors_info=&#8221;{}&#8221;][et_pb_text module_class=&#8221;clara-title&#8221; _builder_version=&#8221;4.27.4&#8243; _module_preset=&#8221;default&#8221; global_colors_info=&#8221;{}&#8221;]<\/p>\n<h2>Descri\u00e7\u00e3o<\/h2>\n<p>[\/et_pb_text][et_pb_blurb _builder_version=&#8221;4.27.4&#8243; _module_preset=&#8221;default&#8221; header_font_size=&#8221;22px&#8221; custom_margin=&#8221;||25px||false|false&#8221; custom_padding=&#8221;||25px||false|false&#8221; border_width_bottom=&#8221;1px&#8221; border_color_bottom=&#8221;#dbdbdb&#8221; global_colors_info=&#8221;{}&#8221;]<\/p>\n<p>O que vai descobrir<\/p>\n<p>Uma experi\u00eancia enriquecedora para explorar a sua personalidade e compreender melhor os outros<\/p>\n<p>[\/et_pb_blurb][et_pb_toggle title=&#8221;Porqu\u00ea participar?&#8221; open_toggle_text_color=&#8221;gcid-1b78aa34-1fc7-47b1-8c8b-84d89ef44e83&#8243; open_toggle_background_color=&#8221;#FFFFFF&#8221; closed_toggle_background_color=&#8221;#FFFFFF&#8221; icon_color=&#8221;gcid-607914a3-c41a-4c2b-b049-2b6741356977&#8243; use_icon_font_size=&#8221;on&#8221; icon_font_size=&#8221;20px&#8221; open_icon_color=&#8221;gcid-607914a3-c41a-4c2b-b049-2b6741356977&#8243; open_use_icon_font_size=&#8221;on&#8221; open_icon_font_size=&#8221;20px&#8221; _builder_version=&#8221;4.27.4&#8243; _module_preset=&#8221;default&#8221; title_text_color=&#8221;gcid-1b78aa34-1fc7-47b1-8c8b-84d89ef44e83&#8243; title_font_size=&#8221;16px&#8221; body_text_color=&#8221;#939393&#8243; custom_margin=&#8221;||30px||false|true&#8221; custom_padding=&#8221;|25px||25px|false|true&#8221; border_width_all=&#8221;0px&#8221; border_width_bottom=&#8221;1px&#8221; border_color_bottom=&#8221;gcid-1b78aa34-1fc7-47b1-8c8b-84d89ef44e83&#8243; locked=&#8221;off&#8221; global_colors_info=&#8221;{%22gcid-1b78aa34-1fc7-47b1-8c8b-84d89ef44e83%22:%91%22border_color_bottom%22,%22open_toggle_text_color%22,%22title_text_color%22%93,%22gcid-607914a3-c41a-4c2b-b049-2b6741356977%22:%91%22icon_color%22,%22open_icon_color%22%93}&#8221;]<\/p>\n<ul>\n<li>Melhore o seu conhecimento de si e dos outros.<\/li>\n<li>Desenvolva as suas compet\u00eancias interpessoais.<\/li>\n<li>Descubra o Eneagrama num ambiente amig\u00e1vel e atencioso.<\/li>\n<\/ul>\n<p>[\/et_pb_toggle][et_pb_toggle title=&#8221;Como ?&#8221; open_toggle_text_color=&#8221;gcid-1b78aa34-1fc7-47b1-8c8b-84d89ef44e83&#8243; open_toggle_background_color=&#8221;#FFFFFF&#8221; closed_toggle_background_color=&#8221;#FFFFFF&#8221; icon_color=&#8221;gcid-607914a3-c41a-4c2b-b049-2b6741356977&#8243; use_icon_font_size=&#8221;on&#8221; icon_font_size=&#8221;20px&#8221; open_icon_color=&#8221;gcid-607914a3-c41a-4c2b-b049-2b6741356977&#8243; open_use_icon_font_size=&#8221;on&#8221; open_icon_font_size=&#8221;20px&#8221; _builder_version=&#8221;4.27.4&#8243; _module_preset=&#8221;default&#8221; title_text_color=&#8221;gcid-1b78aa34-1fc7-47b1-8c8b-84d89ef44e83&#8243; title_font_size=&#8221;16px&#8221; body_text_color=&#8221;#939393&#8243; custom_margin=&#8221;||0px||false|true&#8221; custom_padding=&#8221;|25px||25px|false|true&#8221; border_width_all=&#8221;0px&#8221; border_width_bottom=&#8221;1px&#8221; border_color_bottom=&#8221;gcid-1b78aa34-1fc7-47b1-8c8b-84d89ef44e83&#8243; locked=&#8221;off&#8221; global_colors_info=&#8221;{%22gcid-1b78aa34-1fc7-47b1-8c8b-84d89ef44e83%22:%91%22border_color_bottom%22,%22open_toggle_text_color%22,%22title_text_color%22%93,%22gcid-607914a3-c41a-4c2b-b049-2b6741356977%22:%91%22icon_color%22,%22open_icon_color%22%93}&#8221;]<\/p>\n<ul>\n<li style=\"text-align: justify;\">Os 9 tipos de personalidade e as suas din\u00e2micas.<\/li>\n<li style=\"text-align: justify;\">As suas motiva\u00e7\u00f5es profundas, os seus pontos fortes e as suas \u00e1reas de melhoria.<\/li>\n<li style=\"text-align: justify;\">Como interagir melhor com os outros atrav\u00e9s de uma compreens\u00e3o profunda de como operam.<\/li>\n<li style=\"text-align: justify;\">T\u00e9cnicas para fortalecer a sua intelig\u00eancia emocional e desenvolvimento pessoal.<\/li>\n<\/ul>\n<p>[\/et_pb_toggle][\/et_pb_column][\/et_pb_row][et_pb_row column_structure=&#8221;1_2,1_2&#8243; _builder_version=&#8221;4.18.0&#8243; _module_preset=&#8221;default&#8221; global_colors_info=&#8221;{}&#8221;][et_pb_column type=&#8221;1_2&#8243; _builder_version=&#8221;4.18.0&#8243; _module_preset=&#8221;default&#8221; global_colors_info=&#8221;{}&#8221;][et_pb_text module_class=&#8221;clara-title&#8221; _builder_version=&#8221;4.27.4&#8243; _module_preset=&#8221;default&#8221; header_2_text_align=&#8221;center&#8221; header_2_font_size=&#8221;32px&#8221; custom_margin=&#8221;||50px||false|false&#8221; header_2_font_size_tablet=&#8221;42px&#8221; header_2_font_size_phone=&#8221;28px&#8221; header_2_font_size_last_edited=&#8221;on|phone&#8221; global_colors_info=&#8221;{}&#8221;]<\/p>\n<h2>A treinadora: D\u00e9borah Linz<\/h2>\n<p>[\/et_pb_text][et_pb_text _builder_version=&#8221;4.27.4&#8243; _module_preset=&#8221;default&#8221; global_colors_info=&#8221;{}&#8221;]<\/p>\n<p>Instrutor certificado e apaixonado h\u00e1 mais de 17 anos.<\/p>\n<p>[\/et_pb_text][\/et_pb_column][et_pb_column type=&#8221;1_2&#8243; _builder_version=&#8221;4.18.0&#8243; _module_preset=&#8221;default&#8221; global_colors_info=&#8221;{}&#8221;][et_pb_text module_class=&#8221;clara-title&#8221; _builder_version=&#8221;4.27.4&#8243; _module_preset=&#8221;default&#8221; header_2_text_align=&#8221;center&#8221; header_2_font_size=&#8221;32px&#8221; custom_margin=&#8221;||50px||false|false&#8221; header_2_font_size_tablet=&#8221;42px&#8221; header_2_font_size_phone=&#8221;28px&#8221; header_2_font_size_last_edited=&#8221;on|phone&#8221; global_colors_info=&#8221;{}&#8221;]<\/p>\n<h2>Pre\u00e7o: Sob consulta<\/h2>\n<p>&nbsp;<\/p>\n<p>[\/et_pb_text][\/et_pb_column][\/et_pb_row][\/et_pb_section][et_pb_section fb_built=&#8221;1&#8243; _builder_version=&#8221;4.27.4&#8243; _module_preset=&#8221;default&#8221; background_color=&#8221;#f4f4f4&#8243; background_enable_image=&#8221;off&#8221; background_blend=&#8221;overlay&#8221; custom_padding=&#8221;66px|||||&#8221; hover_enabled=&#8221;0&#8243; locked=&#8221;off&#8221; global_colors_info=&#8221;{}&#8221; sticky_enabled=&#8221;0&#8243;][et_pb_row _builder_version=&#8221;4.27.4&#8243; _module_preset=&#8221;default&#8221; global_colors_info=&#8221;{}&#8221;][et_pb_column type=&#8221;4_4&#8243; _builder_version=&#8221;4.24.0&#8243; _module_preset=&#8221;default&#8221; global_colors_info=&#8221;{}&#8221;][et_pb_text _builder_version=&#8221;4.27.4&#8243; _module_preset=&#8221;default&#8221; text_text_color=&#8221;#333333&#8243; min_height=&#8221;111.4px&#8221; custom_margin=&#8221;0px||0px||false|false&#8221; custom_margin_tablet=&#8221;||30px||false|false&#8221; custom_margin_phone=&#8221;0px||30px||false|false&#8221; custom_margin_last_edited=&#8221;on|desktop&#8221; custom_padding=&#8221;||0px|||&#8221; global_colors_info=&#8221;{}&#8221; custom_margin__hover_enabled=&#8221;off|desktop&#8221;]<\/p>\n<h3 style=\"text-align: center;\">Se desejar os detalhes completos deste workshop, pode:<\/h3>\n<p>[\/et_pb_text][\/et_pb_column][\/et_pb_row][et_pb_row column_structure=&#8221;1_2,1_2&#8243; _builder_version=&#8221;4.27.4&#8243; _module_preset=&#8221;default&#8221; width=&#8221;500px&#8221; custom_margin=&#8221;-100px||||false|false&#8221; global_colors_info=&#8221;{}&#8221;][et_pb_column type=&#8221;1_2&#8243; _builder_version=&#8221;4.27.4&#8243; _module_preset=&#8221;default&#8221; global_colors_info=&#8221;{}&#8221;][et_pb_button button_url=&#8221;\/wp-content\/uploads\/2025\/03\/Formation-ennea-v2-2.pdf&#8221; url_new_window=&#8221;on&#8221; button_text=&#8221;Descarregue o PDF&#8221; button_alignment=&#8221;center&#8221; button_alignment_last_edited=&#8221;off|phone&#8221; _builder_version=&#8221;4.27.4&#8243; _module_preset=&#8221;default&#8221; custom_button=&#8221;on&#8221; button_text_size=&#8221;14px&#8221; button_text_color=&#8221;#FFFFFF&#8221; button_bg_color=&#8221;gcid-1b78aa34-1fc7-47b1-8c8b-84d89ef44e83&#8243; button_border_width=&#8221;0px&#8221; button_border_radius=&#8221;0px&#8221; button_use_icon=&#8221;off&#8221; custom_margin_tablet=&#8221;&#8221; custom_margin_phone=&#8221;&#8221; custom_margin_last_edited=&#8221;on|phone&#8221; custom_padding=&#8221;7px|20px|5px|20px|false|true&#8221; button_text_shadow_style=&#8221;preset3&#8243; button_text_shadow_horizontal_length=&#8221;0.03em&#8221; button_text_shadow_vertical_length=&#8221;0.03em&#8221; button_text_shadow_blur_strength=&#8221;0.05em&#8221; button_text_shadow_color=&#8221;rgba(0,0,0,0.2)&#8221; box_shadow_style=&#8221;preset1&#8243; box_shadow_blur=&#8221;25px&#8221; box_shadow_color=&#8221;rgba(0,0,0,0.2)&#8221; global_colors_info=&#8221;{%22gcid-1b78aa34-1fc7-47b1-8c8b-84d89ef44e83%22:%91%22button_bg_color%22,%22button_bg_color%22,%22button_bg_color%22%93,%22gcid-8dc34fe4-e8a4-4f59-95f0-49dd18bc1899%22:%91%22button_bg_color__hover%22%93}&#8221; button_bg_color__hover=&#8221;#32897e&#8221; button_bg_color__hover_enabled=&#8221;on|hover&#8221;][\/et_pb_button][\/et_pb_column][et_pb_column type=&#8221;1_2&#8243; _builder_version=&#8221;4.27.4&#8243; _module_preset=&#8221;default&#8221; global_colors_info=&#8221;{}&#8221;][et_pb_button button_url=&#8221;https:\/\/casadagrela.com\/contact\/&#8221; button_text=&#8221;Entre em contacto&#8221; button_alignment=&#8221;center&#8221; _builder_version=&#8221;4.27.4&#8243; _module_preset=&#8221;default&#8221; custom_button=&#8221;on&#8221; button_text_size=&#8221;14px&#8221; button_text_color=&#8221;#FFFFFF&#8221; button_bg_color=&#8221;gcid-1b78aa34-1fc7-47b1-8c8b-84d89ef44e83&#8243; button_border_width=&#8221;0px&#8221; button_border_radius=&#8221;0px&#8221; button_use_icon=&#8221;off&#8221; custom_padding=&#8221;7px|20px|5px|20px|false|true&#8221; button_text_shadow_style=&#8221;preset3&#8243; button_text_shadow_horizontal_length=&#8221;0.03em&#8221; button_text_shadow_vertical_length=&#8221;0.03em&#8221; button_text_shadow_blur_strength=&#8221;0.05em&#8221; button_text_shadow_color=&#8221;rgba(0,0,0,0.2)&#8221; box_shadow_style=&#8221;preset1&#8243; box_shadow_blur=&#8221;25px&#8221; box_shadow_color=&#8221;rgba(0,0,0,0.2)&#8221; global_colors_info=&#8221;{%22gcid-1b78aa34-1fc7-47b1-8c8b-84d89ef44e83%22:%91%22button_bg_color%22,%22button_bg_color%22,%22button_bg_color%22%93,%22gcid-8dc34fe4-e8a4-4f59-95f0-49dd18bc1899%22:%91%22button_bg_color__hover%22%93}&#8221; button_bg_color__hover=&#8221;#32897e&#8221; button_bg_color__hover_enabled=&#8221;on|hover&#8221;][\/et_pb_button][\/et_pb_column][\/et_pb_row][\/et_pb_section][et_pb_section fb_built=&#8221;1&#8243; _builder_version=&#8221;4.24.0&#8243; _module_preset=&#8221;default&#8221; background_color=&#8221;gcid-77cac542-5d8b-49cc-a7ee-2a084150afcc&#8221; custom_padding=&#8221;25px||25px||true|false&#8221; locked=&#8221;off&#8221; global_colors_info=&#8221;{%22gcid-77cac542-5d8b-49cc-a7ee-2a084150afcc%22:%91%22background_color%22%93}&#8221;][et_pb_row column_structure=&#8221;1_4,1_2,1_4&#8243; _builder_version=&#8221;4.18.0&#8243; _module_preset=&#8221;default&#8221; max_width=&#8221;1400px&#8221; custom_margin=&#8221;0px||0px||true|false&#8221; global_colors_info=&#8221;{}&#8221;][et_pb_column type=&#8221;1_4&#8243; _builder_version=&#8221;4.18.0&#8243; _module_preset=&#8221;default&#8221; custom_padding=&#8221;30px||||false|false&#8221; global_colors_info=&#8221;{}&#8221;][et_pb_text _builder_version=&#8221;4.27.4&#8243; _module_preset=&#8221;default&#8221; link_font=&#8221;||||on||||&#8221; link_text_color=&#8221;#000000&#8243; global_colors_info=&#8221;{}&#8221;]<\/p>\n<p><strong>Links \u00fateis<\/strong><\/p>\n<p><a href=\"https:\/\/casadagrela.com\/pt-pt\/\" aria-current=\"page\">Home<\/a><br \/><a href=\"https:\/\/casadagrela.com\/pt-pt\/vacances\/\">F\u00e9rias<\/a><br \/><a href=\"https:\/\/casadagrela.com\/pt-pt\/retraites-et-formations\/\">Retiros e forma\u00e7\u00e3o<\/a><br \/><a href=\"https:\/\/casadagrela.com\/evenements\/\"><\/a><a href=\"https:\/\/casadagrela.com\/pt-pt\/evenements\/\">Eventos<\/a><br \/><a href=\"https:\/\/casadagrela.com\/pt-pt\/tarif\/\">Pre\u00e7os<\/a><br \/><a href=\"https:\/\/casadagrela.com\/pt-pt\/la-maison\/\">Casa<\/a><br \/><a href=\"https:\/\/casadagrela.com\/pt-pt\/contact\/\">Contacto<\/a><\/p>\n<p>[\/et_pb_text][\/et_pb_column][et_pb_column type=&#8221;1_2&#8243; _builder_version=&#8221;4.18.0&#8243; _module_preset=&#8221;default&#8221; global_colors_info=&#8221;{}&#8221;][et_pb_image src=&#8221;https:\/\/casadagrela.com\/wp-content\/uploads\/2024\/02\/logo-agrela.png&#8221; title_text=&#8221;logo agrela&#8221; align=&#8221;center&#8221; _builder_version=&#8221;4.24.0&#8243; _module_preset=&#8221;default&#8221; width=&#8221;175px&#8221; max_width=&#8221;175px&#8221; custom_margin=&#8221;||25px||false|false&#8221; global_colors_info=&#8221;{}&#8221;][\/et_pb_image][et_pb_text _builder_version=&#8221;4.27.4&#8243; _module_preset=&#8221;default&#8221; text_font=&#8221;||on||||||&#8221; text_text_color=&#8221;#4f4f4f&#8221; text_orientation=&#8221;center&#8221; module_alignment=&#8221;center&#8221; custom_margin=&#8221;||20px||false|false&#8221; global_colors_info=&#8221;{}&#8221;]<\/p>\n<p>Um cen\u00e1rio id\u00edlico para relaxar e aprender a viver melhor<\/p>\n<p>[\/et_pb_text][et_pb_social_media_follow _builder_version=&#8221;4.27.4&#8243; _module_preset=&#8221;default&#8221; text_orientation=&#8221;center&#8221; global_colors_info=&#8221;{}&#8221;][et_pb_social_media_follow_network social_network=&#8221;instagram&#8221; url=&#8221;https:\/\/www.instagram.com\/casadagrela\/&#8221; _builder_version=&#8221;4.27.4&#8243; _module_preset=&#8221;default&#8221; background_color=&#8221;#ea2c59&#8243; global_colors_info=&#8221;{}&#8221; follow_button=&#8221;off&#8221; url_new_window=&#8221;on&#8221;]instagram[\/et_pb_social_media_follow_network][\/et_pb_social_media_follow][\/et_pb_column][et_pb_column type=&#8221;1_4&#8243; _builder_version=&#8221;4.18.0&#8243; _module_preset=&#8221;default&#8221; custom_padding=&#8221;30px||||false|false&#8221; global_colors_info=&#8221;{}&#8221;][et_pb_text _builder_version=&#8221;4.27.4&#8243; _module_preset=&#8221;default&#8221; link_font=&#8221;||||on||||&#8221; link_text_color=&#8221;#000000&#8243; text_orientation=&#8221;right&#8221; text_orientation_tablet=&#8221;left&#8221; text_orientation_phone=&#8221;left&#8221; text_orientation_last_edited=&#8221;on|tablet&#8221; global_colors_info=&#8221;{}&#8221;]<\/p>\n<p><strong>Avisos legais<\/strong><\/p>\n<p><a href=\"https:\/\/casadagrela.com\/pt-pt\/confidentialite\/\">Condi\u00e7\u00f5es gerais de utiliza\u00e7\u00e3o e pol\u00edtica de privacidade<\/a><\/p>\n<p>&nbsp;<\/p>\n<p>[\/et_pb_text][\/et_pb_column][\/et_pb_row][\/et_pb_section][et_pb_section fb_built=&#8221;1&#8243; _builder_version=&#8221;4.18.0&#8243; _module_preset=&#8221;default&#8221; custom_padding=&#8221;0px||0px||true|false&#8221; locked=&#8221;off&#8221; global_colors_info=&#8221;{}&#8221;][et_pb_row column_structure=&#8221;1_6,1_6,1_6,1_6,1_6,1_6&#8243; use_custom_gutter=&#8221;on&#8221; gutter_width=&#8221;1&#8243; make_equal=&#8221;on&#8221; _builder_version=&#8221;4.18.0&#8243; _module_preset=&#8221;default&#8221; width=&#8221;100%&#8221; max_width=&#8221;100%&#8221; custom_padding=&#8221;0px||0px||true|false&#8221; global_colors_info=&#8221;{}&#8221;][et_pb_column type=&#8221;1_6&#8243; _builder_version=&#8221;4.18.0&#8243; _module_preset=&#8221;default&#8221; global_colors_info=&#8221;{}&#8221;][et_pb_image src=&#8221;https:\/\/casadagrela.com\/wp-content\/uploads\/2024\/12\/IMG_20231121_100507-scaled.jpg&#8221; title_text=&#8221;IMG_20231121_100507&#8243; _builder_version=&#8221;4.27.4&#8243; _module_preset=&#8221;default&#8221; global_colors_info=&#8221;{}&#8221;][\/et_pb_image][\/et_pb_column][et_pb_column type=&#8221;1_6&#8243; _builder_version=&#8221;4.18.0&#8243; _module_preset=&#8221;default&#8221; global_colors_info=&#8221;{}&#8221;][et_pb_image src=&#8221;https:\/\/casadagrela.com\/wp-content\/uploads\/2024\/12\/IMG-20241008-WA0010.jpg&#8221; title_text=&#8221;IMG-20241008-WA0010&#8243; _builder_version=&#8221;4.27.4&#8243; _module_preset=&#8221;default&#8221; global_colors_info=&#8221;{}&#8221;][\/et_pb_image][\/et_pb_column][et_pb_column type=&#8221;1_6&#8243; _builder_version=&#8221;4.18.0&#8243; _module_preset=&#8221;default&#8221; global_colors_info=&#8221;{}&#8221;][et_pb_image src=&#8221;https:\/\/casadagrela.com\/wp-content\/uploads\/2024\/12\/IMG-20241008-WA0015.jpg&#8221; title_text=&#8221;IMG-20241008-WA0015&#8243; _builder_version=&#8221;4.27.4&#8243; _module_preset=&#8221;default&#8221; global_colors_info=&#8221;{}&#8221;][\/et_pb_image][\/et_pb_column][et_pb_column type=&#8221;1_6&#8243; _builder_version=&#8221;4.18.0&#8243; _module_preset=&#8221;default&#8221; global_colors_info=&#8221;{}&#8221;][et_pb_image src=&#8221;https:\/\/casadagrela.com\/wp-content\/uploads\/2024\/12\/PHOTO-2024-11-30-14-21-32-8.jpg&#8221; title_text=&#8221;PHOTO-2024-11-30-14-21-32 (8)&#8221; _builder_version=&#8221;4.27.4&#8243; _module_preset=&#8221;default&#8221; global_colors_info=&#8221;{}&#8221;][\/et_pb_image][\/et_pb_column][et_pb_column type=&#8221;1_6&#8243; _builder_version=&#8221;4.18.0&#8243; _module_preset=&#8221;default&#8221; global_colors_info=&#8221;{}&#8221;][et_pb_image src=&#8221;https:\/\/casadagrela.com\/wp-content\/uploads\/2024\/12\/IMG-20241007-WA0010.jpg&#8221; title_text=&#8221;IMG-20241007-WA0010&#8243; _builder_version=&#8221;4.27.4&#8243; _module_preset=&#8221;default&#8221; global_colors_info=&#8221;{}&#8221;][\/et_pb_image][\/et_pb_column][et_pb_column type=&#8221;1_6&#8243; _builder_version=&#8221;4.18.0&#8243; _module_preset=&#8221;default&#8221; global_colors_info=&#8221;{}&#8221;][et_pb_image src=&#8221;https:\/\/casadagrela.com\/wp-content\/uploads\/2024\/12\/IMG_20240329_193149-scaled.jpg&#8221; title_text=&#8221;IMG_20240329_193149&#8243; _builder_version=&#8221;4.27.4&#8243; _module_preset=&#8221;default&#8221; global_colors_info=&#8221;{}&#8221;][\/et_pb_image][\/et_pb_column][\/et_pb_row][et_pb_row _builder_version=&#8221;4.18.0&#8243; _module_preset=&#8221;default&#8221; global_colors_info=&#8221;{}&#8221;][et_pb_column type=&#8221;4_4&#8243; _builder_version=&#8221;4.18.0&#8243; _module_preset=&#8221;default&#8221; global_colors_info=&#8221;{}&#8221;][et_pb_text _builder_version=&#8221;4.27.4&#8243; _module_preset=&#8221;default&#8221; text_orientation=&#8221;center&#8221; link_option_url_new_window=&#8221;on&#8221; global_colors_info=&#8221;{}&#8221;]<\/p>\n<p>Copyright 2025 |Site criado por <a href=\"https:\/\/pixel-jack.com\/\">pixel-jack.com<\/a><\/p>\n<p>[\/et_pb_text][\/et_pb_column][\/et_pb_row][\/et_pb_section]<\/p>\n","protected":false},"excerpt":{"rendered":"<p>TreinamentoDescoberta do Eneagrama De 02 a 10\/05\/2025 &#8211; em franc\u00eas Descri\u00e7\u00e3oO que vai descobrir Uma experi\u00eancia enriquecedora para explorar a sua personalidade e compreender melhor os outros Melhore o seu conhecimento de si e dos outros. Desenvolva as suas compet\u00eancias interpessoais. Descubra o Eneagrama num ambiente amig\u00e1vel e atencioso. Os 9 tipos de personalidade e [&hellip;]<\/p>\n","protected":false},"author":1,"featured_media":0,"parent":0,"menu_order":0,"comment_status":"closed","ping_status":"closed","template":"","meta":{"_et_pb_use_builder":"on","_et_pb_old_content":"","_et_gb_content_width":"","footnotes":""},"class_list":["post-100852","page","type-page","status-publish","hentry"],"_links":{"self":[{"href":"https:\/\/casadagrela.com\/pt-pt\/wp-json\/wp\/v2\/pages\/100852","targetHints":{"allow":["GET"]}}],"collection":[{"href":"https:\/\/casadagrela.com\/pt-pt\/wp-json\/wp\/v2\/pages"}],"about":[{"href":"https:\/\/casadagrela.com\/pt-pt\/wp-json\/wp\/v2\/types\/page"}],"author":[{"embeddable":true,"href":"https:\/\/casadagrela.com\/pt-pt\/wp-json\/wp\/v2\/users\/1"}],"replies":[{"embeddable":true,"href":"https:\/\/casadagrela.com\/pt-pt\/wp-json\/wp\/v2\/comments?post=100852"}],"version-history":[{"count":4,"href":"https:\/\/casadagrela.com\/pt-pt\/wp-json\/wp\/v2\/pages\/100852\/revisions"}],"predecessor-version":[{"id":101382,"href":"https:\/\/casadagrela.com\/pt-pt\/wp-json\/wp\/v2\/pages\/100852\/revisions\/101382"}],"wp:attachment":[{"href":"https:\/\/casadagrela.com\/pt-pt\/wp-json\/wp\/v2\/media?parent=100852"}],"curies":[{"name":"wp","href":"https:\/\/api.w.org\/{rel}","templated":true}]}}