{"id":100880,"date":"2025-01-07T10:30:16","date_gmt":"2025-01-07T09:30:16","guid":{"rendered":"https:\/\/casadagrela.com\/tarot-2\/"},"modified":"2026-01-07T10:18:43","modified_gmt":"2026-01-07T09:18:43","slug":"tarot-2","status":"publish","type":"page","link":"https:\/\/casadagrela.com\/pt-pt\/tarot-2\/","title":{"rendered":"Tarot"},"content":{"rendered":"<p>[et_pb_section fb_built=&#8221;1&#8243; _builder_version=&#8221;4.27.4&#8243; _module_preset=&#8221;default&#8221; background_color=&#8221;gcid-77cac542-5d8b-49cc-a7ee-2a084150afcc&#8221; custom_padding=&#8221;35px||35px||true|false&#8221; global_colors_info=&#8221;{%22gcid-77cac542-5d8b-49cc-a7ee-2a084150afcc%22:%91%22background_color%22%93}&#8221;][et_pb_row _builder_version=&#8221;4.18.0&#8243; _module_preset=&#8221;default&#8221; global_colors_info=&#8221;{}&#8221;][et_pb_column type=&#8221;4_4&#8243; _builder_version=&#8221;4.18.0&#8243; _module_preset=&#8221;default&#8221; global_colors_info=&#8221;{}&#8221;][et_pb_text _builder_version=&#8221;4.27.4&#8243; _module_preset=&#8221;default&#8221; text_font=&#8221;&#8211;et_global_body_font||||||||&#8221; text_text_color=&#8221;gcid-1b78aa34-1fc7-47b1-8c8b-84d89ef44e83&#8243; custom_margin=&#8221;||10px||false|false&#8221; custom_margin_tablet=&#8221;||20px||false|false&#8221; custom_margin_phone=&#8221;||10px||false|false&#8221; custom_margin_last_edited=&#8221;on|phone&#8221; text_font_size_tablet=&#8221;54px&#8221; text_font_size_phone=&#8221;36px&#8221; text_font_size_last_edited=&#8221;on|phone&#8221; locked=&#8221;off&#8221; global_colors_info=&#8221;{%22gcid-1b78aa34-1fc7-47b1-8c8b-84d89ef44e83%22:%91%22text_text_color%22%93}&#8221;]<\/p>\n<p style=\"text-align: center;\">Treinamento<\/p>\n<p>[\/et_pb_text][et_pb_text module_class=&#8221;clara-title&#8221; _builder_version=&#8221;4.27.4&#8243; _module_preset=&#8221;default&#8221; header_2_text_align=&#8221;center&#8221; header_2_font_size=&#8221;42px&#8221; text_orientation=&#8221;center&#8221; header_2_font_size_tablet=&#8221;42px&#8221; header_2_font_size_phone=&#8221;28px&#8221; header_2_font_size_last_edited=&#8221;on|phone&#8221; global_colors_info=&#8221;{}&#8221;]<\/p>\n<p><strong>A PEREGRINA\u00c7\u00c3O DA ALMA:<\/strong><\/p>\n<p>Introdu\u00e7\u00e3o ao Tar\u00f4 de Marselha para uma melhor compreens\u00e3o pessoal<\/p>\n<p>[\/et_pb_text][et_pb_text _builder_version=&#8221;4.27.4&#8243; _module_preset=&#8221;default&#8221; global_colors_info=&#8221;{}&#8221;]<\/p>\n<h2 style=\"text-align: center;\">De 18 a 21\/09\/2025 &#8211; Em franc\u00eas<\/h2>\n<p>[\/et_pb_text][\/et_pb_column][\/et_pb_row][\/et_pb_section][et_pb_section fb_built=&#8221;1&#8243; _builder_version=&#8221;4.18.0&#8243; _module_preset=&#8221;default&#8221; background_color=&#8221;#f8f7f5&#8243; global_colors_info=&#8221;{}&#8221;][et_pb_row column_structure=&#8221;1_2,1_2&#8243; _builder_version=&#8221;4.18.0&#8243; _module_preset=&#8221;default&#8221; global_colors_info=&#8221;{}&#8221;][et_pb_column type=&#8221;1_2&#8243; _builder_version=&#8221;4.18.0&#8243; _module_preset=&#8221;default&#8221; global_colors_info=&#8221;{}&#8221;][et_pb_image src=&#8221;https:\/\/casadagrela.com\/wp-content\/uploads\/2025\/01\/LE-MAT-1.png&#8221; title_text=&#8221;LE-MAT-1&#8243; _builder_version=&#8221;4.27.4&#8243; _module_preset=&#8221;default&#8221; animation_style=&#8221;slide&#8221; animation_direction=&#8221;left&#8221; animation_intensity_slide=&#8221;15%&#8221; animation_starting_opacity=&#8221;100%&#8221; global_colors_info=&#8221;{}&#8221;][\/et_pb_image][\/et_pb_column][et_pb_column type=&#8221;1_2&#8243; _builder_version=&#8221;4.18.0&#8243; _module_preset=&#8221;default&#8221; custom_padding=&#8221;35px||||false|false&#8221; global_colors_info=&#8221;{}&#8221;][et_pb_text module_class=&#8221;clara-title&#8221; _builder_version=&#8221;4.27.4&#8243; _module_preset=&#8221;default&#8221; global_colors_info=&#8221;{}&#8221;]<\/p>\n<h2>Descri\u00e7\u00e3o<\/h2>\n<p>[\/et_pb_text][et_pb_blurb _builder_version=&#8221;4.27.4&#8243; _module_preset=&#8221;default&#8221; header_font_size=&#8221;22px&#8221; custom_margin=&#8221;||25px||false|false&#8221; custom_padding=&#8221;||25px||false|false&#8221; border_width_bottom=&#8221;1px&#8221; border_color_bottom=&#8221;#dbdbdb&#8221; global_colors_info=&#8221;{}&#8221;]<\/p>\n<p><strong>O QUE VAI DESCOBRIR?<\/strong><\/p>\n<p>Atrav\u00e9s do estudo e compreens\u00e3o do simbolismo dos arqu\u00e9tipos dos arcanos maiores do Tarot de Marselha, este workshop convida-o a uma viagem inici\u00e1tica no caminho do conhecimento do seu ser encarnado.<\/p>\n<p>[\/et_pb_blurb][et_pb_toggle title=&#8221;Porqu\u00ea participar?&#8221; open_toggle_text_color=&#8221;gcid-1b78aa34-1fc7-47b1-8c8b-84d89ef44e83&#8243; open_toggle_background_color=&#8221;#FFFFFF&#8221; closed_toggle_background_color=&#8221;#FFFFFF&#8221; icon_color=&#8221;gcid-607914a3-c41a-4c2b-b049-2b6741356977&#8243; use_icon_font_size=&#8221;on&#8221; icon_font_size=&#8221;20px&#8221; open_icon_color=&#8221;gcid-607914a3-c41a-4c2b-b049-2b6741356977&#8243; open_use_icon_font_size=&#8221;on&#8221; open_icon_font_size=&#8221;20px&#8221; _builder_version=&#8221;4.27.4&#8243; _module_preset=&#8221;default&#8221; title_text_color=&#8221;gcid-1b78aa34-1fc7-47b1-8c8b-84d89ef44e83&#8243; title_font_size=&#8221;16px&#8221; body_text_color=&#8221;#939393&#8243; width_tablet=&#8221;auto&#8221; width_phone=&#8221;auto&#8221; width_last_edited=&#8221;on|phone&#8221; custom_margin=&#8221;||30px||false|true&#8221; custom_padding=&#8221;|25px||25px|false|true&#8221; border_width_all=&#8221;0px&#8221; border_width_bottom=&#8221;1px&#8221; border_color_bottom=&#8221;gcid-1b78aa34-1fc7-47b1-8c8b-84d89ef44e83&#8243; locked=&#8221;off&#8221; global_colors_info=&#8221;{%22gcid-1b78aa34-1fc7-47b1-8c8b-84d89ef44e83%22:%91%22border_color_bottom%22,%22open_toggle_text_color%22,%22title_text_color%22%93,%22gcid-607914a3-c41a-4c2b-b049-2b6741356977%22:%91%22icon_color%22,%22open_icon_color%22%93}&#8221;]<\/p>\n<p>Saber onde estamos na vida n\u00e3o \u00e9 f\u00e1cil, saber para onde vamos \u00e9 ainda menos.<\/p>\n<p>O Tarot, muito mais do que um simples baralho de cartas, \u00e9 uma poderosa ferramenta de desenvolvimento pessoal. Os seus s\u00edmbolos ricos em significado permitem-lhe conhecer-se melhor, compreender as suas motiva\u00e7\u00f5es profundas e navegar pelos altos e baixos da vida com maior clareza e consci\u00eancia.<\/p>\n<p>[\/et_pb_toggle][et_pb_toggle title=&#8221;Como ?&#8221; open_toggle_text_color=&#8221;gcid-1b78aa34-1fc7-47b1-8c8b-84d89ef44e83&#8243; open_toggle_background_color=&#8221;#FFFFFF&#8221; closed_toggle_background_color=&#8221;#FFFFFF&#8221; icon_color=&#8221;gcid-607914a3-c41a-4c2b-b049-2b6741356977&#8243; use_icon_font_size=&#8221;on&#8221; icon_font_size=&#8221;20px&#8221; open_icon_color=&#8221;gcid-607914a3-c41a-4c2b-b049-2b6741356977&#8243; open_use_icon_font_size=&#8221;on&#8221; open_icon_font_size=&#8221;20px&#8221; _builder_version=&#8221;4.27.4&#8243; _module_preset=&#8221;default&#8221; title_text_color=&#8221;gcid-1b78aa34-1fc7-47b1-8c8b-84d89ef44e83&#8243; title_font_size=&#8221;16px&#8221; body_text_color=&#8221;#939393&#8243; width_tablet=&#8221;auto&#8221; width_phone=&#8221;auto&#8221; width_last_edited=&#8221;on|phone&#8221; custom_margin=&#8221;||0px||false|true&#8221; custom_padding=&#8221;|25px||25px|false|true&#8221; border_width_all=&#8221;0px&#8221; border_width_bottom=&#8221;1px&#8221; border_color_bottom=&#8221;gcid-1b78aa34-1fc7-47b1-8c8b-84d89ef44e83&#8243; locked=&#8221;off&#8221; global_colors_info=&#8221;{%22gcid-1b78aa34-1fc7-47b1-8c8b-84d89ef44e83%22:%91%22border_color_bottom%22,%22open_toggle_text_color%22,%22title_text_color%22%93,%22gcid-607914a3-c41a-4c2b-b049-2b6741356977%22:%91%22icon_color%22,%22open_icon_color%22%93}&#8221;]<\/p>\n<p>Atrav\u00e9s das imagens, gra\u00e7as ao trabalho introspetivo individual e \u00e0s discuss\u00f5es em grupo, ver\u00e1 onde j\u00e1 chegou e poder\u00e1 sentir o que ainda precisa de experienciar para avan\u00e7ar livremente no seu caminho de vida e no seu caminho espiritual.<\/p>\n<p>&nbsp;<\/p>\n<p>Aprender Tarot \u00e9 acess\u00edvel a todos e n\u00e3o requer pr\u00e9-requisitos.<\/p>\n<p>[\/et_pb_toggle][\/et_pb_column][\/et_pb_row][et_pb_row column_structure=&#8221;1_2,1_2&#8243; _builder_version=&#8221;4.18.0&#8243; _module_preset=&#8221;default&#8221; global_colors_info=&#8221;{}&#8221;][et_pb_column type=&#8221;1_2&#8243; _builder_version=&#8221;4.18.0&#8243; _module_preset=&#8221;default&#8221; global_colors_info=&#8221;{}&#8221;][et_pb_text module_class=&#8221;clara-title&#8221; _builder_version=&#8221;4.27.4&#8243; _module_preset=&#8221;default&#8221; header_2_text_align=&#8221;center&#8221; header_2_font_size=&#8221;32px&#8221; custom_margin=&#8221;||50px||false|false&#8221; header_2_font_size_tablet=&#8221;42px&#8221; header_2_font_size_phone=&#8221;28px&#8221; header_2_font_size_last_edited=&#8221;on|phone&#8221; global_colors_info=&#8221;{}&#8221;]<\/p>\n<h2>Os treinadores:<\/h2>\n<p>[\/et_pb_text][et_pb_text _builder_version=&#8221;4.27.4&#8243; _module_preset=&#8221;default&#8221; custom_padding=&#8221;6px|||||&#8221; global_colors_info=&#8221;{}&#8221;]<\/p>\n<p>Este workshop ser\u00e1 ministrado por Susana da Silva e Maruja Armengol<\/p>\n<p>Susana \u00e9 Doutorada em Medicina, licenciando-se em 1995. Ap\u00f3s alguns anos de pr\u00e1tica cl\u00ednica, dedicou mais de 20 anos \u00e0 investiga\u00e7\u00e3o e desenvolvimento m\u00e9dico em empresas privadas. O seu interesse e paix\u00e3o pelas reviravoltas da psique humana, bem como pelas suas pr\u00f3prias experi\u00eancias de vida, atra\u00edram-no naturalmente para o s\u00edmbolo como ferramenta terap\u00eautica.<\/p>\n<p>Avan\u00e7ou para o estudo do Tarot de Marselha e da astrologia como ferramentas de conhecimento e questionamento pessoal. Utiliza estas duas ferramentas como suportes de apoio, trazendo ao consultor uma consci\u00eancia que lhe permitir\u00e1 separar o determinante do determinado e fazer escolhas de forma livre e aut\u00f3noma.<\/p>\n<p>Maruja, leitora de tarot, pratica o Tarot de Marselha h\u00e1 mais de 40 anos. Possui muitas outras ferramentas esot\u00e9ricas, como o Lenormand, o p\u00eandulo, que utiliza regularmente nas suas consultas de apoio e aconselhamento. A sua per\u00edcia e experi\u00eancia com as cartas do Tarot de Marselha e o seu simbolismo enriquecem a forma\u00e7\u00e3o, nomeadamente durante as sess\u00f5es de exerc\u00edcios e discuss\u00e3o.<\/p>\n<p>[\/et_pb_text][\/et_pb_column][et_pb_column type=&#8221;1_2&#8243; _builder_version=&#8221;4.18.0&#8243; _module_preset=&#8221;default&#8221; global_colors_info=&#8221;{}&#8221;][et_pb_text module_class=&#8221;clara-title&#8221; _builder_version=&#8221;4.27.4&#8243; _module_preset=&#8221;default&#8221; header_2_text_align=&#8221;center&#8221; header_2_font_size=&#8221;32px&#8221; custom_margin=&#8221;||50px||false|false&#8221; custom_padding=&#8221;2px|||||&#8221; header_2_font_size_tablet=&#8221;42px&#8221; header_2_font_size_phone=&#8221;28px&#8221; header_2_font_size_last_edited=&#8221;on|phone&#8221; global_colors_info=&#8221;{}&#8221;]<\/p>\n<h2>Pre\u00e7o: 550\u20ac<\/h2>\n<p>Este pre\u00e7o inclui:<\/p>\n<ul>\n<li>Tr\u00eas noites e quatro dias (quarto duplo ou triplo com casa de banho privativa), limpeza e lavandaria inclu\u00eddas<\/li>\n<li>Refei\u00e7\u00f5es: pequeno-almo\u00e7o, almo\u00e7o, coffee break (possibilidade de organiza\u00e7\u00e3o de jantar para o grupo mediante reserva e suplemento a combinar)<\/li>\n<li>Treinamento<\/li>\n<li>Acesso \u00e0 piscina, jardim e zona de bem-estar com sauna. Possibilidade de organizar massagem individual mediante pedido (informa\u00e7\u00f5es e pre\u00e7o sob consulta)<\/li>\n<\/ul>\n<p>Este pre\u00e7o n\u00e3o inclui:<\/p>\n<ul>\n<li>A viagem a Portugal<\/li>\n<li>Transporte do aeroporto at\u00e9 \u00e0 Casa d&#8217;Agrela (transporte pode ser providenciado mediante pedido). Recomenda-se alugar um carro se pretende deslocar-se na regi\u00e3o<\/li>\n<\/ul>\n<p>&nbsp;<\/p>\n<p>[\/et_pb_text][\/et_pb_column][\/et_pb_row][\/et_pb_section][et_pb_section fb_built=&#8221;1&#8243; _builder_version=&#8221;4.27.4&#8243; _module_preset=&#8221;default&#8221; background_color=&#8221;#f4f4f4&#8243; background_enable_image=&#8221;off&#8221; background_blend=&#8221;overlay&#8221; custom_padding=&#8221;66px|||||&#8221; hover_enabled=&#8221;0&#8243; locked=&#8221;off&#8221; global_colors_info=&#8221;{}&#8221; sticky_enabled=&#8221;0&#8243;][et_pb_row _builder_version=&#8221;4.27.4&#8243; _module_preset=&#8221;default&#8221; global_colors_info=&#8221;{}&#8221;][et_pb_column type=&#8221;4_4&#8243; _builder_version=&#8221;4.24.0&#8243; _module_preset=&#8221;default&#8221; global_colors_info=&#8221;{}&#8221;][et_pb_text _builder_version=&#8221;4.27.4&#8243; _module_preset=&#8221;default&#8221; text_text_color=&#8221;#333333&#8243; min_height=&#8221;111.4px&#8221; custom_margin=&#8221;0px||0px||false|false&#8221; custom_margin_tablet=&#8221;||30px||false|false&#8221; custom_margin_phone=&#8221;||30px||false|false&#8221; custom_margin_last_edited=&#8221;on|phone&#8221; custom_padding=&#8221;||0px|||&#8221; global_colors_info=&#8221;{}&#8221;]<\/p>\n<h3 style=\"text-align: center;\">Se desejar os detalhes completos deste workshop, pode:<\/h3>\n<p>[\/et_pb_text][\/et_pb_column][\/et_pb_row][et_pb_row column_structure=&#8221;1_2,1_2&#8243; _builder_version=&#8221;4.27.4&#8243; _module_preset=&#8221;default&#8221; width=&#8221;500px&#8221; width_tablet=&#8221;auto&#8221; width_phone=&#8221;auto&#8221; width_last_edited=&#8221;on|phone&#8221; custom_margin=&#8221;-100px||||false|false&#8221; global_colors_info=&#8221;{}&#8221;][et_pb_column type=&#8221;1_2&#8243; _builder_version=&#8221;4.27.4&#8243; _module_preset=&#8221;default&#8221; global_colors_info=&#8221;{}&#8221;][et_pb_button button_url=&#8221;\/wp-content\/uploads\/2025\/01\/Formation-Afife_SEPT2025.pdf&#8221; url_new_window=&#8221;on&#8221; button_text=&#8221;Descarregue o PDF&#8221; button_alignment=&#8221;center&#8221; _builder_version=&#8221;4.27.4&#8243; _module_preset=&#8221;default&#8221; custom_button=&#8221;on&#8221; button_text_size=&#8221;14px&#8221; button_text_color=&#8221;#FFFFFF&#8221; button_bg_color=&#8221;gcid-1b78aa34-1fc7-47b1-8c8b-84d89ef44e83&#8243; button_border_width=&#8221;0px&#8221; button_border_radius=&#8221;0px&#8221; button_use_icon=&#8221;off&#8221; custom_padding=&#8221;7px|20px|5px|20px|false|true&#8221; button_text_shadow_style=&#8221;preset3&#8243; button_text_shadow_horizontal_length=&#8221;0.03em&#8221; button_text_shadow_vertical_length=&#8221;0.03em&#8221; button_text_shadow_blur_strength=&#8221;0.05em&#8221; button_text_shadow_color=&#8221;rgba(0,0,0,0.2)&#8221; box_shadow_style=&#8221;preset1&#8243; box_shadow_blur=&#8221;25px&#8221; box_shadow_color=&#8221;rgba(0,0,0,0.2)&#8221; global_colors_info=&#8221;{%22gcid-1b78aa34-1fc7-47b1-8c8b-84d89ef44e83%22:%91%22button_bg_color%22,%22button_bg_color%22,%22button_bg_color%22%93,%22gcid-8dc34fe4-e8a4-4f59-95f0-49dd18bc1899%22:%91%22button_bg_color__hover%22%93}&#8221; button_bg_color__hover=&#8221;#32897e&#8221; button_bg_color__hover_enabled=&#8221;on|hover&#8221;][\/et_pb_button][\/et_pb_column][et_pb_column type=&#8221;1_2&#8243; _builder_version=&#8221;4.27.4&#8243; _module_preset=&#8221;default&#8221; global_colors_info=&#8221;{}&#8221;][et_pb_button button_url=&#8221;https:\/\/casadagrela.com\/pt-pt\/contact\/&#8221; button_text=&#8221;Entre em contacto&#8221; button_alignment=&#8221;center&#8221; _builder_version=&#8221;4.27.4&#8243; _module_preset=&#8221;default&#8221; custom_button=&#8221;on&#8221; button_text_size=&#8221;14px&#8221; button_text_color=&#8221;#FFFFFF&#8221; button_bg_color=&#8221;gcid-1b78aa34-1fc7-47b1-8c8b-84d89ef44e83&#8243; button_border_width=&#8221;0px&#8221; button_border_radius=&#8221;0px&#8221; button_use_icon=&#8221;off&#8221; custom_padding=&#8221;7px|20px|5px|20px|false|true&#8221; button_text_shadow_style=&#8221;preset3&#8243; button_text_shadow_horizontal_length=&#8221;0.03em&#8221; button_text_shadow_vertical_length=&#8221;0.03em&#8221; button_text_shadow_blur_strength=&#8221;0.05em&#8221; button_text_shadow_color=&#8221;rgba(0,0,0,0.2)&#8221; box_shadow_style=&#8221;preset1&#8243; box_shadow_blur=&#8221;25px&#8221; box_shadow_color=&#8221;rgba(0,0,0,0.2)&#8221; global_colors_info=&#8221;{%22gcid-1b78aa34-1fc7-47b1-8c8b-84d89ef44e83%22:%91%22button_bg_color%22,%22button_bg_color%22,%22button_bg_color%22%93,%22gcid-8dc34fe4-e8a4-4f59-95f0-49dd18bc1899%22:%91%22button_bg_color__hover%22%93}&#8221; button_bg_color__hover=&#8221;#32897e&#8221; button_bg_color__hover_enabled=&#8221;on|hover&#8221;][\/et_pb_button][\/et_pb_column][\/et_pb_row][\/et_pb_section][et_pb_section fb_built=&#8221;1&#8243; _builder_version=&#8221;4.24.0&#8243; _module_preset=&#8221;default&#8221; background_color=&#8221;gcid-77cac542-5d8b-49cc-a7ee-2a084150afcc&#8221; custom_padding=&#8221;25px||25px||true|false&#8221; locked=&#8221;off&#8221; global_colors_info=&#8221;{%22gcid-77cac542-5d8b-49cc-a7ee-2a084150afcc%22:%91%22background_color%22%93}&#8221;][et_pb_row column_structure=&#8221;1_4,1_2,1_4&#8243; _builder_version=&#8221;4.18.0&#8243; _module_preset=&#8221;default&#8221; max_width=&#8221;1400px&#8221; custom_margin=&#8221;0px||0px||true|false&#8221; global_colors_info=&#8221;{}&#8221;][et_pb_column type=&#8221;1_4&#8243; _builder_version=&#8221;4.18.0&#8243; _module_preset=&#8221;default&#8221; custom_padding=&#8221;30px||||false|false&#8221; global_colors_info=&#8221;{}&#8221;][et_pb_text _builder_version=&#8221;4.27.4&#8243; _module_preset=&#8221;default&#8221; link_font=&#8221;||||on||||&#8221; link_text_color=&#8221;#000000&#8243; global_colors_info=&#8221;{}&#8221;]<\/p>\n<p><strong>Links \u00fateis<\/strong><\/p>\n<p><a href=\"https:\/\/casadagrela.com\/pt-pt\/\" aria-current=\"page\">Home<\/a><br \/><a href=\"https:\/\/casadagrela.com\/pt-pt\/vacances\/\">F\u00e9rias<\/a><br \/><a href=\"https:\/\/casadagrela.com\/pt-pt\/retraites-et-formations\/\">Retiros e forma\u00e7\u00e3o<\/a><br \/><a href=\"https:\/\/casadagrela.com\/evenements\/\"><\/a><a href=\"https:\/\/casadagrela.com\/pt-pt\/evenements\/\">Eventos<\/a><br \/><a href=\"https:\/\/casadagrela.com\/pt-pt\/tarif\/\">Pre\u00e7os<\/a><br \/><a href=\"https:\/\/casadagrela.com\/pt-pt\/la-maison\/\">Casa<\/a><br \/><a href=\"https:\/\/casadagrela.com\/pt-pt\/contact\/\">Contacto<\/a><\/p>\n<p>[\/et_pb_text][\/et_pb_column][et_pb_column type=&#8221;1_2&#8243; _builder_version=&#8221;4.18.0&#8243; _module_preset=&#8221;default&#8221; global_colors_info=&#8221;{}&#8221;][et_pb_image src=&#8221;https:\/\/casadagrela.com\/wp-content\/uploads\/2024\/02\/logo-agrela.png&#8221; title_text=&#8221;logo agrela&#8221; align=&#8221;center&#8221; _builder_version=&#8221;4.24.0&#8243; _module_preset=&#8221;default&#8221; width=&#8221;175px&#8221; max_width=&#8221;175px&#8221; custom_margin=&#8221;||25px||false|false&#8221; global_colors_info=&#8221;{}&#8221;][\/et_pb_image][et_pb_text _builder_version=&#8221;4.27.4&#8243; _module_preset=&#8221;default&#8221; text_font=&#8221;||on||||||&#8221; text_text_color=&#8221;#4f4f4f&#8221; text_orientation=&#8221;center&#8221; module_alignment=&#8221;center&#8221; custom_margin=&#8221;||20px||false|false&#8221; global_colors_info=&#8221;{}&#8221;]<\/p>\n<p>Um cen\u00e1rio id\u00edlico para relaxar e aprender a viver melhor<\/p>\n<p>[\/et_pb_text][et_pb_social_media_follow _builder_version=&#8221;4.27.4&#8243; _module_preset=&#8221;default&#8221; text_orientation=&#8221;center&#8221; global_colors_info=&#8221;{}&#8221;][et_pb_social_media_follow_network social_network=&#8221;instagram&#8221; url=&#8221;https:\/\/www.instagram.com\/casadagrela\/&#8221; _builder_version=&#8221;4.27.4&#8243; _module_preset=&#8221;default&#8221; background_color=&#8221;#ea2c59&#8243; global_colors_info=&#8221;{}&#8221; follow_button=&#8221;off&#8221; url_new_window=&#8221;on&#8221;]instagram[\/et_pb_social_media_follow_network][\/et_pb_social_media_follow][\/et_pb_column][et_pb_column type=&#8221;1_4&#8243; _builder_version=&#8221;4.18.0&#8243; _module_preset=&#8221;default&#8221; custom_padding=&#8221;30px||||false|false&#8221; global_colors_info=&#8221;{}&#8221;][et_pb_text _builder_version=&#8221;4.27.4&#8243; _module_preset=&#8221;default&#8221; link_font=&#8221;||||on||||&#8221; link_text_color=&#8221;#000000&#8243; text_orientation=&#8221;right&#8221; text_orientation_tablet=&#8221;left&#8221; text_orientation_phone=&#8221;left&#8221; text_orientation_last_edited=&#8221;on|tablet&#8221; global_colors_info=&#8221;{}&#8221;]<\/p>\n<p><strong>Avisos legais<\/strong><\/p>\n<p><a href=\"https:\/\/casadagrela.com\/pt-pt\/confidentialite\/\">Condi\u00e7\u00f5es gerais de utiliza\u00e7\u00e3o e pol\u00edtica de privacidade<\/a><\/p>\n<p>&nbsp;<\/p>\n<p>[\/et_pb_text][\/et_pb_column][\/et_pb_row][\/et_pb_section][et_pb_section fb_built=&#8221;1&#8243; _builder_version=&#8221;4.18.0&#8243; _module_preset=&#8221;default&#8221; custom_padding=&#8221;0px||0px||true|false&#8221; locked=&#8221;off&#8221; global_colors_info=&#8221;{}&#8221;][et_pb_row column_structure=&#8221;1_6,1_6,1_6,1_6,1_6,1_6&#8243; use_custom_gutter=&#8221;on&#8221; gutter_width=&#8221;1&#8243; make_equal=&#8221;on&#8221; _builder_version=&#8221;4.18.0&#8243; _module_preset=&#8221;default&#8221; width=&#8221;100%&#8221; max_width=&#8221;100%&#8221; custom_padding=&#8221;0px||0px||true|false&#8221; global_colors_info=&#8221;{}&#8221;][et_pb_column type=&#8221;1_6&#8243; _builder_version=&#8221;4.18.0&#8243; _module_preset=&#8221;default&#8221; global_colors_info=&#8221;{}&#8221;][et_pb_image src=&#8221;https:\/\/casadagrela.com\/wp-content\/uploads\/2024\/12\/IMG_20231121_100507-scaled.jpg&#8221; title_text=&#8221;IMG_20231121_100507&#8243; _builder_version=&#8221;4.27.4&#8243; _module_preset=&#8221;default&#8221; global_colors_info=&#8221;{}&#8221;][\/et_pb_image][\/et_pb_column][et_pb_column type=&#8221;1_6&#8243; _builder_version=&#8221;4.18.0&#8243; _module_preset=&#8221;default&#8221; global_colors_info=&#8221;{}&#8221;][et_pb_image src=&#8221;https:\/\/casadagrela.com\/wp-content\/uploads\/2024\/12\/IMG-20241008-WA0010.jpg&#8221; title_text=&#8221;IMG-20241008-WA0010&#8243; _builder_version=&#8221;4.27.4&#8243; _module_preset=&#8221;default&#8221; global_colors_info=&#8221;{}&#8221;][\/et_pb_image][\/et_pb_column][et_pb_column type=&#8221;1_6&#8243; _builder_version=&#8221;4.18.0&#8243; _module_preset=&#8221;default&#8221; global_colors_info=&#8221;{}&#8221;][et_pb_image src=&#8221;https:\/\/casadagrela.com\/wp-content\/uploads\/2024\/12\/IMG-20241008-WA0015.jpg&#8221; title_text=&#8221;IMG-20241008-WA0015&#8243; _builder_version=&#8221;4.27.4&#8243; _module_preset=&#8221;default&#8221; global_colors_info=&#8221;{}&#8221;][\/et_pb_image][\/et_pb_column][et_pb_column type=&#8221;1_6&#8243; _builder_version=&#8221;4.18.0&#8243; _module_preset=&#8221;default&#8221; global_colors_info=&#8221;{}&#8221;][et_pb_image src=&#8221;https:\/\/casadagrela.com\/wp-content\/uploads\/2024\/12\/PHOTO-2024-11-30-14-21-32-8.jpg&#8221; title_text=&#8221;PHOTO-2024-11-30-14-21-32 (8)&#8221; _builder_version=&#8221;4.27.4&#8243; _module_preset=&#8221;default&#8221; global_colors_info=&#8221;{}&#8221;][\/et_pb_image][\/et_pb_column][et_pb_column type=&#8221;1_6&#8243; _builder_version=&#8221;4.18.0&#8243; _module_preset=&#8221;default&#8221; global_colors_info=&#8221;{}&#8221;][et_pb_image src=&#8221;https:\/\/casadagrela.com\/wp-content\/uploads\/2024\/12\/IMG-20241007-WA0010.jpg&#8221; title_text=&#8221;IMG-20241007-WA0010&#8243; _builder_version=&#8221;4.27.4&#8243; _module_preset=&#8221;default&#8221; global_colors_info=&#8221;{}&#8221;][\/et_pb_image][\/et_pb_column][et_pb_column type=&#8221;1_6&#8243; _builder_version=&#8221;4.18.0&#8243; _module_preset=&#8221;default&#8221; global_colors_info=&#8221;{}&#8221;][et_pb_image src=&#8221;https:\/\/casadagrela.com\/wp-content\/uploads\/2024\/12\/IMG_20240329_193149-scaled.jpg&#8221; title_text=&#8221;IMG_20240329_193149&#8243; _builder_version=&#8221;4.27.4&#8243; _module_preset=&#8221;default&#8221; global_colors_info=&#8221;{}&#8221;][\/et_pb_image][\/et_pb_column][\/et_pb_row][et_pb_row _builder_version=&#8221;4.18.0&#8243; _module_preset=&#8221;default&#8221; global_colors_info=&#8221;{}&#8221;][et_pb_column type=&#8221;4_4&#8243; _builder_version=&#8221;4.18.0&#8243; _module_preset=&#8221;default&#8221; global_colors_info=&#8221;{}&#8221;][et_pb_text _builder_version=&#8221;4.27.4&#8243; _module_preset=&#8221;default&#8221; text_orientation=&#8221;center&#8221; link_option_url_new_window=&#8221;on&#8221; global_colors_info=&#8221;{}&#8221;]<\/p>\n<p>Copyright 2025 |Site criado por <a href=\"https:\/\/pixel-jack.com\/\">pixel-jack.com<\/a><\/p>\n<p>[\/et_pb_text][\/et_pb_column][\/et_pb_row][\/et_pb_section]<\/p>\n","protected":false},"excerpt":{"rendered":"<p>TreinamentoA PEREGRINA\u00c7\u00c3O DA ALMA: Introdu\u00e7\u00e3o ao Tar\u00f4 de Marselha para uma melhor compreens\u00e3o pessoalDe 18 a 21\/09\/2025 &#8211; Em franc\u00easDescri\u00e7\u00e3oO QUE VAI DESCOBRIR? Atrav\u00e9s do estudo e compreens\u00e3o do simbolismo dos arqu\u00e9tipos dos arcanos maiores do Tarot de Marselha, este workshop convida-o a uma viagem inici\u00e1tica no caminho do conhecimento do seu ser encarnado.Saber onde [&hellip;]<\/p>\n","protected":false},"author":1,"featured_media":0,"parent":0,"menu_order":0,"comment_status":"closed","ping_status":"closed","template":"","meta":{"_et_pb_use_builder":"on","_et_pb_old_content":"","_et_gb_content_width":"","footnotes":""},"class_list":["post-100880","page","type-page","status-publish","hentry"],"_links":{"self":[{"href":"https:\/\/casadagrela.com\/pt-pt\/wp-json\/wp\/v2\/pages\/100880","targetHints":{"allow":["GET"]}}],"collection":[{"href":"https:\/\/casadagrela.com\/pt-pt\/wp-json\/wp\/v2\/pages"}],"about":[{"href":"https:\/\/casadagrela.com\/pt-pt\/wp-json\/wp\/v2\/types\/page"}],"author":[{"embeddable":true,"href":"https:\/\/casadagrela.com\/pt-pt\/wp-json\/wp\/v2\/users\/1"}],"replies":[{"embeddable":true,"href":"https:\/\/casadagrela.com\/pt-pt\/wp-json\/wp\/v2\/comments?post=100880"}],"version-history":[{"count":5,"href":"https:\/\/casadagrela.com\/pt-pt\/wp-json\/wp\/v2\/pages\/100880\/revisions"}],"predecessor-version":[{"id":101383,"href":"https:\/\/casadagrela.com\/pt-pt\/wp-json\/wp\/v2\/pages\/100880\/revisions\/101383"}],"wp:attachment":[{"href":"https:\/\/casadagrela.com\/pt-pt\/wp-json\/wp\/v2\/media?parent=100880"}],"curies":[{"name":"wp","href":"https:\/\/api.w.org\/{rel}","templated":true}]}}